{"id":743786,"date":"2025-08-28T01:42:30","date_gmt":"2025-08-27T22:42:30","guid":{"rendered":"https:\/\/roveyayinevi.com.tr\/index.php\/urun\/masalci-2\/"},"modified":"2026-04-16T02:55:31","modified_gmt":"2026-04-15T23:55:31","slug":"masalci-2","status":"publish","type":"product","link":"https:\/\/roveyayinevi.com.tr\/index.php\/urun\/masalci-2\/","title":{"rendered":"Masalc\u0131 2"},"content":{"rendered":"<p>Baz\u0131 b\u00fcy\u00fck s\u0131rlar, ancak iyi bir masal\u0131n i\u00e7indeyken a\u00e7\u0131\u011fa \u00e7\u0131kabilir.   Masal\u0131n i\u00e7inde ge\u00e7mi\u015f ya da gelecek yoktur. Sen baban\u0131n be\u015fi\u011fini t\u0131ng\u0131r m\u0131ng\u0131r sallarken ge\u00e7mi\u015f ve gelecek ayn\u0131 An\u2019da \u015fekillenir. Kendisi de bir masal olan \u0130stanbul\u2019da An\u2019lar i\u00e7inde ger\u00e7ekle\u015fen bu masal, saf hakikattir. Orta\u00e7a\u011fda alevlenen bir a\u015fk hik\u00e2yesi kutsal emanetlerin pe\u015findeki \u015f\u00f6valyelerin d\u00fcnyas\u0131na s\u0131zarsa neler olur? Bir a\u015fk, gelece\u011fin ve ge\u00e7mi\u015fin kaderine tesir edebilir mi? Ayn\u0131 a\u015fk her \u00e7a\u011fda yeniden do\u011fabilir mi? Bu Masal\u2019\u0131 okurken b\u00fcy\u00fcl\u00fc \u0130stanbul\u2019un uzak ve yak\u0131n ge\u00e7mi\u015finde saklanan s\u0131rlar\u0131n\u0131 \u00f6\u011frenecek, \u00fcstelik tarihin bize anlat\u0131ld\u0131\u011f\u0131ndan \u00e7ok farkl\u0131 oldu\u011funu da anlayacaks\u0131n. \u00d6\u011frendiklerinden sonra art\u0131k hi\u00e7bir \u015fey senin i\u00e7in de eskisi gibi olmayacak. \u00c7\u00fcnk\u00fc bundan b\u00f6yle kendi masal\u0131n\u0131 yazabiliyor olacaks\u0131n. <\/p>\n","protected":false},"excerpt":{"rendered":"<p>Baz\u0131 b\u00fcy\u00fck s\u0131rlar, ancak iyi bir masal\u0131n i\u00e7indeyken a\u00e7\u0131\u011fa \u00e7\u0131kabilir. Masal\u0131n i\u00e7inde ge\u00e7mi\u015f ya da gelecek yoktur. Sen baban\u0131n be\u015fi\u011fini t\u0131ng\u0131r m\u0131ng\u0131r sallarken ge\u00e7mi\u015f ve gelecek<span class=\"excerpt-hellip\"> [\u2026]<\/span><\/p>\n","protected":false},"featured_media":0,"template":"","meta":{"_monsterinsights_skip_tracking":false,"_monsterinsights_sitenote_active":false,"_monsterinsights_sitenote_note":"","_monsterinsights_sitenote_category":0},"product_brand":[],"product_cat":[12291,13706],"product_tag":[],"class_list":{"0":"post-743786","1":"product","2":"type-product","3":"status-publish","5":"product_cat-edebiyat","6":"product_cat-efsane-destan-masal","7":"pa_cilt-ciltsiz","8":"pa_tur-kitap","9":"pa_yayinevi-destek-yayinlari","10":"pa_yazar-erhan-altunay","12":"first","13":"instock","14":"sale","15":"shipping-taxable","16":"purchasable","17":"product-type-simple"},"_links":{"self":[{"href":"https:\/\/roveyayinevi.com.tr\/index.php\/wp-json\/wp\/v2\/product\/743786","targetHints":{"allow":["GET"]}}],"collection":[{"href":"https:\/\/roveyayinevi.com.tr\/index.php\/wp-json\/wp\/v2\/product"}],"about":[{"href":"https:\/\/roveyayinevi.com.tr\/index.php\/wp-json\/wp\/v2\/types\/product"}],"wp:attachment":[{"href":"https:\/\/roveyayinevi.com.tr\/index.php\/wp-json\/wp\/v2\/media?parent=743786"}],"wp:term":[{"taxonomy":"product_brand","embeddable":true,"href":"https:\/\/roveyayinevi.com.tr\/index.php\/wp-json\/wp\/v2\/product_brand?post=743786"},{"taxonomy":"product_cat","embeddable":true,"href":"https:\/\/roveyayinevi.com.tr\/index.php\/wp-json\/wp\/v2\/product_cat?post=743786"},{"taxonomy":"product_tag","embeddable":true,"href":"https:\/\/roveyayinevi.com.tr\/index.php\/wp-json\/wp\/v2\/product_tag?post=743786"}],"curies":[{"name":"wp","href":"https:\/\/api.w.org\/{rel}","templated":true}]}}