{"id":743783,"date":"2025-08-28T01:42:27","date_gmt":"2025-08-27T22:42:27","guid":{"rendered":"https:\/\/roveyayinevi.com.tr\/index.php\/urun\/dogum-gununuz-kutlu-olsun-kralicemiz\/"},"modified":"2026-04-16T02:55:30","modified_gmt":"2026-04-15T23:55:30","slug":"dogum-gununuz-kutlu-olsun-kralicemiz","status":"publish","type":"product","link":"https:\/\/roveyayinevi.com.tr\/index.php\/urun\/dogum-gununuz-kutlu-olsun-kralicemiz\/","title":{"rendered":"Do\u011fum G\u00fcn\u00fcn\u00fcz Kutlu Olsun Krali\u00e7emiz!"},"content":{"rendered":"<p>Kitap Tan\u0131t\u0131m Yaz\u0131s\u0131: Bir, iki, \u00fc\u00e7\u2026 Prensesler- 8 Do\u011fum G\u00fcn\u00fcn\u00fcz Kutlu Olsun Krali\u00e7emiz! Ye\u015fim, Leyla ve Manolya, kek yapmay\u0131 beceremiyorlar.  Bunun \u00fczerine Prensesler Krall\u0131\u011f\u0131\u2019na gidip Bayan \u015ei\u015fkinhamur\u2019dan tavsiye almaya  karar veriyorlar. Fakat Bayan \u015ei\u015fkinhamur\u2019un kolu k\u0131r\u0131lm\u0131\u015f. Hatta bu y\u00fczden krali\u00e7enin  do\u011fum g\u00fcn\u00fc pastas\u0131n\u0131 yapamam\u0131\u015f. Acaba krali\u00e7enin pastas\u0131n\u0131 kimler haz\u0131rlayabilir?  (Arka kapak yaz\u0131s\u0131)<\/p>\n","protected":false},"excerpt":{"rendered":"<p>Kitap Tan\u0131t\u0131m Yaz\u0131s\u0131: Bir, iki, \u00fc\u00e7\u2026 Prensesler- 8 Do\u011fum G\u00fcn\u00fcn\u00fcz Kutlu Olsun Krali\u00e7emiz! Ye\u015fim, Leyla ve Manolya, kek yapmay\u0131 beceremiyorlar. Bunun \u00fczerine Prensesler Krall\u0131\u011f\u0131\u2019na gidip Bayan<span class=\"excerpt-hellip\"> [\u2026]<\/span><\/p>\n","protected":false},"featured_media":0,"template":"","meta":{"_monsterinsights_skip_tracking":false,"_monsterinsights_sitenote_active":false,"_monsterinsights_sitenote_note":"","_monsterinsights_sitenote_category":0},"product_brand":[],"product_cat":[12274,12523],"product_tag":[],"class_list":{"0":"post-743783","1":"product","2":"type-product","3":"status-publish","5":"product_cat-cocuk-ve-genclik-kitaplari","6":"product_cat-masallar","7":"pa_cilt-ciltsiz","8":"pa_tur-kitap","9":"pa_yayinevi-beyaz-balina-yayinlari","10":"pa_yazar-geraldine-collet-line-paquet","12":"first","13":"instock","14":"sale","15":"shipping-taxable","16":"purchasable","17":"product-type-simple"},"_links":{"self":[{"href":"https:\/\/roveyayinevi.com.tr\/index.php\/wp-json\/wp\/v2\/product\/743783","targetHints":{"allow":["GET"]}}],"collection":[{"href":"https:\/\/roveyayinevi.com.tr\/index.php\/wp-json\/wp\/v2\/product"}],"about":[{"href":"https:\/\/roveyayinevi.com.tr\/index.php\/wp-json\/wp\/v2\/types\/product"}],"wp:attachment":[{"href":"https:\/\/roveyayinevi.com.tr\/index.php\/wp-json\/wp\/v2\/media?parent=743783"}],"wp:term":[{"taxonomy":"product_brand","embeddable":true,"href":"https:\/\/roveyayinevi.com.tr\/index.php\/wp-json\/wp\/v2\/product_brand?post=743783"},{"taxonomy":"product_cat","embeddable":true,"href":"https:\/\/roveyayinevi.com.tr\/index.php\/wp-json\/wp\/v2\/product_cat?post=743783"},{"taxonomy":"product_tag","embeddable":true,"href":"https:\/\/roveyayinevi.com.tr\/index.php\/wp-json\/wp\/v2\/product_tag?post=743783"}],"curies":[{"name":"wp","href":"https:\/\/api.w.org\/{rel}","templated":true}]}}