{"id":743780,"date":"2025-08-28T01:42:22","date_gmt":"2025-08-27T22:42:22","guid":{"rendered":"https:\/\/roveyayinevi.com.tr\/index.php\/urun\/malta-gezgini\/"},"modified":"2025-12-30T10:57:56","modified_gmt":"2025-12-30T07:57:56","slug":"malta-gezgini","status":"publish","type":"product","link":"https:\/\/roveyayinevi.com.tr\/index.php\/urun\/malta-gezgini\/","title":{"rendered":"Malta Gezgini"},"content":{"rendered":"<p>Meydanc\u0131 H&#8230;&#8217;nin demli \u00e7ay\u0131n\u0131 b\u00fcy\u00fck kupa barda\u011fa doldurup avluda yudumlarken yine g\u00f6ky\u00fcz\u00fcnde bulutlara dalm\u0131\u015ft\u0131m. &#8220;Olmamam gereken yerdeyim&#8221; dedi\u011fimde, avlu duvar\u0131n\u0131n \u00fczerine \u00e7evrili dikenli tellerde bir karga ili\u015fti g\u00f6z\u00fcme. Uzun kuyruklu, kapkara gagas\u0131 da en az kuyru\u011fu kadar uzun bir kargayd\u0131. Telin \u00fczerine konmu\u015f, etraf\u0131 izliyordu. Sanki avluda volta atan mahk\u00fbmlardayd\u0131 g\u00f6z\u00fc. Yirmi g\u00fcnd\u00fcr ilk kez farkl\u0131 bir canl\u0131 g\u00f6r\u00fcyordum. Bir karga bir umut, bir hayat, bir de\u011fi\u015fimdi \u00e2deta. Evet, tam 20 g\u00fcn olmu\u015ftu, demir parmakl\u0131klar ard\u0131na gireli. Dokuz metre beton ya\u015fam alan\u0131m, o alan i\u00e7inde kalanlar ise gece g\u00fcnd\u00fcz g\u00f6rd\u00fc\u011f\u00fcm tek canl\u0131yd\u0131lar. \u0130\u015fte o y\u00fczden o karga bir sevin\u00e7 yaym\u0131\u015ft\u0131 i\u00e7ime. M.&#8217;ye seslendim. Avlu giri\u015finde oturmu\u015f \u00e7ay i\u00e7en M. ba\u015f\u0131n\u0131 bana do\u011fru \u00e7evirdi\u011finde: &#8211; Gel M. Efendi gel. Bak, tellerde bir karga var. Gel, gel&#8230; M. de heyecanland\u0131. Bir elinde \u00e7ay barda\u011f\u0131, bir elinde sigaras\u0131 ko\u015far ad\u0131mlarla girdi avluya. Bakt\u0131\u011f\u0131m y\u00f6ne bakt\u0131, dikenli tellerin \u00fczerindeki kargay\u0131 g\u00f6rmek ba\u015fka bir duyguydu. Bir karga bile mutlu etmi\u015fti bizi. Bir s\u00fcre sonra karga \u00f6zg\u00fcrl\u00fc\u011fe kanat \u00e7\u0131rp\u0131p g\u00f6zden kayboldu\u011funda, bizler avluda kaderimizle ba\u015f ba\u015fayd\u0131k. Kargan\u0131n u\u00e7tu\u011fu \u00f6zg\u00fcrl\u00fck bize ne kadar yak\u0131nd\u0131, bilemeden voltam\u0131za devam ediyorduk. <\/p>\n","protected":false},"excerpt":{"rendered":"<p>Meydanc\u0131 H&#8230;&#8217;nin demli \u00e7ay\u0131n\u0131 b\u00fcy\u00fck kupa barda\u011fa doldurup avluda yudumlarken yine g\u00f6ky\u00fcz\u00fcnde bulutlara dalm\u0131\u015ft\u0131m. &#8220;Olmamam gereken yerdeyim&#8221; dedi\u011fimde, avlu duvar\u0131n\u0131n \u00fczerine \u00e7evrili dikenli tellerde bir karga<span class=\"excerpt-hellip\"> [\u2026]<\/span><\/p>\n","protected":false},"featured_media":0,"template":"","meta":{"_monsterinsights_skip_tracking":false,"_monsterinsights_sitenote_active":false,"_monsterinsights_sitenote_note":"","_monsterinsights_sitenote_category":0},"product_brand":[],"product_cat":[12291,12711],"product_tag":[],"class_list":{"0":"post-743780","1":"product","2":"type-product","3":"status-publish","5":"product_cat-edebiyat","6":"product_cat-roman-oyku","7":"pa_cilt-ciltsiz","8":"pa_tur-kitap","9":"pa_yayinevi-karina-yayinevi","10":"pa_yazar-ercan-saricam","12":"first","13":"instock","14":"sale","15":"shipping-taxable","16":"purchasable","17":"product-type-simple"},"_links":{"self":[{"href":"https:\/\/roveyayinevi.com.tr\/index.php\/wp-json\/wp\/v2\/product\/743780","targetHints":{"allow":["GET"]}}],"collection":[{"href":"https:\/\/roveyayinevi.com.tr\/index.php\/wp-json\/wp\/v2\/product"}],"about":[{"href":"https:\/\/roveyayinevi.com.tr\/index.php\/wp-json\/wp\/v2\/types\/product"}],"wp:attachment":[{"href":"https:\/\/roveyayinevi.com.tr\/index.php\/wp-json\/wp\/v2\/media?parent=743780"}],"wp:term":[{"taxonomy":"product_brand","embeddable":true,"href":"https:\/\/roveyayinevi.com.tr\/index.php\/wp-json\/wp\/v2\/product_brand?post=743780"},{"taxonomy":"product_cat","embeddable":true,"href":"https:\/\/roveyayinevi.com.tr\/index.php\/wp-json\/wp\/v2\/product_cat?post=743780"},{"taxonomy":"product_tag","embeddable":true,"href":"https:\/\/roveyayinevi.com.tr\/index.php\/wp-json\/wp\/v2\/product_tag?post=743780"}],"curies":[{"name":"wp","href":"https:\/\/api.w.org\/{rel}","templated":true}]}}