{"id":743778,"date":"2025-08-28T01:42:19","date_gmt":"2025-08-27T22:42:19","guid":{"rendered":"https:\/\/roveyayinevi.com.tr\/index.php\/urun\/halepten-antepe\/"},"modified":"2026-04-16T02:55:30","modified_gmt":"2026-04-15T23:55:30","slug":"halepten-antepe","status":"publish","type":"product","link":"https:\/\/roveyayinevi.com.tr\/index.php\/urun\/halepten-antepe\/","title":{"rendered":"Halep\u2019ten Antep\u2019e"},"content":{"rendered":"<p>&#8220;Suriye&#8217;nin Halep \u015fehrinde baba evinde, annesi, babas\u0131, e\u015fi ve k\u0131z\u0131 Ayet&#8217;le mutlu bir hayat s\u00fcren Muhammet ve ailesinin ya\u015fam\u0131 2011 y\u0131l\u0131nda ba\u015flayan ve t\u00fcm \u00fclkeyi etkileyen i\u00e7 sava\u015fla de\u011fi\u015fmi\u015fti.Bu sava\u015f s\u0131ras\u0131nda halk\u0131n demokratik isteklerine s\u0131rt \u00e7evirip despot rejimini devam ettiren Be\u015far Esad yan\u0131na \u00e7ekti\u011fi Rus ve \u0130ran g\u00fc\u00e7leriyle beraber mazlum Suriye halk\u0131n\u0131n \u00fczerine kanl\u0131 bir k\u00e2bus gibi \u00e7\u00f6km\u00fc\u015ft\u00fcr.Can pazar\u0131na d\u00f6nen \u00fclkede \u00f6l\u00fcm, korku, i\u015fkence, tecav\u00fcz ve soygun kol gezerken Muhammet ve ailesi de bundan nasibini al\u0131yordu.\u00d6nce k\u00fc\u00e7\u00fck karde\u015f R\u0131fat&#8217;\u0131n Muhalif sava\u015f\u00e7\u0131lara kat\u0131lmas\u0131 ve bundan dolay\u0131 babas\u0131yla \u00fc\u00e7 g\u00fcn rejimin eziyetlerine maruz kalmalar\u0131, daha sonra Mahmut abisi, han\u0131m\u0131 ve bir \u00e7ocu\u011funu varil bombas\u0131yla kaybetmeleri art\u0131k &#8216;b\u0131\u00e7a\u011f\u0131n kemi\u011fe dayand\u0131\u011f\u0131&#8217; yerdi.A\u00e7l\u0131\u011f\u0131n, susuzlu\u011fun, korku ve \u00f6l\u00fcm\u00fcn hakim oldu\u011fu, harabeye d\u00f6nen, sevdikleri Halep&#8217;ten ka\u00e7maktan ba\u015fka \u00e7areleri kalmam\u0131\u015ft\u0131.\u0130\u015fte bu kitap;Halepli Muhammed ve ailesinin do\u011fup b\u00fcy\u00fcd\u00fckleri huzur ortam\u0131nda ya\u015fad\u0131klar\u0131 ama Suriye&#8217;deki despot rejimin uygulad\u0131\u011f\u0131 vah\u015fet sebebiyle sevgili vatanlar\u0131n\u0131 terk edip korku ve bilinmeyene do\u011fru yapt\u0131klar\u0131 zoraki bir g\u00f6\u00e7\u00fcn hik\u00e2yesidir&#8221;.<\/p>\n","protected":false},"excerpt":{"rendered":"<p>&#8220;Suriye&#8217;nin Halep \u015fehrinde baba evinde, annesi, babas\u0131, e\u015fi ve k\u0131z\u0131 Ayet&#8217;le mutlu bir hayat s\u00fcren Muhammet ve ailesinin ya\u015fam\u0131 2011 y\u0131l\u0131nda ba\u015flayan ve t\u00fcm \u00fclkeyi etkileyen<span class=\"excerpt-hellip\"> [\u2026]<\/span><\/p>\n","protected":false},"featured_media":0,"template":"","meta":{"_monsterinsights_skip_tracking":false,"_monsterinsights_sitenote_active":false,"_monsterinsights_sitenote_note":"","_monsterinsights_sitenote_category":0},"product_brand":[],"product_cat":[12291,12711],"product_tag":[],"class_list":{"0":"post-743778","1":"product","2":"type-product","3":"status-publish","5":"product_cat-edebiyat","6":"product_cat-roman-oyku","7":"pa_cilt-ciltsiz","8":"pa_tur-kitap","9":"pa_yayinevi-karina-yayinevi","10":"pa_yazar-mehmet-konuk","12":"first","13":"instock","14":"sale","15":"shipping-taxable","16":"purchasable","17":"product-type-simple"},"_links":{"self":[{"href":"https:\/\/roveyayinevi.com.tr\/index.php\/wp-json\/wp\/v2\/product\/743778","targetHints":{"allow":["GET"]}}],"collection":[{"href":"https:\/\/roveyayinevi.com.tr\/index.php\/wp-json\/wp\/v2\/product"}],"about":[{"href":"https:\/\/roveyayinevi.com.tr\/index.php\/wp-json\/wp\/v2\/types\/product"}],"wp:attachment":[{"href":"https:\/\/roveyayinevi.com.tr\/index.php\/wp-json\/wp\/v2\/media?parent=743778"}],"wp:term":[{"taxonomy":"product_brand","embeddable":true,"href":"https:\/\/roveyayinevi.com.tr\/index.php\/wp-json\/wp\/v2\/product_brand?post=743778"},{"taxonomy":"product_cat","embeddable":true,"href":"https:\/\/roveyayinevi.com.tr\/index.php\/wp-json\/wp\/v2\/product_cat?post=743778"},{"taxonomy":"product_tag","embeddable":true,"href":"https:\/\/roveyayinevi.com.tr\/index.php\/wp-json\/wp\/v2\/product_tag?post=743778"}],"curies":[{"name":"wp","href":"https:\/\/api.w.org\/{rel}","templated":true}]}}