{"id":743777,"date":"2025-08-28T01:42:18","date_gmt":"2025-08-27T22:42:18","guid":{"rendered":"https:\/\/roveyayinevi.com.tr\/index.php\/urun\/gorus-devrimi\/"},"modified":"2025-11-21T08:21:27","modified_gmt":"2025-11-21T05:21:27","slug":"gorus-devrimi","status":"publish","type":"product","link":"https:\/\/roveyayinevi.com.tr\/index.php\/urun\/gorus-devrimi\/","title":{"rendered":"G\u00f6r\u00fc\u015f Devrimi"},"content":{"rendered":"<p>G\u00f6rme Yetimizle \u0130lgili Bildi\u011fimiz Her \u015eey Yetilerimiz, do\u011fada ya\u015fam\u0131m\u0131z\u0131 s\u00fcrd\u00fcrmemizi ve \u00fcrememizi sa\u011flamak i\u00e7in milyonlarca y\u0131l i\u00e7erisinde evrimle\u015fmi\u015ftir ve dolay\u0131s\u0131yla, t\u0131pk\u0131 k\u00e2\u011f\u0131d\u0131n ne oldu\u011funu bilmeden ka\u011f\u0131t z\u0131mbas\u0131n\u0131 anlayamayaca\u011f\u0131m\u0131z gibi, kendisi i\u00e7in evrimle\u015ftikleri \u00e7evreyi bilmeden onlar\u0131 anlayamay\u0131z.  Fizyolojimiz X-\u0131\u015f\u0131nlar\u0131n\u0131 bile g\u00f6rebilir, ancak bilincimiz bunu bir kenara atar. Di\u011fer bir deyi\u015fle \u201cs\u00fcperg\u00fc\u00e7lerimiz var ama fark\u0131nda de\u011filiz,\u201d diyor yazar. Bu kitab\u0131n as\u0131l amac\u0131 \u201cneden\u201d sorular\u0131n\u0131 yan\u0131tlamak: Neden renkli g\u00f6r\u00fcyoruz? Neden g\u00f6zlerimiz \u00f6nde? Neden yan\u0131lsamalar g\u00f6r\u00fcyoruz? Neden harflerin \u015fekilleri b\u00f6yle? \u201cHem \u00e7arp\u0131c\u0131 hem e\u011flenceli; g\u00f6rme \u00fczerine okudu\u011fum en \u00f6zg\u00fcn yap\u0131t.\u201d\u2013Stanislas Dehaene, \u201cChangizi\u2019nin G\u00f6r\u00fc\u015f Devrimi, insan beynini anlamam\u0131za b\u00fcy\u00fck etkileri olabilecek \u00f6zg\u00fcn fikirlerini \u00f6zetliyor.\u201d\u2013The Wall Street Journal \u201cChangizi, kitab\u0131 boyunca a\u00e7\u0131klamalar\u0131n\u0131, anla\u015f\u0131lmalar\u0131n\u0131 kolayla\u015ft\u0131racak basit ve etkileyici g\u00f6rme deneyleriyle s\u00fcsl\u00fcyor ve ger\u00e7ekten k\u00f6kten farkl\u0131 fikirler ortaya koyuyor olsa da savlar\u0131n\u0131 aralar\u0131nda sinirbilim, evrimsel biyoloji, t\u0131p ve dilbilim gibi bir\u00e7ok disiplinden ald\u0131\u011f\u0131 kan\u0131tlarla destekliyor.\u201d\u2013Scientific American Mind<\/p>\n","protected":false},"excerpt":{"rendered":"<p>G\u00f6rme Yetimizle \u0130lgili Bildi\u011fimiz Her \u015eey Yetilerimiz, do\u011fada ya\u015fam\u0131m\u0131z\u0131 s\u00fcrd\u00fcrmemizi ve \u00fcrememizi sa\u011flamak i\u00e7in milyonlarca y\u0131l i\u00e7erisinde evrimle\u015fmi\u015ftir ve dolay\u0131s\u0131yla, t\u0131pk\u0131 k\u00e2\u011f\u0131d\u0131n ne oldu\u011funu bilmeden ka\u011f\u0131t<span class=\"excerpt-hellip\"> [\u2026]<\/span><\/p>\n","protected":false},"featured_media":0,"template":"","meta":{"_monsterinsights_skip_tracking":false,"_monsterinsights_sitenote_active":false,"_monsterinsights_sitenote_note":"","_monsterinsights_sitenote_category":0},"product_brand":[],"product_cat":[13633,12324],"product_tag":[],"class_list":{"0":"post-743777","1":"product","2":"type-product","3":"status-publish","5":"product_cat-kultur-ve-bilim","6":"product_cat-sosyoloji","7":"pa_cilt-ciltsiz","8":"pa_tur-kitap","9":"pa_yayinevi-alfa-yayinlari","10":"pa_yazar-mark-changizi","12":"first","13":"instock","14":"sale","15":"shipping-taxable","16":"purchasable","17":"product-type-simple"},"_links":{"self":[{"href":"https:\/\/roveyayinevi.com.tr\/index.php\/wp-json\/wp\/v2\/product\/743777","targetHints":{"allow":["GET"]}}],"collection":[{"href":"https:\/\/roveyayinevi.com.tr\/index.php\/wp-json\/wp\/v2\/product"}],"about":[{"href":"https:\/\/roveyayinevi.com.tr\/index.php\/wp-json\/wp\/v2\/types\/product"}],"wp:attachment":[{"href":"https:\/\/roveyayinevi.com.tr\/index.php\/wp-json\/wp\/v2\/media?parent=743777"}],"wp:term":[{"taxonomy":"product_brand","embeddable":true,"href":"https:\/\/roveyayinevi.com.tr\/index.php\/wp-json\/wp\/v2\/product_brand?post=743777"},{"taxonomy":"product_cat","embeddable":true,"href":"https:\/\/roveyayinevi.com.tr\/index.php\/wp-json\/wp\/v2\/product_cat?post=743777"},{"taxonomy":"product_tag","embeddable":true,"href":"https:\/\/roveyayinevi.com.tr\/index.php\/wp-json\/wp\/v2\/product_tag?post=743777"}],"curies":[{"name":"wp","href":"https:\/\/api.w.org\/{rel}","templated":true}]}}