{"id":743773,"date":"2025-08-28T01:42:15","date_gmt":"2025-08-27T22:42:15","guid":{"rendered":"https:\/\/roveyayinevi.com.tr\/index.php\/urun\/siyasi-ve-ekonomik-boyutlariyla-azerbaycan-avrupa-birligi-iliskileri\/"},"modified":"2026-04-16T02:55:30","modified_gmt":"2026-04-15T23:55:30","slug":"siyasi-ve-ekonomik-boyutlariyla-azerbaycan-avrupa-birligi-iliskileri","status":"publish","type":"product","link":"https:\/\/roveyayinevi.com.tr\/index.php\/urun\/siyasi-ve-ekonomik-boyutlariyla-azerbaycan-avrupa-birligi-iliskileri\/","title":{"rendered":"Siyasi ve Ekonomik Boyutlar\u0131yla Azerbaycan &#8211; Avrupa Birli\u011fi \u0130li\u015fkileri"},"content":{"rendered":"<p>S\u0130YAS\u0130 VE EKONOM\u0130K BOYUTLARIYLA AZERBAYCAN &#8211; AVRUPA B\u0130RL\u0130\u011e\u0130 \u0130L\u0130\u015eK\u0130LER\u0130 Tan\u0131t\u0131m Metni:<\/p>\n","protected":false},"excerpt":{"rendered":"<p>S\u0130YAS\u0130 VE EKONOM\u0130K BOYUTLARIYLA AZERBAYCAN &#8211; AVRUPA B\u0130RL\u0130\u011e\u0130 \u0130L\u0130\u015eK\u0130LER\u0130 Tan\u0131t\u0131m Metni:<\/p>\n","protected":false},"featured_media":0,"template":"","meta":{"_monsterinsights_skip_tracking":false,"_monsterinsights_sitenote_active":false,"_monsterinsights_sitenote_note":"","_monsterinsights_sitenote_category":0},"product_brand":[],"product_cat":[13059,12337],"product_tag":[],"class_list":{"0":"post-743773","1":"product","2":"type-product","3":"status-publish","5":"product_cat-diger-politika-siyaset","6":"product_cat-politika-siyaset","7":"pa_cilt-ciltsiz","8":"pa_tur-kitap","9":"pa_yayinevi-soncag-akademik-kitaplar","10":"pa_yazar-halit-hamzaoglu","12":"first","13":"instock","14":"sale","15":"shipping-taxable","16":"purchasable","17":"product-type-simple"},"_links":{"self":[{"href":"https:\/\/roveyayinevi.com.tr\/index.php\/wp-json\/wp\/v2\/product\/743773","targetHints":{"allow":["GET"]}}],"collection":[{"href":"https:\/\/roveyayinevi.com.tr\/index.php\/wp-json\/wp\/v2\/product"}],"about":[{"href":"https:\/\/roveyayinevi.com.tr\/index.php\/wp-json\/wp\/v2\/types\/product"}],"wp:attachment":[{"href":"https:\/\/roveyayinevi.com.tr\/index.php\/wp-json\/wp\/v2\/media?parent=743773"}],"wp:term":[{"taxonomy":"product_brand","embeddable":true,"href":"https:\/\/roveyayinevi.com.tr\/index.php\/wp-json\/wp\/v2\/product_brand?post=743773"},{"taxonomy":"product_cat","embeddable":true,"href":"https:\/\/roveyayinevi.com.tr\/index.php\/wp-json\/wp\/v2\/product_cat?post=743773"},{"taxonomy":"product_tag","embeddable":true,"href":"https:\/\/roveyayinevi.com.tr\/index.php\/wp-json\/wp\/v2\/product_tag?post=743773"}],"curies":[{"name":"wp","href":"https:\/\/api.w.org\/{rel}","templated":true}]}}