{"id":743772,"date":"2025-08-28T01:42:13","date_gmt":"2025-08-27T22:42:13","guid":{"rendered":"https:\/\/roveyayinevi.com.tr\/index.php\/urun\/dinozor-didi-iyilesiyor\/"},"modified":"2026-04-16T02:55:30","modified_gmt":"2026-04-15T23:55:30","slug":"dinozor-didi-iyilesiyor","status":"publish","type":"product","link":"https:\/\/roveyayinevi.com.tr\/index.php\/urun\/dinozor-didi-iyilesiyor\/","title":{"rendered":"Dinozor Didi \u0130yile\u015fiyor"},"content":{"rendered":"<p>Dinozor Didi, oynarken d\u00fc\u015ft\u00fc. Kuyru\u011funu incitti. Di\u011ferleri, Didi\u2019nin dikkatsiz oldu\u011funu d\u00fc\u015f\u00fcn\u00fcyor. Ama b\u00f6yle \u015feyler herkesin ba\u015f\u0131na gelebilir! Dinozor Didi kitaplar\u0131, k\u0131sa c\u00fcmleleri ve yal\u0131n anlat\u0131m\u0131yla, okuma yolculu\u011funun ba\u015f\u0131ndaki \u00e7ocuklar i\u00e7in haz\u0131rland\u0131. <\/p>\n","protected":false},"excerpt":{"rendered":"<p>Dinozor Didi, oynarken d\u00fc\u015ft\u00fc. Kuyru\u011funu incitti. Di\u011ferleri, Didi\u2019nin dikkatsiz oldu\u011funu d\u00fc\u015f\u00fcn\u00fcyor. Ama b\u00f6yle \u015feyler herkesin ba\u015f\u0131na gelebilir! Dinozor Didi kitaplar\u0131, k\u0131sa c\u00fcmleleri ve yal\u0131n anlat\u0131m\u0131yla, okuma<span class=\"excerpt-hellip\"> [\u2026]<\/span><\/p>\n","protected":false},"featured_media":0,"template":"","meta":{"_monsterinsights_skip_tracking":false,"_monsterinsights_sitenote_active":false,"_monsterinsights_sitenote_note":"","_monsterinsights_sitenote_category":0},"product_brand":[],"product_cat":[12274,12518],"product_tag":[],"class_list":{"0":"post-743772","1":"product","2":"type-product","3":"status-publish","5":"product_cat-cocuk-ve-genclik-kitaplari","6":"product_cat-okul-oncesi-kitaplar","7":"pa_cilt-ciltsiz","8":"pa_tur-kitap","9":"pa_yayinevi-is-bankasi-kultur-yayinlari","10":"pa_yazar-gokce-ates-aytug","12":"first","13":"instock","14":"sale","15":"shipping-taxable","16":"purchasable","17":"product-type-simple"},"_links":{"self":[{"href":"https:\/\/roveyayinevi.com.tr\/index.php\/wp-json\/wp\/v2\/product\/743772","targetHints":{"allow":["GET"]}}],"collection":[{"href":"https:\/\/roveyayinevi.com.tr\/index.php\/wp-json\/wp\/v2\/product"}],"about":[{"href":"https:\/\/roveyayinevi.com.tr\/index.php\/wp-json\/wp\/v2\/types\/product"}],"wp:attachment":[{"href":"https:\/\/roveyayinevi.com.tr\/index.php\/wp-json\/wp\/v2\/media?parent=743772"}],"wp:term":[{"taxonomy":"product_brand","embeddable":true,"href":"https:\/\/roveyayinevi.com.tr\/index.php\/wp-json\/wp\/v2\/product_brand?post=743772"},{"taxonomy":"product_cat","embeddable":true,"href":"https:\/\/roveyayinevi.com.tr\/index.php\/wp-json\/wp\/v2\/product_cat?post=743772"},{"taxonomy":"product_tag","embeddable":true,"href":"https:\/\/roveyayinevi.com.tr\/index.php\/wp-json\/wp\/v2\/product_tag?post=743772"}],"curies":[{"name":"wp","href":"https:\/\/api.w.org\/{rel}","templated":true}]}}