{"id":743770,"date":"2025-08-28T01:42:11","date_gmt":"2025-08-27T22:42:11","guid":{"rendered":"https:\/\/roveyayinevi.com.tr\/index.php\/urun\/ela-super-babaanne-gunu\/"},"modified":"2026-04-16T02:55:30","modified_gmt":"2026-04-15T23:55:30","slug":"ela-super-babaanne-gunu","status":"publish","type":"product","link":"https:\/\/roveyayinevi.com.tr\/index.php\/urun\/ela-super-babaanne-gunu\/","title":{"rendered":"Ela &#8211; S\u00fcper Babaanne G\u00fcn\u00fc"},"content":{"rendered":"<p>Ela babaannesiyle y\u00fcr\u00fcy\u00fc\u015fe \u00e7\u0131k\u0131yor. Ke\u015ffedilecek ne \u00e7ok \u015fey var! Sincaplar, p\u00fcr\u00fczs\u00fcz ta\u015flar, \u00f6rdekler\u2026 Ela durup her \u015feye bakmak istiyor. S\u00fcper babaanne, Ela\u2019n\u0131n isteklerini \u00e7ok iyi anl\u0131yor. Ne g\u00fczel bir g\u00fcn! Sevdiklerimizle ge\u00e7irdi\u011fimiz g\u00fczel bir g\u00fcn\u00fcn de\u011ferini anlatan, e\u011flenceli bir \u00f6yk\u00fc\u2026 <\/p>\n","protected":false},"excerpt":{"rendered":"<p>Ela babaannesiyle y\u00fcr\u00fcy\u00fc\u015fe \u00e7\u0131k\u0131yor. Ke\u015ffedilecek ne \u00e7ok \u015fey var! Sincaplar, p\u00fcr\u00fczs\u00fcz ta\u015flar, \u00f6rdekler\u2026 Ela durup her \u015feye bakmak istiyor. S\u00fcper babaanne, Ela\u2019n\u0131n isteklerini \u00e7ok iyi anl\u0131yor.<span class=\"excerpt-hellip\"> [\u2026]<\/span><\/p>\n","protected":false},"featured_media":0,"template":"","meta":{"_monsterinsights_skip_tracking":false,"_monsterinsights_sitenote_active":false,"_monsterinsights_sitenote_note":"","_monsterinsights_sitenote_category":0},"product_brand":[],"product_cat":[12274,12284],"product_tag":[],"class_list":{"0":"post-743770","1":"product","2":"type-product","3":"status-publish","5":"product_cat-cocuk-ve-genclik-kitaplari","6":"product_cat-hikayeler","7":"pa_cilt-ciltsiz","8":"pa_tur-kitap","9":"pa_yayinevi-is-bankasi-kultur-yayinlari","10":"pa_yazar-ann-forslind","12":"first","13":"instock","14":"sale","15":"shipping-taxable","16":"purchasable","17":"product-type-simple"},"_links":{"self":[{"href":"https:\/\/roveyayinevi.com.tr\/index.php\/wp-json\/wp\/v2\/product\/743770","targetHints":{"allow":["GET"]}}],"collection":[{"href":"https:\/\/roveyayinevi.com.tr\/index.php\/wp-json\/wp\/v2\/product"}],"about":[{"href":"https:\/\/roveyayinevi.com.tr\/index.php\/wp-json\/wp\/v2\/types\/product"}],"wp:attachment":[{"href":"https:\/\/roveyayinevi.com.tr\/index.php\/wp-json\/wp\/v2\/media?parent=743770"}],"wp:term":[{"taxonomy":"product_brand","embeddable":true,"href":"https:\/\/roveyayinevi.com.tr\/index.php\/wp-json\/wp\/v2\/product_brand?post=743770"},{"taxonomy":"product_cat","embeddable":true,"href":"https:\/\/roveyayinevi.com.tr\/index.php\/wp-json\/wp\/v2\/product_cat?post=743770"},{"taxonomy":"product_tag","embeddable":true,"href":"https:\/\/roveyayinevi.com.tr\/index.php\/wp-json\/wp\/v2\/product_tag?post=743770"}],"curies":[{"name":"wp","href":"https:\/\/api.w.org\/{rel}","templated":true}]}}