{"id":743764,"date":"2025-08-28T01:42:03","date_gmt":"2025-08-27T22:42:03","guid":{"rendered":"https:\/\/roveyayinevi.com.tr\/index.php\/urun\/arkadasim-opera-sanatcisi-dunyayi-ogreniyorum\/"},"modified":"2026-04-16T02:55:30","modified_gmt":"2026-04-15T23:55:30","slug":"arkadasim-opera-sanatcisi-dunyayi-ogreniyorum","status":"publish","type":"product","link":"https:\/\/roveyayinevi.com.tr\/index.php\/urun\/arkadasim-opera-sanatcisi-dunyayi-ogreniyorum\/","title":{"rendered":"Arkada\u015f\u0131m Opera Sanat\u00e7\u0131s\u0131 &#8211; D\u00fcnyay\u0131 \u00d6\u011freniyorum"},"content":{"rendered":"<p>Pelin bir opera sanat\u00e7\u0131s\u0131. Ozan bu mesle\u011fin \u00e7ok heyecan verici oldu\u011funu d\u00fc\u015f\u00fcn\u00fcyor. Pelin\u2019le birlikte operay\u0131 ziyaret etti\u011finde, sahneden izleyici salonuna, provalardan kost\u00fcm odas\u0131na, orkestra \u00e7ukurundan kost\u00fcm provas\u0131na, neler ke\u015ffediyor neler&#8230;<\/p>\n","protected":false},"excerpt":{"rendered":"<p>Pelin bir opera sanat\u00e7\u0131s\u0131. Ozan bu mesle\u011fin \u00e7ok heyecan verici oldu\u011funu d\u00fc\u015f\u00fcn\u00fcyor. Pelin\u2019le birlikte operay\u0131 ziyaret etti\u011finde, sahneden izleyici salonuna, provalardan kost\u00fcm odas\u0131na, orkestra \u00e7ukurundan kost\u00fcm<span class=\"excerpt-hellip\"> [\u2026]<\/span><\/p>\n","protected":false},"featured_media":0,"template":"","meta":{"_monsterinsights_skip_tracking":false,"_monsterinsights_sitenote_active":false,"_monsterinsights_sitenote_note":"","_monsterinsights_sitenote_category":0},"product_brand":[],"product_cat":[12274,12518],"product_tag":[],"class_list":{"0":"post-743764","1":"product","2":"type-product","3":"status-publish","5":"product_cat-cocuk-ve-genclik-kitaplari","6":"product_cat-okul-oncesi-kitaplar","7":"pa_cilt-ciltsiz","8":"pa_tur-kitap","9":"pa_yayinevi-is-bankasi-kultur-yayinlari","10":"pa_yazar-ralf-butschkow","12":"first","13":"instock","14":"sale","15":"shipping-taxable","16":"purchasable","17":"product-type-simple"},"_links":{"self":[{"href":"https:\/\/roveyayinevi.com.tr\/index.php\/wp-json\/wp\/v2\/product\/743764","targetHints":{"allow":["GET"]}}],"collection":[{"href":"https:\/\/roveyayinevi.com.tr\/index.php\/wp-json\/wp\/v2\/product"}],"about":[{"href":"https:\/\/roveyayinevi.com.tr\/index.php\/wp-json\/wp\/v2\/types\/product"}],"wp:attachment":[{"href":"https:\/\/roveyayinevi.com.tr\/index.php\/wp-json\/wp\/v2\/media?parent=743764"}],"wp:term":[{"taxonomy":"product_brand","embeddable":true,"href":"https:\/\/roveyayinevi.com.tr\/index.php\/wp-json\/wp\/v2\/product_brand?post=743764"},{"taxonomy":"product_cat","embeddable":true,"href":"https:\/\/roveyayinevi.com.tr\/index.php\/wp-json\/wp\/v2\/product_cat?post=743764"},{"taxonomy":"product_tag","embeddable":true,"href":"https:\/\/roveyayinevi.com.tr\/index.php\/wp-json\/wp\/v2\/product_tag?post=743764"}],"curies":[{"name":"wp","href":"https:\/\/api.w.org\/{rel}","templated":true}]}}