{"id":743763,"date":"2025-08-28T01:42:02","date_gmt":"2025-08-27T22:42:02","guid":{"rendered":"https:\/\/roveyayinevi.com.tr\/index.php\/urun\/gencler-icin-yunan-mitolojisi\/"},"modified":"2026-04-16T02:55:30","modified_gmt":"2026-04-15T23:55:30","slug":"gencler-icin-yunan-mitolojisi","status":"publish","type":"product","link":"https:\/\/roveyayinevi.com.tr\/index.php\/urun\/gencler-icin-yunan-mitolojisi\/","title":{"rendered":"Gen\u00e7ler \u0130\u00e7in Yunan Mitolojisi"},"content":{"rendered":"<p>Son on y\u0131ld\u0131r T\u00fcrkiyeli okuyucunun canl\u0131 ilgisine mazhar olan Gen\u00e7ler \u0130\u00e7in Bat\u0131 Felsefesi \u2019nin devam\u0131 niteli\u011findeki bu kitab\u0131nda Luc Ferry yine ayn\u0131 berrak ve ak\u0131c\u0131 \u00fcslubuyla Yunan mitolojisinin anlam\u0131n\u0131, zamana meydan okuyan mesaj\u0131n\u0131 sorguluyor. D\u00fcnyan\u0131n nas\u0131l ortaya \u00e7\u0131kt\u0131\u011f\u0131, insan\u0131n k\u00f6keni gibi \u00f6teden beri zihinleri me\u015fgul etmi\u015f sorular\u0131 konu edinen mitoloji asl\u0131nda \u201cne bir masallar ve efsaneler derlemesidir ne de sadece e\u011flendirmeyi ama\u00e7layan az \u00e7ok ola\u011fan\u00fcst\u00fc bir dizi hik\u00e2yecikten olu\u015fur.\u201d Pek \u00e7oklar\u0131n\u0131n sand\u0131\u011f\u0131 gibi insanl\u0131\u011f\u0131n, g\u00fcn\u00fcm\u00fczde bilimin konusu haline gelmi\u015f sorulara \u00e7ocukluk d\u00f6neminde verdi\u011fi ilkel ve naif cevaplar manzumesi de de\u011fildir. Yazara g\u00f6re mitoloji insan\u0131n kozmos i\u00e7indeki yerini ve rol\u00fcn\u00fc anlamland\u0131rma, iyi hayat\u0131n ne oldu\u011funu d\u00fc\u015f\u00fcnme \u00e7abas\u0131d\u0131r ve bu anlamda felsefeyle bir s\u00fcreklilik i\u00e7erisindedir. Luc Ferry\u2019nin Yunan mitolojisinin en bilinen metinlerinde cevher halinde bulunan felsefi \u00f6z\u00fc bulup \u00e7\u0131karmaya \u00e7al\u0131\u015ft\u0131\u011f\u0131 bu kitab\u0131n\u0131n Gen\u00e7ler \u0130\u00e7in Bat\u0131 Felsefesi gibi be\u011feniyle kar\u015f\u0131lanaca\u011f\u0131na inan\u0131yoruz. <\/p>\n","protected":false},"excerpt":{"rendered":"<p>Son on y\u0131ld\u0131r T\u00fcrkiyeli okuyucunun canl\u0131 ilgisine mazhar olan Gen\u00e7ler \u0130\u00e7in Bat\u0131 Felsefesi \u2019nin devam\u0131 niteli\u011findeki bu kitab\u0131nda Luc Ferry yine ayn\u0131 berrak ve ak\u0131c\u0131 \u00fcslubuyla<span class=\"excerpt-hellip\"> [\u2026]<\/span><\/p>\n","protected":false},"featured_media":0,"template":"","meta":{"_monsterinsights_skip_tracking":false,"_monsterinsights_sitenote_active":false,"_monsterinsights_sitenote_note":"","_monsterinsights_sitenote_category":0},"product_brand":[],"product_cat":[12718,12858],"product_tag":[],"class_list":{"0":"post-743763","1":"product","2":"type-product","3":"status-publish","5":"product_cat-din","6":"product_cat-mitolojiler","7":"pa_cilt-ciltsiz","8":"pa_tur-kitap","9":"pa_yayinevi-is-bankasi-kultur-yayinlari","10":"pa_yazar-luc-ferry","12":"first","13":"instock","14":"sale","15":"shipping-taxable","16":"purchasable","17":"product-type-simple"},"_links":{"self":[{"href":"https:\/\/roveyayinevi.com.tr\/index.php\/wp-json\/wp\/v2\/product\/743763","targetHints":{"allow":["GET"]}}],"collection":[{"href":"https:\/\/roveyayinevi.com.tr\/index.php\/wp-json\/wp\/v2\/product"}],"about":[{"href":"https:\/\/roveyayinevi.com.tr\/index.php\/wp-json\/wp\/v2\/types\/product"}],"wp:attachment":[{"href":"https:\/\/roveyayinevi.com.tr\/index.php\/wp-json\/wp\/v2\/media?parent=743763"}],"wp:term":[{"taxonomy":"product_brand","embeddable":true,"href":"https:\/\/roveyayinevi.com.tr\/index.php\/wp-json\/wp\/v2\/product_brand?post=743763"},{"taxonomy":"product_cat","embeddable":true,"href":"https:\/\/roveyayinevi.com.tr\/index.php\/wp-json\/wp\/v2\/product_cat?post=743763"},{"taxonomy":"product_tag","embeddable":true,"href":"https:\/\/roveyayinevi.com.tr\/index.php\/wp-json\/wp\/v2\/product_tag?post=743763"}],"curies":[{"name":"wp","href":"https:\/\/api.w.org\/{rel}","templated":true}]}}