{"id":743762,"date":"2025-08-28T01:42:01","date_gmt":"2025-08-27T22:42:01","guid":{"rendered":"https:\/\/roveyayinevi.com.tr\/index.php\/urun\/kokotlar-mektebi-ciltli-somizli\/"},"modified":"2026-04-16T02:55:30","modified_gmt":"2026-04-15T23:55:30","slug":"kokotlar-mektebi-ciltli-somizli","status":"publish","type":"product","link":"https:\/\/roveyayinevi.com.tr\/index.php\/urun\/kokotlar-mektebi-ciltli-somizli\/","title":{"rendered":"Kokotlar Mektebi (Ciltli-\u015e\u00f6mizli)"},"content":{"rendered":"<p>\u201c\u2026 Zaten Do\u011fu\u2019nun Binbir Gece Hik\u00e2yeleri \u2019ni dinleye dinleye bu g\u00fcne\u015f ve a\u015fk memleketi i\u00e7in kafamda b\u00fcy\u00fck bir arzu sarho\u015flu\u011fu olu\u015fmu\u015ftu. T\u00fcl g\u00f6mlekli, s\u0131rma cepkenli, d\u00f6kme \u015falvarl\u0131, ipek ku\u015fakl\u0131, i\u00e7leri h\u00fclya dolu ahu g\u00f6zl\u00fc \u0130stanbul g\u00fczellerinin yumu\u015fak sedire bir trajedi perisi gibi uzanarak sedefli iskemleler \u00fczerinde fokurdayan elmast\u0131ra\u015f nargilelerini s\u00fcz\u00fcle s\u00fcz\u00fcle \u00e7eki\u015flerini g\u00f6rmek istiyordum. Bat\u0131l\u0131 k\u0131zlar\u0131n Do\u011fu\u2019da \u00e7ok para ettiklerini de s\u00f6yl\u00fcyorlard\u0131. Parisli adi kafe\u015fantan yosmalar\u0131n\u0131n \u0130stanbul\u2019da prenslere, vezirlere sevgili olarak g\u00fcl bah\u00e7elerinin ortas\u0131na kurulmu\u015f alt\u0131n yald\u0131zl\u0131 saraylarda huri hayat\u0131 s\u00fcrd\u00fcklerini i\u015fitiyordum\u2026\u201d H\u00fcseyin Rahmi G\u00fcrp\u0131nar, Kokotlar Mektebi \u2019nde fantezist tutkularla \u0130stanbul\u2019a gelen bir Frans\u0131z kad\u0131n\u0131n a\u015fklar\u0131n\u0131, Do\u011fu\u2019nun sosyok\u00fclt\u00fcrel hayat\u0131na ili\u015fkin g\u00f6zlemlerini ve ele\u015ftirilerini s\u00fcr\u00fckleyici bir kurgu ve mizahi bir dille anlat\u0131yor. Bununla birlikte kad\u0131n-erkek ili\u015fkileri, cinsiyet ayr\u0131mc\u0131l\u0131\u011f\u0131, \u00e7oke\u015flilik ve fuhu\u015f gibi kronik toplumsal sorunlar\u0131 d\u00f6nemin sosyal ve siyasi olaylar\u0131n\u0131n izd\u00fc\u015f\u00fcmlerini de yans\u0131t\u0131r bir \u015fekilde cesurca ele al\u0131yor. <\/p>\n","protected":false},"excerpt":{"rendered":"<p>\u201c\u2026 Zaten Do\u011fu\u2019nun Binbir Gece Hik\u00e2yeleri \u2019ni dinleye dinleye bu g\u00fcne\u015f ve a\u015fk memleketi i\u00e7in kafamda b\u00fcy\u00fck bir arzu sarho\u015flu\u011fu olu\u015fmu\u015ftu. T\u00fcl g\u00f6mlekli, s\u0131rma cepkenli, d\u00f6kme<span class=\"excerpt-hellip\"> [\u2026]<\/span><\/p>\n","protected":false},"featured_media":0,"template":"","meta":{"_monsterinsights_skip_tracking":false,"_monsterinsights_sitenote_active":false,"_monsterinsights_sitenote_note":"","_monsterinsights_sitenote_category":0},"product_brand":[],"product_cat":[12291,12711],"product_tag":[],"class_list":{"0":"post-743762","1":"product","2":"type-product","3":"status-publish","5":"product_cat-edebiyat","6":"product_cat-roman-oyku","7":"pa_cilt-ciltli","8":"pa_tur-kitap","9":"pa_yayinevi-is-bankasi-kultur-yayinlari","10":"pa_yazar-huseyin-rahmi-gurpinar","12":"first","13":"instock","14":"sale","15":"shipping-taxable","16":"purchasable","17":"product-type-simple"},"_links":{"self":[{"href":"https:\/\/roveyayinevi.com.tr\/index.php\/wp-json\/wp\/v2\/product\/743762","targetHints":{"allow":["GET"]}}],"collection":[{"href":"https:\/\/roveyayinevi.com.tr\/index.php\/wp-json\/wp\/v2\/product"}],"about":[{"href":"https:\/\/roveyayinevi.com.tr\/index.php\/wp-json\/wp\/v2\/types\/product"}],"wp:attachment":[{"href":"https:\/\/roveyayinevi.com.tr\/index.php\/wp-json\/wp\/v2\/media?parent=743762"}],"wp:term":[{"taxonomy":"product_brand","embeddable":true,"href":"https:\/\/roveyayinevi.com.tr\/index.php\/wp-json\/wp\/v2\/product_brand?post=743762"},{"taxonomy":"product_cat","embeddable":true,"href":"https:\/\/roveyayinevi.com.tr\/index.php\/wp-json\/wp\/v2\/product_cat?post=743762"},{"taxonomy":"product_tag","embeddable":true,"href":"https:\/\/roveyayinevi.com.tr\/index.php\/wp-json\/wp\/v2\/product_tag?post=743762"}],"curies":[{"name":"wp","href":"https:\/\/api.w.org\/{rel}","templated":true}]}}