{"id":743758,"date":"2025-08-28T01:41:55","date_gmt":"2025-08-27T22:41:55","guid":{"rendered":"https:\/\/roveyayinevi.com.tr\/index.php\/urun\/john-barleycorn-4\/"},"modified":"2026-04-16T02:55:30","modified_gmt":"2026-04-15T23:55:30","slug":"john-barleycorn-4","status":"publish","type":"product","link":"https:\/\/roveyayinevi.com.tr\/index.php\/urun\/john-barleycorn-4\/","title":{"rendered":"John Barleycorn"},"content":{"rendered":"<p>Jack London\u2019\u0131n \u00f6l\u00fcm\u00fcnden d\u00f6rt y\u0131l \u00f6nce yazmaya ba\u015flad\u0131\u011f\u0131 ve yay\u0131mland\u0131\u011f\u0131nda b\u00fcy\u00fck tart\u0131\u015fmalar \u00e7\u0131karan John Barleycorn, yazar\u0131n son ba\u015fyap\u0131t\u0131 kabul edilir. Jack London e\u015fi Charmian\u2019\u0131n da \u00f6nerisine dayanarak, b\u00fct\u00fcn bir \u00f6mr\u00fcne, yarat\u0131c\u0131l\u0131\u011f\u0131na oldu\u011fu kadar y\u0131k\u0131mlar\u0131na da e\u015flik eden alkol kullan\u0131m\u0131yla ac\u0131mas\u0131z bir hesapla\u015fmaya giri\u015fir. Otobiyografik bir bak\u0131\u015fla kendi \u00e7alkant\u0131l\u0131 ya\u015fam\u0131n\u0131n ve karakterinin derinlerine inen yazar i\u00e7in s\u00f6z konusu \u201czehir\u201d, insan\u0131n evrensel \u00e7eli\u015fkilerini, bu arada erkeklik durumunu ayr\u0131nt\u0131lar\u0131yla ortaya koyan bir mercek haline gelir. Jack London\u2019\u0131n bu \u00f6zel ve klasik yap\u0131t\u0131n\u0131 a\u00e7\u0131klay\u0131c\u0131 notlarla da zenginle\u015ftirerek, b\u00fct\u00fcn boyutlar\u0131yla okura sunuyoruz. <\/p>\n","protected":false},"excerpt":{"rendered":"<p>Jack London\u2019\u0131n \u00f6l\u00fcm\u00fcnden d\u00f6rt y\u0131l \u00f6nce yazmaya ba\u015flad\u0131\u011f\u0131 ve yay\u0131mland\u0131\u011f\u0131nda b\u00fcy\u00fck tart\u0131\u015fmalar \u00e7\u0131karan John Barleycorn, yazar\u0131n son ba\u015fyap\u0131t\u0131 kabul edilir. Jack London e\u015fi Charmian\u2019\u0131n da \u00f6nerisine<span class=\"excerpt-hellip\"> [\u2026]<\/span><\/p>\n","protected":false},"featured_media":0,"template":"","meta":{"_monsterinsights_skip_tracking":false,"_monsterinsights_sitenote_active":false,"_monsterinsights_sitenote_note":"","_monsterinsights_sitenote_category":0},"product_brand":[],"product_cat":[12291,12711],"product_tag":[],"class_list":{"0":"post-743758","1":"product","2":"type-product","3":"status-publish","5":"product_cat-edebiyat","6":"product_cat-roman-oyku","7":"pa_cilt-ciltsiz","8":"pa_tur-kitap","9":"pa_yayinevi-is-bankasi-kultur-yayinlari","10":"pa_yazar-jack-london","12":"first","13":"instock","14":"sale","15":"shipping-taxable","16":"purchasable","17":"product-type-simple"},"_links":{"self":[{"href":"https:\/\/roveyayinevi.com.tr\/index.php\/wp-json\/wp\/v2\/product\/743758","targetHints":{"allow":["GET"]}}],"collection":[{"href":"https:\/\/roveyayinevi.com.tr\/index.php\/wp-json\/wp\/v2\/product"}],"about":[{"href":"https:\/\/roveyayinevi.com.tr\/index.php\/wp-json\/wp\/v2\/types\/product"}],"wp:attachment":[{"href":"https:\/\/roveyayinevi.com.tr\/index.php\/wp-json\/wp\/v2\/media?parent=743758"}],"wp:term":[{"taxonomy":"product_brand","embeddable":true,"href":"https:\/\/roveyayinevi.com.tr\/index.php\/wp-json\/wp\/v2\/product_brand?post=743758"},{"taxonomy":"product_cat","embeddable":true,"href":"https:\/\/roveyayinevi.com.tr\/index.php\/wp-json\/wp\/v2\/product_cat?post=743758"},{"taxonomy":"product_tag","embeddable":true,"href":"https:\/\/roveyayinevi.com.tr\/index.php\/wp-json\/wp\/v2\/product_tag?post=743758"}],"curies":[{"name":"wp","href":"https:\/\/api.w.org\/{rel}","templated":true}]}}