{"id":743755,"date":"2025-08-28T01:41:51","date_gmt":"2025-08-27T22:41:51","guid":{"rendered":"https:\/\/roveyayinevi.com.tr\/index.php\/urun\/aslinda-oyle-degil\/"},"modified":"2026-04-16T02:55:30","modified_gmt":"2026-04-15T23:55:30","slug":"aslinda-oyle-degil","status":"publish","type":"product","link":"https:\/\/roveyayinevi.com.tr\/index.php\/urun\/aslinda-oyle-degil\/","title":{"rendered":"Asl\u0131nda \u00d6yle De\u011fil"},"content":{"rendered":"<p>\u201cSizi s\u00fcrekli tart\u0131\u015fma i\u00e7ine ve a\u015fa\u011f\u0131 \u00e7ekmeye \u00e7al\u0131\u015fan, yoran ve y\u0131pratan; hakl\u0131yken haks\u0131z duruma d\u00fc\u015ft\u00fc\u011f\u00fcn\u00fcz\u00fc d\u00fc\u015f\u00fcnd\u00fcren, sizi su\u00e7layan ve karar mekanizman\u0131z\u0131 devre d\u0131\u015f\u0131 b\u0131rakan toksik ili\u015fkiler bu kadar yal\u0131n ve derin anlat\u0131lamazd\u0131.\u201d Uzman Psikolog Meltem Sunar, Aile-\u00c7ift ve Yeti\u015fkin Terapisti, Cinsel Terapist, \u00d6\u011fretim G\u00f6revlisi \u201cKan\u0131mca 20. y\u00fczy\u0131l\u0131n en \u00f6nemli d\u00fc\u015f\u00fcn\u00fcr\u00fc, doktoru ve ayn\u0131 zamanda toplama kamp\u0131 tutsaklar\u0131ndan olan Viktor Frankl ve kendisinin varolu\u015f\u00e7u yakla\u015f\u0131m\u0131 logoterapiye kitapta geni\u015f olarak yer verilmi\u015f; ayr\u0131ca logoterapinin \u00f6z\u00fc olan, \u2018ke\u015ffetti\u011fi anlamlarla sorumlulu\u011funu \u00fcstlenen insan \u00f6rnekleri\u2019 de ustaca kaleme al\u0131nm\u0131\u015f.\u201d Memduh N. \u00d6zmert, Viktor Frankl Institute USA Faculty and Board Member \u201cBu kitap kendi i\u00e7 d\u00fcnyan\u0131z\u0131 daha derinden anlaman\u0131z i\u00e7in bir hazine niteli\u011finde.\u201d Psikolog (PhD) Patricia J. Crane, Uluslararas\u0131 Konu\u015fmac\u0131, E\u011fitmen, Yazar \u0130dealleri \u00fczerine bir ya\u015fam kurmu\u015f olan Ay\u00e7a, aniden Mehmet\u2019e \u00e2\u015f\u0131k olur. Ba\u015flarda mutluluktan ayaklar\u0131 yerden kesilse de asl\u0131nda o y\u00fckseklikten tepetaklak d\u00fc\u015fece\u011finin fark\u0131nda dahi de\u011fildir. Duygusal \u015fiddet benli\u011fini sar\u0131p, onu sarsarken zamanla t\u00fckenme noktas\u0131na gelir. Ancak tam da bu a\u015famada maruz kald\u0131\u011f\u0131 zehirden panzehir \u00fcretmesi, d\u00fc\u015ft\u00fc\u011f\u00fc yerden daha g\u00fc\u00e7l\u00fc kalkmas\u0131 neden m\u00fcmk\u00fcn olmas\u0131n? Bu kitap; toksik bir ili\u015fkinin perde arkas\u0131na mercek tutmak, bu konudaki fark\u0131ndal\u0131\u011f\u0131na katk\u0131 sa\u011flamak ve i\u015flevsel tutumlar\u0131 ad\u0131m ad\u0131m anlatarak senin de elinden tutmak i\u00e7in yaz\u0131ld\u0131\u2026<\/p>\n","protected":false},"excerpt":{"rendered":"<p>\u201cSizi s\u00fcrekli tart\u0131\u015fma i\u00e7ine ve a\u015fa\u011f\u0131 \u00e7ekmeye \u00e7al\u0131\u015fan, yoran ve y\u0131pratan; hakl\u0131yken haks\u0131z duruma d\u00fc\u015ft\u00fc\u011f\u00fcn\u00fcz\u00fc d\u00fc\u015f\u00fcnd\u00fcren, sizi su\u00e7layan ve karar mekanizman\u0131z\u0131 devre d\u0131\u015f\u0131 b\u0131rakan toksik ili\u015fkiler<span class=\"excerpt-hellip\"> [\u2026]<\/span><\/p>\n","protected":false},"featured_media":0,"template":"","meta":{"_monsterinsights_skip_tracking":false,"_monsterinsights_sitenote_active":false,"_monsterinsights_sitenote_note":"","_monsterinsights_sitenote_category":0},"product_brand":[],"product_cat":[12364,12376],"product_tag":[],"class_list":{"0":"post-743755","1":"product","2":"type-product","3":"status-publish","5":"product_cat-genel-konular","6":"product_cat-kisisel-gelisim","7":"pa_cilt-ciltsiz","8":"pa_tur-kitap","9":"pa_yayinevi-inkilap-kitabevi","10":"pa_yazar-aylin-algun","12":"first","13":"instock","14":"sale","15":"shipping-taxable","16":"purchasable","17":"product-type-simple"},"_links":{"self":[{"href":"https:\/\/roveyayinevi.com.tr\/index.php\/wp-json\/wp\/v2\/product\/743755","targetHints":{"allow":["GET"]}}],"collection":[{"href":"https:\/\/roveyayinevi.com.tr\/index.php\/wp-json\/wp\/v2\/product"}],"about":[{"href":"https:\/\/roveyayinevi.com.tr\/index.php\/wp-json\/wp\/v2\/types\/product"}],"wp:attachment":[{"href":"https:\/\/roveyayinevi.com.tr\/index.php\/wp-json\/wp\/v2\/media?parent=743755"}],"wp:term":[{"taxonomy":"product_brand","embeddable":true,"href":"https:\/\/roveyayinevi.com.tr\/index.php\/wp-json\/wp\/v2\/product_brand?post=743755"},{"taxonomy":"product_cat","embeddable":true,"href":"https:\/\/roveyayinevi.com.tr\/index.php\/wp-json\/wp\/v2\/product_cat?post=743755"},{"taxonomy":"product_tag","embeddable":true,"href":"https:\/\/roveyayinevi.com.tr\/index.php\/wp-json\/wp\/v2\/product_tag?post=743755"}],"curies":[{"name":"wp","href":"https:\/\/api.w.org\/{rel}","templated":true}]}}