{"id":743753,"date":"2025-08-28T01:41:48","date_gmt":"2025-08-27T22:41:48","guid":{"rendered":"https:\/\/roveyayinevi.com.tr\/index.php\/urun\/sakin-acma-disler\/"},"modified":"2026-04-16T02:55:29","modified_gmt":"2026-04-15T23:55:29","slug":"sakin-acma-disler","status":"publish","type":"product","link":"https:\/\/roveyayinevi.com.tr\/index.php\/urun\/sakin-acma-disler\/","title":{"rendered":"Sak\u0131n A\u00e7ma Di\u015fler!"},"content":{"rendered":"<p>\u201cSak\u0131n A\u00e7ma\u201d serisinin \u00fc\u00e7\u00fcnc\u00fc kitab\u0131nda Nemo\u2019nun gizemli kargo paketleriyle maceralar\u0131 devam ediyor. Nemo\u2019nun kap\u0131s\u0131na yine g\u00f6ndereni belirsiz s\u0131r dolu bir paket gelir. \u00dczerinde de  \u201cSak\u0131n A\u00e7ma!\u201d yazmaktad\u0131r\u2026 \u201cGer\u00e7ekten \u00fc\u00e7\u00fcnc\u00fc bir canavara ay\u0131racak zaman\u0131m yok.\u201d Nemo bu kez paketi a\u00e7mamaya kararl\u0131d\u0131r. \u00dc\u00e7\u00fcnc\u00fc paketi a\u00e7madan postaneye geri g\u00f6t\u00fcr\u00fcr. Nemo hallettim, diye sevinir. Arkada\u015flar\u0131 da en do\u011frusunu yapt\u0131\u011f\u0131n\u0131 d\u00fc\u015f\u00fcn\u00fcr. Fakat S\u0131k\u0131c\u0131 Kent\u2019te ya\u015fananlar i\u015flerin hi\u00e7 de yolunda olmad\u0131\u011f\u0131n\u0131 g\u00f6sterir \u00e7\u00fcnk\u00fc: 1.       1. G\u00fcnd\u00fcz vakti \u015fehir zifiri karanl\u0131\u011fa b\u00fcr\u00fcnm\u00fc\u015ft\u00fcr. 2.       2. Bir ba\u015fkas\u0131 paketi a\u00e7m\u0131\u015ft\u0131r! 3.       3. Paketin i\u00e7indeki her neyse d\u0131\u015far\u0131da \u00f6zg\u00fcrce gezinmektedir! 4.         Nemo, Fred ve Ada paketteki varl\u0131\u011fa dair hi\u00e7bir \u015fey bilmemektedirler. Bildikleri tek \u015feyse paketin \u00fczerindeki yaz\u0131d\u0131r: \u201cSak\u0131n A\u00e7ma  \u2013 Di\u015fler!\u201d <\/p>\n","protected":false},"excerpt":{"rendered":"<p>\u201cSak\u0131n A\u00e7ma\u201d serisinin \u00fc\u00e7\u00fcnc\u00fc kitab\u0131nda Nemo\u2019nun gizemli kargo paketleriyle maceralar\u0131 devam ediyor. Nemo\u2019nun kap\u0131s\u0131na yine g\u00f6ndereni belirsiz s\u0131r dolu bir paket gelir. \u00dczerinde de \u201cSak\u0131n A\u00e7ma!\u201d<span class=\"excerpt-hellip\"> [\u2026]<\/span><\/p>\n","protected":false},"featured_media":0,"template":"","meta":{"_monsterinsights_skip_tracking":false,"_monsterinsights_sitenote_active":false,"_monsterinsights_sitenote_note":"","_monsterinsights_sitenote_category":0},"product_brand":[],"product_cat":[12689,12274],"product_tag":[],"class_list":{"0":"post-743753","1":"product","2":"type-product","3":"status-publish","5":"product_cat-cizgi-roman-cocuk-ve-genclik-kitaplari","6":"product_cat-cocuk-ve-genclik-kitaplari","7":"pa_cilt-ciltsiz","8":"pa_tur-kitap","9":"pa_yayinevi-bilgi-yayinevi","10":"pa_yazar-charlotte-habersack","12":"first","13":"instock","14":"sale","15":"shipping-taxable","16":"purchasable","17":"product-type-simple"},"_links":{"self":[{"href":"https:\/\/roveyayinevi.com.tr\/index.php\/wp-json\/wp\/v2\/product\/743753","targetHints":{"allow":["GET"]}}],"collection":[{"href":"https:\/\/roveyayinevi.com.tr\/index.php\/wp-json\/wp\/v2\/product"}],"about":[{"href":"https:\/\/roveyayinevi.com.tr\/index.php\/wp-json\/wp\/v2\/types\/product"}],"wp:attachment":[{"href":"https:\/\/roveyayinevi.com.tr\/index.php\/wp-json\/wp\/v2\/media?parent=743753"}],"wp:term":[{"taxonomy":"product_brand","embeddable":true,"href":"https:\/\/roveyayinevi.com.tr\/index.php\/wp-json\/wp\/v2\/product_brand?post=743753"},{"taxonomy":"product_cat","embeddable":true,"href":"https:\/\/roveyayinevi.com.tr\/index.php\/wp-json\/wp\/v2\/product_cat?post=743753"},{"taxonomy":"product_tag","embeddable":true,"href":"https:\/\/roveyayinevi.com.tr\/index.php\/wp-json\/wp\/v2\/product_tag?post=743753"}],"curies":[{"name":"wp","href":"https:\/\/api.w.org\/{rel}","templated":true}]}}