{"id":743752,"date":"2025-08-28T01:41:47","date_gmt":"2025-08-27T22:41:47","guid":{"rendered":"https:\/\/roveyayinevi.com.tr\/index.php\/urun\/hayatimin-romani\/"},"modified":"2026-04-16T02:55:29","modified_gmt":"2026-04-15T23:55:29","slug":"hayatimin-romani","status":"publish","type":"product","link":"https:\/\/roveyayinevi.com.tr\/index.php\/urun\/hayatimin-romani\/","title":{"rendered":"Hayat\u0131m\u0131n Roman\u0131"},"content":{"rendered":"<p>\u201cKaderin ona oynad\u0131\u011f\u0131 oyunlar\u0131n bu kadar orant\u0131s\u0131z bir bi\u00e7imde \u00fczerine gelmesinden umutsuzlu\u011fa kap\u0131lan Heredia, nihayet romanlara ait, kurgusal bir karaktere d\u00f6n\u00fc\u015ft\u00fc\u011f\u00fcn\u00fc anlam\u0131\u015f ve etraf\u0131n\u0131 ku\u015fatan, bir t\u00fcrl\u00fc ka\u00e7amad\u0131\u011f\u0131 bu roman\u0131n i\u00e7inde daha ne kadar ya\u015fayaca\u011f\u0131n\u0131 sormu\u015ftu \u2013 ama kime?\u201d   K\u00f6pekleri Seven Adam\u2019\u0131n yazar\u0131 Leonardo Padura, bu kez K\u00fcbal\u0131 \u015fair Jos\u00e9 Mar\u00eda Heredia\u2019n\u0131n hayat\u0131na \u0131\u015f\u0131k tutuyor.   Fernando Terry, on sekiz y\u0131l s\u00fcrg\u00fcnde ya\u015fad\u0131ktan sonra, bir zamanlar \u00fczerine doktora tezi yazd\u0131\u011f\u0131 \u015fair Jos\u00e9 Mar\u00eda Heredia\u2019n\u0131n kay\u0131p otobiyografisinin bulunma olas\u0131l\u0131\u011f\u0131 do\u011fdu\u011funda bir ayl\u0131\u011f\u0131na Havana\u2019ya d\u00f6nmeye karar verir. Bu yolculukta, i\u00e7indeki h\u0131nc\u0131 k\u00f6r\u00fckleyen ku\u015fkularla bir kez daha y\u00fczle\u015fecektir. \u00dclkesine d\u00f6n\u00fc\u015f\u00fcn\u00fcn ve pe\u015fine d\u00fc\u015ft\u00fc\u011f\u00fc, Hayat\u0131m\u0131n Roman\u0131 ad\u0131n\u0131 ta\u015f\u0131yan el yazmas\u0131n\u0131 aray\u0131\u015f\u0131n\u0131n hik\u00e2yesi, yer yer ge\u00e7mi\u015fteki iki farkl\u0131 zamansal d\u00fczleme yap\u0131lan geri d\u00f6n\u00fc\u015flerle b\u00f6l\u00fcn\u00fcr: Heredia\u2019n\u0131n 19. y\u00fczy\u0131l\u0131n ba\u015f\u0131ndaki hayat\u0131 ve bir mason olan o\u011flu Jos\u00e9 de Jes\u00fas de Heredia\u2019n\u0131n 20. y\u00fczy\u0131l\u0131n ba\u015f\u0131ndaki son g\u00fcnleri. Karayiplerin romantizm d\u00f6nemini son derece renkli bir \u015fekilde aktaran Hayat\u0131m\u0131n Roman\u0131, K\u00fcba\u2019n\u0131n ilk b\u00fcy\u00fck \u015fairi Jos\u00e9 Mar\u00eda Heredia\u2019n\u0131n hayat \u00f6yk\u00fcs\u00fc arac\u0131l\u0131\u011f\u0131yla okurlar\u0131 \u00fclkenin ulusal bilincinin ba\u015flang\u0131c\u0131na do\u011fru s\u00fcr\u00fckleyici bir yolculu\u011fa \u00e7\u0131kar\u0131yor.<\/p>\n","protected":false},"excerpt":{"rendered":"<p>\u201cKaderin ona oynad\u0131\u011f\u0131 oyunlar\u0131n bu kadar orant\u0131s\u0131z bir bi\u00e7imde \u00fczerine gelmesinden umutsuzlu\u011fa kap\u0131lan Heredia, nihayet romanlara ait, kurgusal bir karaktere d\u00f6n\u00fc\u015ft\u00fc\u011f\u00fcn\u00fc anlam\u0131\u015f ve etraf\u0131n\u0131 ku\u015fatan, bir<span class=\"excerpt-hellip\"> [\u2026]<\/span><\/p>\n","protected":false},"featured_media":0,"template":"","meta":{"_monsterinsights_skip_tracking":false,"_monsterinsights_sitenote_active":false,"_monsterinsights_sitenote_note":"","_monsterinsights_sitenote_category":0},"product_brand":[],"product_cat":[12291,12711],"product_tag":[],"class_list":{"0":"post-743752","1":"product","2":"type-product","3":"status-publish","5":"product_cat-edebiyat","6":"product_cat-roman-oyku","7":"pa_cilt-ciltsiz","8":"pa_tur-kitap","9":"pa_yayinevi-bilgi-yayinevi","10":"pa_yazar-leonardo-padura","12":"first","13":"instock","14":"sale","15":"shipping-taxable","16":"purchasable","17":"product-type-simple"},"_links":{"self":[{"href":"https:\/\/roveyayinevi.com.tr\/index.php\/wp-json\/wp\/v2\/product\/743752","targetHints":{"allow":["GET"]}}],"collection":[{"href":"https:\/\/roveyayinevi.com.tr\/index.php\/wp-json\/wp\/v2\/product"}],"about":[{"href":"https:\/\/roveyayinevi.com.tr\/index.php\/wp-json\/wp\/v2\/types\/product"}],"wp:attachment":[{"href":"https:\/\/roveyayinevi.com.tr\/index.php\/wp-json\/wp\/v2\/media?parent=743752"}],"wp:term":[{"taxonomy":"product_brand","embeddable":true,"href":"https:\/\/roveyayinevi.com.tr\/index.php\/wp-json\/wp\/v2\/product_brand?post=743752"},{"taxonomy":"product_cat","embeddable":true,"href":"https:\/\/roveyayinevi.com.tr\/index.php\/wp-json\/wp\/v2\/product_cat?post=743752"},{"taxonomy":"product_tag","embeddable":true,"href":"https:\/\/roveyayinevi.com.tr\/index.php\/wp-json\/wp\/v2\/product_tag?post=743752"}],"curies":[{"name":"wp","href":"https:\/\/api.w.org\/{rel}","templated":true}]}}