{"id":743751,"date":"2025-08-28T01:41:45","date_gmt":"2025-08-27T22:41:45","guid":{"rendered":"https:\/\/roveyayinevi.com.tr\/index.php\/urun\/amyntas-kuzey-afrika-defterleri\/"},"modified":"2026-04-16T02:55:29","modified_gmt":"2026-04-15T23:55:29","slug":"amyntas-kuzey-afrika-defterleri","status":"publish","type":"product","link":"https:\/\/roveyayinevi.com.tr\/index.php\/urun\/amyntas-kuzey-afrika-defterleri\/","title":{"rendered":"Amyntas \u2013 Kuzey Afrika Defterleri"},"content":{"rendered":"<p>\u201cNeden yine buraya geldim? \u2013 Belki, kavrulan bir bedenin so\u011fuk suya \u00e7\u0131plak  sokuyor. Yerdeki \u00e7ak\u0131llar g\u00fczel. Tuz \u0131\u015f\u0131ld\u0131yor. \u00d6l\u00fcm\u00fcn \u00fcst\u00fcnde bir d\u00fc\u015f geziniyor. \u00c7ak\u0131llardan birini elime ald\u0131m; ama yerden ayr\u0131l\u0131r ayr\u0131lmaz \u0131\u015f\u0131lt\u0131s\u0131n\u0131, g\u00fczelli\u011fini yitirdi.\u201d   Andr\u00e9 Gide\u2019in do\u011fayla ili\u015fkisinin yo\u011fun bi\u00e7imde saydamla\u015ft\u0131\u011f\u0131 ve kristalle\u015fti\u011fi metinler bunlar. Ma\u011frip g\u00f6\u011f\u00fc alt\u0131nda \u00e7\u00f6l\u00fcn sarmalad\u0131\u011f\u0131 bir bedenin ve zihnin kay\u0131t alt\u0131na ald\u0131\u011f\u0131 anlar.   Amyntas ayr\u0131ca Gide\u2019in t\u00fcm yaz\u0131n hayat\u0131n\u0131 kapsayan G\u00fcnl\u00fck\u2019leri i\u00e7in bir giri\u015f kap\u0131s\u0131.   Phyllis \u00e7i\u00e7ekler \u00f6rerdi ba\u015f\u0131ma T\u00fcrk\u00fcler yakard\u0131 Amyntas suyumca Vergilius, S\u0131\u011f\u0131rtma\u00e7 T\u00fcrk\u00fcleri   Kendini en iyi incelemi\u015f olan adam Nurullah Ata\u00e7 <\/p>\n","protected":false},"excerpt":{"rendered":"<p>\u201cNeden yine buraya geldim? \u2013 Belki, kavrulan bir bedenin so\u011fuk suya \u00e7\u0131plak sokuyor. Yerdeki \u00e7ak\u0131llar g\u00fczel. Tuz \u0131\u015f\u0131ld\u0131yor. \u00d6l\u00fcm\u00fcn \u00fcst\u00fcnde bir d\u00fc\u015f geziniyor. \u00c7ak\u0131llardan birini elime<span class=\"excerpt-hellip\"> [\u2026]<\/span><\/p>\n","protected":false},"featured_media":0,"template":"","meta":{"_monsterinsights_skip_tracking":false,"_monsterinsights_sitenote_active":false,"_monsterinsights_sitenote_note":"","_monsterinsights_sitenote_category":0},"product_brand":[],"product_cat":[13701,12291],"product_tag":[],"class_list":{"0":"post-743751","1":"product","2":"type-product","3":"status-publish","5":"product_cat-ani-mektup-gunluk","6":"product_cat-edebiyat","7":"pa_cilt-ciltsiz","8":"pa_tur-kitap","9":"pa_yayinevi-yapi-kredi-yayinlari","10":"pa_yazar-andre-gide","12":"first","13":"instock","14":"sale","15":"shipping-taxable","16":"purchasable","17":"product-type-simple"},"_links":{"self":[{"href":"https:\/\/roveyayinevi.com.tr\/index.php\/wp-json\/wp\/v2\/product\/743751","targetHints":{"allow":["GET"]}}],"collection":[{"href":"https:\/\/roveyayinevi.com.tr\/index.php\/wp-json\/wp\/v2\/product"}],"about":[{"href":"https:\/\/roveyayinevi.com.tr\/index.php\/wp-json\/wp\/v2\/types\/product"}],"wp:attachment":[{"href":"https:\/\/roveyayinevi.com.tr\/index.php\/wp-json\/wp\/v2\/media?parent=743751"}],"wp:term":[{"taxonomy":"product_brand","embeddable":true,"href":"https:\/\/roveyayinevi.com.tr\/index.php\/wp-json\/wp\/v2\/product_brand?post=743751"},{"taxonomy":"product_cat","embeddable":true,"href":"https:\/\/roveyayinevi.com.tr\/index.php\/wp-json\/wp\/v2\/product_cat?post=743751"},{"taxonomy":"product_tag","embeddable":true,"href":"https:\/\/roveyayinevi.com.tr\/index.php\/wp-json\/wp\/v2\/product_tag?post=743751"}],"curies":[{"name":"wp","href":"https:\/\/api.w.org\/{rel}","templated":true}]}}