{"id":743750,"date":"2025-08-28T01:41:44","date_gmt":"2025-08-27T22:41:44","guid":{"rendered":"https:\/\/roveyayinevi.com.tr\/index.php\/urun\/animsiyorum-ciltli\/"},"modified":"2026-04-16T02:54:56","modified_gmt":"2026-04-15T23:54:56","slug":"animsiyorum-ciltli","status":"publish","type":"product","link":"https:\/\/roveyayinevi.com.tr\/index.php\/urun\/animsiyorum-ciltli\/","title":{"rendered":"An\u0131ms\u0131yorum (Ciltli)"},"content":{"rendered":"<p>George\u2019un b\u00fcy\u00fckannesi pek unutkan.   \u00d6yle ki bazen George\u2019un ad\u0131n\u0131 bile an\u0131msayam\u0131yor.   Ama George buna tak\u0131lm\u0131yor.   B\u00fcy\u00fckannesi ufak tefek \u015feyleri bazen an\u0131msayam\u0131yor olabilir. Ama George, b\u00fcy\u00fckannesinin onu kelimelerle tarif edilemeyecek kadar \u00e7ok sevdi\u011fini biliyor.   K\u00fc\u00e7\u00fck \u00e7ocuklar\u0131n demans\u0131 anlamas\u0131na yard\u0131mc\u0131 olan sevgi dolu, dokunakl\u0131 bir hik\u00e2ye.   3 ya\u015f ve \u00fczeri i\u00e7in uygundur.<\/p>\n","protected":false},"excerpt":{"rendered":"<p>George\u2019un b\u00fcy\u00fckannesi pek unutkan. \u00d6yle ki bazen George\u2019un ad\u0131n\u0131 bile an\u0131msayam\u0131yor. Ama George buna tak\u0131lm\u0131yor. B\u00fcy\u00fckannesi ufak tefek \u015feyleri bazen an\u0131msayam\u0131yor olabilir. Ama George, b\u00fcy\u00fckannesinin onu<span class=\"excerpt-hellip\"> [\u2026]<\/span><\/p>\n","protected":false},"featured_media":0,"template":"","meta":{"_monsterinsights_skip_tracking":false,"_monsterinsights_sitenote_active":false,"_monsterinsights_sitenote_note":"","_monsterinsights_sitenote_category":0},"product_brand":[],"product_cat":[12274,12284],"product_tag":[],"class_list":{"0":"post-743750","1":"product","2":"type-product","3":"status-publish","5":"product_cat-cocuk-ve-genclik-kitaplari","6":"product_cat-hikayeler","7":"pa_cilt-ciltli","8":"pa_tur-kitap","9":"pa_yayinevi-bilgi-yayinevi","10":"pa_yazar-jeanne-willis","12":"first","13":"instock","14":"sale","15":"shipping-taxable","16":"purchasable","17":"product-type-simple"},"_links":{"self":[{"href":"https:\/\/roveyayinevi.com.tr\/index.php\/wp-json\/wp\/v2\/product\/743750","targetHints":{"allow":["GET"]}}],"collection":[{"href":"https:\/\/roveyayinevi.com.tr\/index.php\/wp-json\/wp\/v2\/product"}],"about":[{"href":"https:\/\/roveyayinevi.com.tr\/index.php\/wp-json\/wp\/v2\/types\/product"}],"wp:attachment":[{"href":"https:\/\/roveyayinevi.com.tr\/index.php\/wp-json\/wp\/v2\/media?parent=743750"}],"wp:term":[{"taxonomy":"product_brand","embeddable":true,"href":"https:\/\/roveyayinevi.com.tr\/index.php\/wp-json\/wp\/v2\/product_brand?post=743750"},{"taxonomy":"product_cat","embeddable":true,"href":"https:\/\/roveyayinevi.com.tr\/index.php\/wp-json\/wp\/v2\/product_cat?post=743750"},{"taxonomy":"product_tag","embeddable":true,"href":"https:\/\/roveyayinevi.com.tr\/index.php\/wp-json\/wp\/v2\/product_tag?post=743750"}],"curies":[{"name":"wp","href":"https:\/\/api.w.org\/{rel}","templated":true}]}}