{"id":743747,"date":"2025-08-28T01:41:39","date_gmt":"2025-08-27T22:41:39","guid":{"rendered":"https:\/\/roveyayinevi.com.tr\/index.php\/urun\/toplu-oyunlar-1\/"},"modified":"2026-04-16T02:54:56","modified_gmt":"2026-04-15T23:54:56","slug":"toplu-oyunlar-1","status":"publish","type":"product","link":"https:\/\/roveyayinevi.com.tr\/index.php\/urun\/toplu-oyunlar-1\/","title":{"rendered":"Toplu Oyunlar-1"},"content":{"rendered":"<p>\u00d6yk\u00fc ve denemeleriyle T\u00fcrk\u00e7enin en g\u00fczel \u00f6rneklerine imza atm\u0131\u015f Memet Baydur, bilhassa oyunlar\u0131yla edebiyat\u0131m\u0131zda benzersiz bir yere sahiptir. \u00c7o\u011fu, Devlet Tiyatrosu sahnelerinde ve \u00f6zel tiyatrolarda sahnelenmi\u015f ve sahnelenmeye devam eden yirminin \u00fczerinde oyun yazm\u0131\u015f, 80\u2019li ve 90\u2019l\u0131 y\u0131llar T\u00fcrk tiyatrosuna damgas\u0131n\u0131 vurmu\u015ftur. \u015eaka ile ciddiyetin tam ortas\u0131nda, kimi yerlerde ironisi ve sivri diliyle O\u011fuz Atay\u2019\u0131 and\u0131ran bir oyun yazar\u0131d\u0131r Baydur. Onun \u201c\u00f6zellikle ve \u00f6zellikle\u201d tekrarl\u0131, ses benze\u015fmeli, bol kelime oyunlu diyaloglara dayanan ve bu sayede yaz\u0131n\u0131n s\u0131n\u0131rlar\u0131ndan kurtulan oyunlar\u0131 i\u00e7in Cevat \u00c7apan \u015f\u00f6yle der: \u201c\u0130lgin\u00e7 bir kimyasal madde kullan\u0131yor sanki Memet Baydur. \u00d6yle durumlarla, s\u00f6zlerle kar\u015f\u0131 kar\u015f\u0131ya getiriyor ki insanlar\u0131, \u00f6nemliymi\u015f, de\u011ferliymi\u015f gibi g\u00f6r\u00fcnen s\u00f6zlerin ne kadar sahte oldu\u011fu, ne kadar g\u00fcl\u00fcn\u00e7 oldu\u011fu ortaya \u00e7\u0131k\u0131yor. Tabii bunun g\u00fcl\u00fcn\u00e7l\u00fckle birlikte ac\u0131kl\u0131 bir yan\u0131 da var.\u201d Memet Baydur\u2019un Limon, G\u00fcn Gece \/ Oyun \u00d6l\u00fcm, Yaln\u0131zl\u0131\u011f\u0131n Oyuncaklar\u0131, Kad\u0131n \u0130stasyonu, Cumhuriyet K\u0131z\u0131, Ku\u015fluk Zaman\u0131 adl\u0131 oyunlar\u0131ndan olu\u015fan Toplu Oyunlar-1, evrensel de\u011ferde bir oyun yazar\u0131n\u0131n eserlerini bir araya getiriyor. <\/p>\n","protected":false},"excerpt":{"rendered":"<p>\u00d6yk\u00fc ve denemeleriyle T\u00fcrk\u00e7enin en g\u00fczel \u00f6rneklerine imza atm\u0131\u015f Memet Baydur, bilhassa oyunlar\u0131yla edebiyat\u0131m\u0131zda benzersiz bir yere sahiptir. \u00c7o\u011fu, Devlet Tiyatrosu sahnelerinde ve \u00f6zel tiyatrolarda sahnelenmi\u015f<span class=\"excerpt-hellip\"> [\u2026]<\/span><\/p>\n","protected":false},"featured_media":0,"template":"","meta":{"_monsterinsights_skip_tracking":false,"_monsterinsights_sitenote_active":false,"_monsterinsights_sitenote_note":"","_monsterinsights_sitenote_category":0},"product_brand":[],"product_cat":[12291,14272],"product_tag":[],"class_list":{"0":"post-743747","1":"product","2":"type-product","3":"status-publish","5":"product_cat-edebiyat","6":"product_cat-tiyatro","7":"pa_cilt-ciltsiz","8":"pa_tur-kitap","9":"pa_yayinevi-kirmizi-kedi-yayinevi","10":"pa_yazar-memet-baydur","12":"first","13":"instock","14":"sale","15":"shipping-taxable","16":"purchasable","17":"product-type-simple"},"_links":{"self":[{"href":"https:\/\/roveyayinevi.com.tr\/index.php\/wp-json\/wp\/v2\/product\/743747","targetHints":{"allow":["GET"]}}],"collection":[{"href":"https:\/\/roveyayinevi.com.tr\/index.php\/wp-json\/wp\/v2\/product"}],"about":[{"href":"https:\/\/roveyayinevi.com.tr\/index.php\/wp-json\/wp\/v2\/types\/product"}],"wp:attachment":[{"href":"https:\/\/roveyayinevi.com.tr\/index.php\/wp-json\/wp\/v2\/media?parent=743747"}],"wp:term":[{"taxonomy":"product_brand","embeddable":true,"href":"https:\/\/roveyayinevi.com.tr\/index.php\/wp-json\/wp\/v2\/product_brand?post=743747"},{"taxonomy":"product_cat","embeddable":true,"href":"https:\/\/roveyayinevi.com.tr\/index.php\/wp-json\/wp\/v2\/product_cat?post=743747"},{"taxonomy":"product_tag","embeddable":true,"href":"https:\/\/roveyayinevi.com.tr\/index.php\/wp-json\/wp\/v2\/product_tag?post=743747"}],"curies":[{"name":"wp","href":"https:\/\/api.w.org\/{rel}","templated":true}]}}