{"id":743746,"date":"2025-08-28T01:41:37","date_gmt":"2025-08-27T22:41:37","guid":{"rendered":"https:\/\/roveyayinevi.com.tr\/index.php\/urun\/eskiya-ininde\/"},"modified":"2026-04-16T02:54:56","modified_gmt":"2026-04-15T23:54:56","slug":"eskiya-ininde","status":"publish","type":"product","link":"https:\/\/roveyayinevi.com.tr\/index.php\/urun\/eskiya-ininde\/","title":{"rendered":"E\u015fk\u0131ya \u0130ninde"},"content":{"rendered":"<p>\u0130stanbul\u2019un konak ya\u015fam\u0131n\u0131 ve ara sokaklar\u0131n\u0131 ustal\u0131kla anlatan H\u00fcseyin Rahmi G\u00fcrp\u0131nar, E\u015fk\u0131ya \u0130ninde roman\u0131nda farkl\u0131 bir \u00e7evreye y\u00f6nelerek bu kez bir macera roman\u0131na imza at\u0131yor. \u00d6nce \u0130kdam gazetesinde tefrika edilen, ard\u0131ndan 1935\u2019te kitap olarak bas\u0131lan E\u015fk\u0131ya \u0130ninde, edebiyat tarihimizde e\u015fk\u0131yalar\u0131n hayatlar\u0131na e\u011filen ilk romand\u0131r. Nefi Bey, kay\u0131nbiraderi Hikmet Enis ve u\u015faklar\u0131 Murtaza De\u011firmendere\u2019deki \u00e7iftliklerini kontrol etmek amac\u0131yla yola \u00e7\u0131karlar. Da\u011f yollar\u0131n\u0131 t\u0131rmanmaya ba\u015flarken e\u015fk\u0131yalar taraf\u0131ndan ka\u00e7\u0131r\u0131lan kahramanlar\u0131m\u0131z maceradan maceraya s\u00fcr\u00fcklenirler. \u00dcstelik amans\u0131z e\u015fk\u0131yalar\u0131n ellerine d\u00fc\u015fenler yaln\u0131zca onlar da de\u011fildir. Roman\u0131n zemininde e\u015fk\u0131yalar\u0131n ya\u015famlar\u0131n\u0131n yan\u0131 s\u0131ra 1920\u2019lerde yoksul Anadolu\u2019nun panoramas\u0131n\u0131 merkezi idareyi de yer yer ele\u015ftirerek ince f\u0131r\u00e7a darbeleriyle tasvir eden H\u00fcseyin Rahmi, macera roman\u0131 t\u00fcr\u00fcnde de ustal\u0131\u011f\u0131n\u0131 ortaya koymu\u015ftur. \u201cHelal, haram s\u00f6z\u00fc kitaplarda kald\u0131. \u015eehrin i\u00e7inde, d\u0131\u015f\u0131nda hep haydutluk. Birtak\u0131m\u0131 yiyor, birtak\u0131m\u0131 da yiyenlere ses \u00e7\u0131karam\u0131yor. Sonra \u2018memleket bat\u0131yor\u2019 diye ba\u011fr\u0131\u015f\u0131yorlar. Bir memleket haks\u0131zl\u0131ktan, h\u0131rs\u0131zl\u0131ktan batar. Bu, buradan \u00e7alar. O, oradan a\u015f\u0131r\u0131r. Hepsi bir yol tutturmu\u015f, gider. Zavall\u0131 g\u00fcnahs\u0131z Bekir ile Mustafa e\u015fk\u0131ya kur\u015funuyla vurulur, \u00f6l\u00fcr. Biz hep daha iyi g\u00fcnler g\u00f6rece\u011fiz diye bekleriz. G\u00fcn g\u00fcnden daha beter oluruz.\u201d <\/p>\n","protected":false},"excerpt":{"rendered":"<p>\u0130stanbul\u2019un konak ya\u015fam\u0131n\u0131 ve ara sokaklar\u0131n\u0131 ustal\u0131kla anlatan H\u00fcseyin Rahmi G\u00fcrp\u0131nar, E\u015fk\u0131ya \u0130ninde roman\u0131nda farkl\u0131 bir \u00e7evreye y\u00f6nelerek bu kez bir macera roman\u0131na imza at\u0131yor. \u00d6nce<span class=\"excerpt-hellip\"> [\u2026]<\/span><\/p>\n","protected":false},"featured_media":0,"template":"","meta":{"_monsterinsights_skip_tracking":false,"_monsterinsights_sitenote_active":false,"_monsterinsights_sitenote_note":"","_monsterinsights_sitenote_category":0},"product_brand":[],"product_cat":[12291,12711],"product_tag":[],"class_list":{"0":"post-743746","1":"product","2":"type-product","3":"status-publish","5":"product_cat-edebiyat","6":"product_cat-roman-oyku","7":"pa_cilt-ciltsiz","8":"pa_tur-kitap","9":"pa_yayinevi-kirmizi-kedi-yayinevi","10":"pa_yazar-huseyin-rahmi-gurpinar","12":"first","13":"instock","14":"sale","15":"shipping-taxable","16":"purchasable","17":"product-type-simple"},"_links":{"self":[{"href":"https:\/\/roveyayinevi.com.tr\/index.php\/wp-json\/wp\/v2\/product\/743746","targetHints":{"allow":["GET"]}}],"collection":[{"href":"https:\/\/roveyayinevi.com.tr\/index.php\/wp-json\/wp\/v2\/product"}],"about":[{"href":"https:\/\/roveyayinevi.com.tr\/index.php\/wp-json\/wp\/v2\/types\/product"}],"wp:attachment":[{"href":"https:\/\/roveyayinevi.com.tr\/index.php\/wp-json\/wp\/v2\/media?parent=743746"}],"wp:term":[{"taxonomy":"product_brand","embeddable":true,"href":"https:\/\/roveyayinevi.com.tr\/index.php\/wp-json\/wp\/v2\/product_brand?post=743746"},{"taxonomy":"product_cat","embeddable":true,"href":"https:\/\/roveyayinevi.com.tr\/index.php\/wp-json\/wp\/v2\/product_cat?post=743746"},{"taxonomy":"product_tag","embeddable":true,"href":"https:\/\/roveyayinevi.com.tr\/index.php\/wp-json\/wp\/v2\/product_tag?post=743746"}],"curies":[{"name":"wp","href":"https:\/\/api.w.org\/{rel}","templated":true}]}}