{"id":743745,"date":"2025-08-28T01:41:36","date_gmt":"2025-08-27T22:41:36","guid":{"rendered":"https:\/\/roveyayinevi.com.tr\/index.php\/urun\/cingeneler-3\/"},"modified":"2026-04-16T02:54:56","modified_gmt":"2026-04-15T23:54:56","slug":"cingeneler-3","status":"publish","type":"product","link":"https:\/\/roveyayinevi.com.tr\/index.php\/urun\/cingeneler-3\/","title":{"rendered":"\u00c7ingeneler"},"content":{"rendered":"<p>Sait Faik bir yaz\u0131s\u0131nda Osman Cemal Kayg\u0131l\u0131\u2019n\u0131n \u00c7ingeneler\u2019ini bir \u201c\u015faheser\u201d olarak de\u011ferlendirerek bu roman\u0131n okuduk\u00e7a kendisini \u015fa\u015f\u0131rtt\u0131\u011f\u0131n\u0131, sayfalar\u0131n\u0131 \u00e7evirdik\u00e7e i\u00e7ini h\u00fcz\u00fcn ve sevincin doldurdu\u011funu belirtir. Osman Cemal Kayg\u0131l\u0131 neredeyse \u201cbelgeselci\u201d tutumuyla kaleme ald\u0131\u011f\u0131 roman\u0131nda okuru, \u00c7ingenelerin g\u00fcndelik hayat\u0131na dair renkli ve zevkli bir yolculu\u011fa \u00e7\u0131kar\u0131r. Bu yolculukta ak\u0131c\u0131 bir dil, renkli tasvirler ve k\u0131vrak bir \u00fcslup roman boyunca e\u015flik eder okura. Edebiyat tarihimizde \u00c7ingenelerin hayat\u0131na e\u011filen ilk roman olan \u00c7ingeneler, ele al\u0131nan fig\u00fcrlerin derinlemesine tahlilleriyle de dikkat \u00e7eken bir eserdir. \u201cYaln\u0131z bir mesele var ki, e\u011fer bu Sulukuleli kerizciler, yani \u00e7alg\u0131c\u0131, \u015fark\u0131c\u0131 ve oyuncular \u00fczerlerinde biraz u\u011fra\u015f\u0131lacak, onlara biraz yol g\u00f6sterilecek, kendilerine nota, usul filan \u00f6\u011fretilecek ve sazlar\u0131n\u0131n aras\u0131na fl\u00fct, viyolonsel, korna filan ilave edilecek olursa bunlardan \u00e7ok \u015fey beklenebilir. Hani diyebilirim ki, kendileri iyi \u00e7al\u0131\u015ft\u0131r\u0131lacak olursa, yak\u0131nda bunlardan da \u0130stanbul\u2019da yepyeni bir \u00c7igan orkestras\u0131, bir \u00c7igan filarmonisi, bir \u00c7igan fanfar\u0131 elde edilebilir.\u201d <\/p>\n","protected":false},"excerpt":{"rendered":"<p>Sait Faik bir yaz\u0131s\u0131nda Osman Cemal Kayg\u0131l\u0131\u2019n\u0131n \u00c7ingeneler\u2019ini bir \u201c\u015faheser\u201d olarak de\u011ferlendirerek bu roman\u0131n okuduk\u00e7a kendisini \u015fa\u015f\u0131rtt\u0131\u011f\u0131n\u0131, sayfalar\u0131n\u0131 \u00e7evirdik\u00e7e i\u00e7ini h\u00fcz\u00fcn ve sevincin doldurdu\u011funu belirtir. Osman<span class=\"excerpt-hellip\"> [\u2026]<\/span><\/p>\n","protected":false},"featured_media":0,"template":"","meta":{"_monsterinsights_skip_tracking":false,"_monsterinsights_sitenote_active":false,"_monsterinsights_sitenote_note":"","_monsterinsights_sitenote_category":0},"product_brand":[],"product_cat":[12291,13872],"product_tag":[],"class_list":{"0":"post-743745","1":"product","2":"type-product","3":"status-publish","5":"product_cat-edebiyat","6":"product_cat-klasikler","7":"pa_cilt-ciltsiz","8":"pa_tur-kitap","9":"pa_yayinevi-kirmizi-kedi-yayinevi","10":"pa_yazar-osman-cemal-kaygili","12":"first","13":"instock","14":"sale","15":"shipping-taxable","16":"purchasable","17":"product-type-simple"},"_links":{"self":[{"href":"https:\/\/roveyayinevi.com.tr\/index.php\/wp-json\/wp\/v2\/product\/743745","targetHints":{"allow":["GET"]}}],"collection":[{"href":"https:\/\/roveyayinevi.com.tr\/index.php\/wp-json\/wp\/v2\/product"}],"about":[{"href":"https:\/\/roveyayinevi.com.tr\/index.php\/wp-json\/wp\/v2\/types\/product"}],"wp:attachment":[{"href":"https:\/\/roveyayinevi.com.tr\/index.php\/wp-json\/wp\/v2\/media?parent=743745"}],"wp:term":[{"taxonomy":"product_brand","embeddable":true,"href":"https:\/\/roveyayinevi.com.tr\/index.php\/wp-json\/wp\/v2\/product_brand?post=743745"},{"taxonomy":"product_cat","embeddable":true,"href":"https:\/\/roveyayinevi.com.tr\/index.php\/wp-json\/wp\/v2\/product_cat?post=743745"},{"taxonomy":"product_tag","embeddable":true,"href":"https:\/\/roveyayinevi.com.tr\/index.php\/wp-json\/wp\/v2\/product_tag?post=743745"}],"curies":[{"name":"wp","href":"https:\/\/api.w.org\/{rel}","templated":true}]}}