{"id":743742,"date":"2025-08-28T01:41:32","date_gmt":"2025-08-27T22:41:32","guid":{"rendered":"https:\/\/roveyayinevi.com.tr\/index.php\/urun\/babam-nasil-fenomen-oldu\/"},"modified":"2026-04-16T02:54:56","modified_gmt":"2026-04-15T23:54:56","slug":"babam-nasil-fenomen-oldu","status":"publish","type":"product","link":"https:\/\/roveyayinevi.com.tr\/index.php\/urun\/babam-nasil-fenomen-oldu\/","title":{"rendered":"Babam Nas\u0131l Fenomen Oldu?"},"content":{"rendered":"<p>Babam kazara internet fenomeni olunca!\u00d6d\u00fcll\u00fc \u0130ngiliz yazar Ben Davis&#8217;in kaleminden \u00e7\u0131kan Babam Nas\u0131l Fenomen Oldu?, y\u0131k\u0131k d\u00f6k\u00fck ailesini yeniden bir araya getirmek ve eski mutlu hayat\u0131na geri d\u00f6nmek isteyen Nelson ad\u0131nda g\u00f6z\u00fc pek bir \u00e7ocukla bulu\u015fturuyor okurlar\u0131.   G\u00fcn\u00fcm\u00fcz \u00e7ekirdek ailelerinin ya\u015fad\u0131\u011f\u0131 \u00e7\u0131kmazlara ve \u00e7\u00f6z\u00fclmelere s\u00f6zc\u00fckleriyle ayna tutan Davis, bo\u015fanma gibi \u00e7ocuklar\u0131n ve ebeveynlerin duygu d\u00fcnyalar\u0131nda dalgalanmalara neden olabilecek &#8221;hassas ve k\u0131r\u0131lgan&#8221; bir konuyu duyarl\u0131l\u0131kla i\u015fliyor. Teknolojiye son derece mesafeli bir baban\u0131n, &#8221;teknoloji ba\u011f\u0131ml\u0131s\u0131&#8221; o\u011flu taraf\u0131ndan nas\u0131l \u00fcnl\u00fc bir internet fenomenine d\u00f6n\u00fc\u015ft\u00fcr\u00fcld\u00fc\u011f\u00fcn\u00fc kahkahalar e\u015fli\u011finde anlatan kitap, oyunbaz dili, k\u0131vrak kurgusu ve Mike Lowery&#8217;nin matrak resimleriyle dikkat \u00e7ekiyor. On iki ya\u015f\u0131ndaki Nelson&#8217;\u0131n hayatta olmazsa olmaz\u0131 bilgisayar oyunlar\u0131 ve internettir. G\u00fcnlerini \u00e7o\u011funlukla ekran ba\u015f\u0131nda ge\u00e7irir. Tekd\u00fcze ya\u015fant\u0131s\u0131ndan gayet ho\u015fnuttur. Ta ki, bir g\u00fcn annesi geride bir not b\u0131rak\u0131p evi terk edene kadar. \u0130\u015fte as\u0131l hik\u00e2ye ondan sonra ba\u015flar! Kendini vah\u015fi ya\u015fam ustas\u0131 olarak g\u00f6ren babas\u0131, evlerini i\u00e7indeki t\u00fcm e\u015fyalar\u0131yla birlikte satar ve \u00e7ocuklar\u0131n\u0131 da alarak k\u0131rsal\u0131n ortas\u0131nda bir \u00e7iftlik evine ta\u015f\u0131n\u0131r. Nelson&#8217;la be\u015f ya\u015f\u0131ndaki k\u0131z karde\u015fi Mary i\u00e7in internetin, televizyonun ve hatta tuvaletin bile bulunmad\u0131\u011f\u0131 bu evde ya\u015famak dayan\u0131lacak gibi de\u011fildir. K\u0131rsala bir t\u00fcrl\u00fc uyum sa\u011flayamayan Nelson&#8217;\u0131n, \u00e7ok \u00f6zledi\u011fi eski hayat\u0131na ve annesine geri kavu\u015fabilmek i\u00e7in dahiyane bir plan\u0131 vard\u0131r. Ah, bir de kontrol\u00fc kaybedip ipin ucunu ka\u00e7\u0131rmasa&#8230; Ben Davis okurlar\u0131 duygudan duyguya s\u00fcr\u00fckledi\u011fi bu anlat\u0131s\u0131nda, ebeveynlerin ald\u0131\u011f\u0131 &#8221;kimi&#8221; kararlar\u0131n \u00e7ocuklar\u0131n \u00fczerindeki olumsuz etkilerine ele\u015ftirel bir yorum getiriyor. Teknoloji \u00e7a\u011f\u0131 \u00e7ocuklar\u0131n\u0131n ger\u00e7ek hayatla ba\u015f etme m\u00fccadelesine mizah\u0131n g\u00fcc\u00fcyle destek veren Babam Nas\u0131l Fenomen Oldu?, hem dokunakl\u0131 hem de \u00e7ok komik bir b\u00fcy\u00fcme ve olgunla\u015fma ser\u00fcveni. <\/p>\n","protected":false},"excerpt":{"rendered":"<p>Babam kazara internet fenomeni olunca!\u00d6d\u00fcll\u00fc \u0130ngiliz yazar Ben Davis&#8217;in kaleminden \u00e7\u0131kan Babam Nas\u0131l Fenomen Oldu?, y\u0131k\u0131k d\u00f6k\u00fck ailesini yeniden bir araya getirmek ve eski mutlu hayat\u0131na<span class=\"excerpt-hellip\"> [\u2026]<\/span><\/p>\n","protected":false},"featured_media":0,"template":"","meta":{"_monsterinsights_skip_tracking":false,"_monsterinsights_sitenote_active":false,"_monsterinsights_sitenote_note":"","_monsterinsights_sitenote_category":0},"product_brand":[],"product_cat":[12274,12284],"product_tag":[],"class_list":{"0":"post-743742","1":"product","2":"type-product","3":"status-publish","5":"product_cat-cocuk-ve-genclik-kitaplari","6":"product_cat-hikayeler","7":"pa_cilt-ciltsiz","8":"pa_tur-kitap","9":"pa_yayinevi-tudem-yayinlari","10":"pa_yazar-ben-davis","12":"first","13":"instock","14":"sale","15":"shipping-taxable","16":"purchasable","17":"product-type-simple"},"_links":{"self":[{"href":"https:\/\/roveyayinevi.com.tr\/index.php\/wp-json\/wp\/v2\/product\/743742","targetHints":{"allow":["GET"]}}],"collection":[{"href":"https:\/\/roveyayinevi.com.tr\/index.php\/wp-json\/wp\/v2\/product"}],"about":[{"href":"https:\/\/roveyayinevi.com.tr\/index.php\/wp-json\/wp\/v2\/types\/product"}],"wp:attachment":[{"href":"https:\/\/roveyayinevi.com.tr\/index.php\/wp-json\/wp\/v2\/media?parent=743742"}],"wp:term":[{"taxonomy":"product_brand","embeddable":true,"href":"https:\/\/roveyayinevi.com.tr\/index.php\/wp-json\/wp\/v2\/product_brand?post=743742"},{"taxonomy":"product_cat","embeddable":true,"href":"https:\/\/roveyayinevi.com.tr\/index.php\/wp-json\/wp\/v2\/product_cat?post=743742"},{"taxonomy":"product_tag","embeddable":true,"href":"https:\/\/roveyayinevi.com.tr\/index.php\/wp-json\/wp\/v2\/product_tag?post=743742"}],"curies":[{"name":"wp","href":"https:\/\/api.w.org\/{rel}","templated":true}]}}