{"id":743739,"date":"2025-08-28T01:41:28","date_gmt":"2025-08-27T22:41:28","guid":{"rendered":"https:\/\/roveyayinevi.com.tr\/index.php\/urun\/ege-ve-eski-yunan-tarihi-ii\/"},"modified":"2026-04-16T02:54:56","modified_gmt":"2026-04-15T23:54:56","slug":"ege-ve-eski-yunan-tarihi-ii","status":"publish","type":"product","link":"https:\/\/roveyayinevi.com.tr\/index.php\/urun\/ege-ve-eski-yunan-tarihi-ii\/","title":{"rendered":"Ege ve Eski Yunan Tarihi-II"},"content":{"rendered":"<p>Prof. Dr. Mehmet Ali Kaya\u2019n\u0131n birinci ve ikinci el kaynaklar\u0131 kullanarak yapt\u0131\u011f\u0131 bilimsel bir \u00e7al\u0131\u015fman\u0131n \u00fcr\u00fcn\u00fc olan bu kitapta Ege ve Eski Yunan tarihinin Klasik ve Hellenistik \u00e7a\u011flar\u0131n\u0131n (\u0130\u00d6 550-30) siyasi ve askeri tarihi anlat\u0131lmaktad\u0131r. Deniz ticareti olanaklar\u0131n\u0131n geli\u015fip ekonomik refah seviyesinin \u00e7ok y\u00fckseldi\u011fi, yaz\u0131l\u0131 edebiyat t\u00fcrlerinin, felsefe ve sanat\u0131n b\u00fcy\u00fck ilerleme kaydetti\u011fi Klasik \u00c7a\u011f&#8217;da Eski Yunan kentleri (poleis), hem Ege Denizi&#8217;nin do\u011fusunu imparatorluk s\u0131n\u0131rlar\u0131 i\u00e7inde tutan Perslerle (Pers Sava\u015flar\u0131) hem de kendi aralar\u0131nda sava\u015ft\u0131lar. Sparta ve Atina, Yunan kent devletlerinin siyasi ve askeri bak\u0131mdan en g\u00fc\u00e7l\u00fc iki kenti olarak bu \u00e7a\u011fa damgas\u0131n\u0131 vurdu. Persler, birbirlerine rakip ve d\u00fc\u015fman Yunan kentleri aras\u0131ndaki rekabetten yararlan\u0131p &#8220;b\u00f6l ve y\u00f6net&#8221; politikas\u0131 uygulad\u0131lar.      Klasik \u00c7a\u011f, Makedonya Krall\u0131\u011f\u0131&#8217;n\u0131 \u00e7a\u011f\u0131n\u0131n en b\u00fcy\u00fck askeri g\u00fcc\u00fc haline getiren II. Philippos&#8217;un siyasi ve askeri ba\u015far\u0131lar\u0131yla nihayetlendi ve b\u00f6ylece Yunan kent devletlerinin II. Philippos lehine vazge\u00e7tikleri ba\u011f\u0131ms\u0131zl\u0131klar\u0131n\u0131 bir daha kazanamayacaklar\u0131 yeni bir d\u00f6neme girildi. G\u00fcn\u00fcm\u00fczde Hellenistik \u00c7a\u011f (\u0130\u00d6 323-30) denilerek tarihe mal edilen bu d\u00f6nemin temeli Pers Krall\u0131\u011f\u0131&#8217;n\u0131 ortadan kald\u0131ran &#8220;B\u00fcy\u00fck&#8221; (Megas) unvanl\u0131 \u0130skender taraf\u0131ndan at\u0131ld\u0131. Hellenistik \u00c7a\u011f&#8217;da eski Yunan kentleri k\u00fclt\u00fcrel \u00fcst\u00fcnl\u00fcklerini \u0130skenderiye gibi Hellenistik d\u00fcnyan\u0131n ba\u015fka kentleri lehine kaybettiler ve \u00e7a\u011f\u0131n &#8220;Hellenistik&#8221; s\u0131fat\u0131yla birlikte an\u0131lan krall\u0131klar\u0131 (Ptolemaioslar\/M\u0131s\u0131r, Seleukoslar\/Suriye, Antigonoslar\/Makedonya, Pergamon, vd.) taraf\u0131ndan ba\u011f\u0131ml\u0131 hale getirildiler. Ancak Hellenistik krall\u0131klar\u0131n Yunan kent devletleri \u00fczerindeki hakimiyetinin \u00f6mr\u00fc de \u00e7ok olmad\u0131. Onlar, \u0130\u00d6 3. y\u00fczy\u0131l sonlar\u0131nda Hellenistik d\u00fcnya ile ilgilenmeye ba\u015flayan Roma Cumhuriyeti kar\u015f\u0131s\u0131nda gerilediler ve \u0130\u00d6 2. y\u00fczy\u0131l\u0131n ilk yar\u0131s\u0131nda Roma n\u00fcfuzuna boyun e\u011fmek zorunda kald\u0131lar.   <\/p>\n","protected":false},"excerpt":{"rendered":"<p>Prof. Dr. Mehmet Ali Kaya\u2019n\u0131n birinci ve ikinci el kaynaklar\u0131 kullanarak yapt\u0131\u011f\u0131 bilimsel bir \u00e7al\u0131\u015fman\u0131n \u00fcr\u00fcn\u00fc olan bu kitapta Ege ve Eski Yunan tarihinin Klasik ve<span class=\"excerpt-hellip\"> [\u2026]<\/span><\/p>\n","protected":false},"featured_media":0,"template":"","meta":{"_monsterinsights_skip_tracking":false,"_monsterinsights_sitenote_active":false,"_monsterinsights_sitenote_note":"","_monsterinsights_sitenote_category":0},"product_brand":[],"product_cat":[12312,12304],"product_tag":[],"class_list":{"0":"post-743739","1":"product","2":"type-product","3":"status-publish","5":"product_cat-diger","6":"product_cat-tarih","7":"pa_cilt-ciltsiz","8":"pa_tur-kitap","9":"pa_yayinevi-bilge-kultur-sanat","10":"pa_yazar-mehmet-ali-kaya","12":"first","13":"instock","14":"sale","15":"shipping-taxable","16":"purchasable","17":"product-type-simple"},"_links":{"self":[{"href":"https:\/\/roveyayinevi.com.tr\/index.php\/wp-json\/wp\/v2\/product\/743739","targetHints":{"allow":["GET"]}}],"collection":[{"href":"https:\/\/roveyayinevi.com.tr\/index.php\/wp-json\/wp\/v2\/product"}],"about":[{"href":"https:\/\/roveyayinevi.com.tr\/index.php\/wp-json\/wp\/v2\/types\/product"}],"wp:attachment":[{"href":"https:\/\/roveyayinevi.com.tr\/index.php\/wp-json\/wp\/v2\/media?parent=743739"}],"wp:term":[{"taxonomy":"product_brand","embeddable":true,"href":"https:\/\/roveyayinevi.com.tr\/index.php\/wp-json\/wp\/v2\/product_brand?post=743739"},{"taxonomy":"product_cat","embeddable":true,"href":"https:\/\/roveyayinevi.com.tr\/index.php\/wp-json\/wp\/v2\/product_cat?post=743739"},{"taxonomy":"product_tag","embeddable":true,"href":"https:\/\/roveyayinevi.com.tr\/index.php\/wp-json\/wp\/v2\/product_tag?post=743739"}],"curies":[{"name":"wp","href":"https:\/\/api.w.org\/{rel}","templated":true}]}}