{"id":743738,"date":"2025-08-28T01:41:27","date_gmt":"2025-08-27T22:41:27","guid":{"rendered":"https:\/\/roveyayinevi.com.tr\/index.php\/urun\/ben-prenses-x\/"},"modified":"2026-04-16T02:54:56","modified_gmt":"2026-04-15T23:54:56","slug":"ben-prenses-x","status":"publish","type":"product","link":"https:\/\/roveyayinevi.com.tr\/index.php\/urun\/ben-prenses-x\/","title":{"rendered":"Ben Prenses X"},"content":{"rendered":"<p>\u0130ki yak\u0131n arkada\u015f, b\u00fcy\u00fck hayranlar, gizemli bir internet \u00e7izgi roman\u0131 ve uzun zaman \u00f6nce kaybolan bir k\u0131z, \u00e7izimlerle s\u00fcsl\u00fc bu s\u00fcr\u00fckleyici romanda bir araya geliyor\u2026 Y\u0131llar \u00f6nce, iki yak\u0131n arkada\u015f birlikte bir prenses kurgular. Libby resimleri \u00e7izer, May hik\u00e2yeleri yazar ve kahramanlar\u0131 Prenses X, b\u00fct\u00fcn ejderhalar\u0131 katledip k\u0131zlar\u0131n hayallerinde canland\u0131rabildikleri b\u00fct\u00fcn da\u011flara t\u0131rman\u0131r. Birka\u00e7 sene sonra, ya\u011fmurlu bir gece, Libby&#8217;nin annesiyle i\u00e7inde oldu\u011fu ara\u00e7 Ballard K\u00f6pr\u00fcs\u00fc\u2019nden ge\u00e7erken k\u00f6pr\u00fcden u\u00e7unca, Libby hayat\u0131n\u0131 kaybeder ve Prenses X de onunla birlikte bu d\u00fcnyadan g\u00f6\u00e7er. Y\u0131llar sonra bir g\u00fcn\u2026 On alt\u0131 ya\u015f\u0131ndaki May, tek ba\u015f\u0131na Seattle sokaklar\u0131nda dola\u015f\u0131rken bir vitrinin kenar\u0131na yap\u0131\u015ft\u0131r\u0131lm\u0131\u015f \u00e7\u0131kartmay\u0131 g\u00f6r\u00fcr. O da ne? Yoksa Prenses X mi? May dikkatle etraf\u0131na bak\u0131nca her yerde Prenses\u2019e rastlamaya ba\u015flar\u2026 \u00c7\u0131kartmalar. Armalar. Duvar resimleri. IAmPrincessX. com adresindeki bir internet \u00e7izgi roman\u0131na adanm\u0131\u015f kocaman bir yeralt\u0131 k\u00fclt\u00fcr oldu\u011funu fark eder. May \u00e7izgi roman\u0131 inceledik\u00e7e Libby\u2019nin hik\u00e2yesi ve internetteki Prenses X aras\u0131nda rahats\u0131zl\u0131k verici benzerlikler oldu\u011funu fark eder. Bunun tek bir anlam\u0131 olabilir&#8230; Yoksa&#8230;<\/p>\n","protected":false},"excerpt":{"rendered":"<p>\u0130ki yak\u0131n arkada\u015f, b\u00fcy\u00fck hayranlar, gizemli bir internet \u00e7izgi roman\u0131 ve uzun zaman \u00f6nce kaybolan bir k\u0131z, \u00e7izimlerle s\u00fcsl\u00fc bu s\u00fcr\u00fckleyici romanda bir araya geliyor\u2026 Y\u0131llar<span class=\"excerpt-hellip\"> [\u2026]<\/span><\/p>\n","protected":false},"featured_media":0,"template":"","meta":{"_monsterinsights_skip_tracking":false,"_monsterinsights_sitenote_active":false,"_monsterinsights_sitenote_note":"","_monsterinsights_sitenote_category":0},"product_brand":[],"product_cat":[12416,12291],"product_tag":[],"class_list":{"0":"post-743738","1":"product","2":"type-product","3":"status-publish","5":"product_cat-cizgi-roman","6":"product_cat-edebiyat","7":"pa_cilt-ciltsiz","8":"pa_tur-kitap","9":"pa_yayinevi-epsilon-yayinlari","10":"pa_yazar-cherie-priest","12":"first","13":"instock","14":"sale","15":"shipping-taxable","16":"purchasable","17":"product-type-simple"},"_links":{"self":[{"href":"https:\/\/roveyayinevi.com.tr\/index.php\/wp-json\/wp\/v2\/product\/743738","targetHints":{"allow":["GET"]}}],"collection":[{"href":"https:\/\/roveyayinevi.com.tr\/index.php\/wp-json\/wp\/v2\/product"}],"about":[{"href":"https:\/\/roveyayinevi.com.tr\/index.php\/wp-json\/wp\/v2\/types\/product"}],"wp:attachment":[{"href":"https:\/\/roveyayinevi.com.tr\/index.php\/wp-json\/wp\/v2\/media?parent=743738"}],"wp:term":[{"taxonomy":"product_brand","embeddable":true,"href":"https:\/\/roveyayinevi.com.tr\/index.php\/wp-json\/wp\/v2\/product_brand?post=743738"},{"taxonomy":"product_cat","embeddable":true,"href":"https:\/\/roveyayinevi.com.tr\/index.php\/wp-json\/wp\/v2\/product_cat?post=743738"},{"taxonomy":"product_tag","embeddable":true,"href":"https:\/\/roveyayinevi.com.tr\/index.php\/wp-json\/wp\/v2\/product_tag?post=743738"}],"curies":[{"name":"wp","href":"https:\/\/api.w.org\/{rel}","templated":true}]}}