{"id":743731,"date":"2025-08-28T01:41:16","date_gmt":"2025-08-27T22:41:16","guid":{"rendered":"https:\/\/roveyayinevi.com.tr\/index.php\/urun\/gercek-insanin-yuzunde-yazar-mi\/"},"modified":"2026-04-05T03:00:16","modified_gmt":"2026-04-05T00:00:16","slug":"gercek-insanin-yuzunde-yazar-mi","status":"publish","type":"product","link":"https:\/\/roveyayinevi.com.tr\/index.php\/urun\/gercek-insanin-yuzunde-yazar-mi\/","title":{"rendered":"Ger\u00e7ek \u0130nsan\u0131n Y\u00fcz\u00fcnde Yazar M\u0131?"},"content":{"rendered":"<p>\u0130nsan\u0131 bilmek, onu tan\u0131mlamak eski ve bir o kadar da \u00e7etin bir konu.Bat\u0131\u2019da fizyonomi metinleri, Do\u011fu\u2019da k\u0131yafetn\u00e2meler\u2026 Bedeni bir kitap gibi okumaya \u00e7al\u0131\u015f\u0131rken ke\u015ffetmenin k\u0131y\u0131lar\u0131na gidip geli\u015fler.\u0130nsan, y\u00fcz\u00fcnden ibaret g\u00f6r\u00fc\u015f\u00fc her zaman ate\u015fleyici olmu\u015ftur.Tarihin pek \u00e7ok d\u00f6neminde; y\u00fcz \u015fekillerinden, mimiklerden, avu\u00e7 i\u00e7lerinden, giyimden ku\u015famdan insan\u0131n karakteri, dolay\u0131s\u0131yla da kaderi tayin edilmeye \u00e7al\u0131\u015f\u0131lm\u0131\u015ft\u0131r. Erol G\u00f6ka ve Murat Beyazy\u00fcz, y\u00fcz okuman\u0131n tarihten bug\u00fcne ne gibi de\u011fi\u015fimlere u\u011frad\u0131\u011f\u0131n\u0131n pe\u015fine d\u00fc\u015fmekle kalm\u0131yor, bug\u00fcnde iz s\u00fcr\u00fcyorlar.Y\u00fcz ve ki\u015filik aras\u0131ndaki ba\u011f hala esrar\u0131n\u0131 korumakla beraber, elinizdeki kitap bu yolda size \u0131\u015f\u0131k olacak nitelikte.Her yol bir soruyla ba\u015flar\u2026O h\u00e2lde kendinize bir soru sorun; Ger\u00e7ek \u0130nsan\u0131n Y\u00fcz\u00fcnde Yazar m\u0131?<\/p>\n","protected":false},"excerpt":{"rendered":"<p>\u0130nsan\u0131 bilmek, onu tan\u0131mlamak eski ve bir o kadar da \u00e7etin bir konu.Bat\u0131\u2019da fizyonomi metinleri, Do\u011fu\u2019da k\u0131yafetn\u00e2meler\u2026 Bedeni bir kitap gibi okumaya \u00e7al\u0131\u015f\u0131rken ke\u015ffetmenin k\u0131y\u0131lar\u0131na gidip<span class=\"excerpt-hellip\"> [\u2026]<\/span><\/p>\n","protected":false},"featured_media":0,"template":"","meta":{"_monsterinsights_skip_tracking":false,"_monsterinsights_sitenote_active":false,"_monsterinsights_sitenote_note":"","_monsterinsights_sitenote_category":0},"product_brand":[],"product_cat":[12364,12376],"product_tag":[],"class_list":{"0":"post-743731","1":"product","2":"type-product","3":"status-publish","5":"product_cat-genel-konular","6":"product_cat-kisisel-gelisim","7":"pa_cilt-ciltsiz","8":"pa_tur-kitap","9":"pa_yayinevi-kapi-yayinlari","10":"pa_yazar-erol-goka-murat-beyazyuz","12":"first","13":"instock","14":"sale","15":"shipping-taxable","16":"purchasable","17":"product-type-simple"},"_links":{"self":[{"href":"https:\/\/roveyayinevi.com.tr\/index.php\/wp-json\/wp\/v2\/product\/743731","targetHints":{"allow":["GET"]}}],"collection":[{"href":"https:\/\/roveyayinevi.com.tr\/index.php\/wp-json\/wp\/v2\/product"}],"about":[{"href":"https:\/\/roveyayinevi.com.tr\/index.php\/wp-json\/wp\/v2\/types\/product"}],"wp:attachment":[{"href":"https:\/\/roveyayinevi.com.tr\/index.php\/wp-json\/wp\/v2\/media?parent=743731"}],"wp:term":[{"taxonomy":"product_brand","embeddable":true,"href":"https:\/\/roveyayinevi.com.tr\/index.php\/wp-json\/wp\/v2\/product_brand?post=743731"},{"taxonomy":"product_cat","embeddable":true,"href":"https:\/\/roveyayinevi.com.tr\/index.php\/wp-json\/wp\/v2\/product_cat?post=743731"},{"taxonomy":"product_tag","embeddable":true,"href":"https:\/\/roveyayinevi.com.tr\/index.php\/wp-json\/wp\/v2\/product_tag?post=743731"}],"curies":[{"name":"wp","href":"https:\/\/api.w.org\/{rel}","templated":true}]}}