{"id":743726,"date":"2025-08-28T01:41:11","date_gmt":"2025-08-27T22:41:11","guid":{"rendered":"https:\/\/roveyayinevi.com.tr\/index.php\/urun\/kritias-atlantis-uzerine\/"},"modified":"2026-04-16T02:54:55","modified_gmt":"2026-04-15T23:54:55","slug":"kritias-atlantis-uzerine","status":"publish","type":"product","link":"https:\/\/roveyayinevi.com.tr\/index.php\/urun\/kritias-atlantis-uzerine\/","title":{"rendered":"Kritias | Atlantis \u00dczerine"},"content":{"rendered":"<p>\u201cPlaton\u2019un Timaios ve Kritias\u2019\u0131 kal\u0131c\u0131 felsefi ve tarih\u00ee ilgiye  sahip eserlerdir.\u201d    Waterfield   \u201cBu kay\u0131p uygarl\u0131k i\u00e7in m\u00fckemmel bir ba\u015fvuru kayna\u011f\u0131&#8230;  Platon\u2019un bu metni muhtemelen bug\u00fcn elimizdeki   tek ger\u00e7ek Atlantis tarihi kayna\u011f\u0131 ve ben bu kitab\u0131  \u015fiddetle tavsiye ediyorum.\u201d   Sharon D. Anderson   \u201cKolay ve anla\u015f\u0131l\u0131r bir kitap&#8230; Atlantis miti hakk\u0131nda daha fazla \u015fey \u00f6\u011frenmek isteyen herkes i\u00e7in iyi bir ba\u015flang\u0131\u00e7 noktas\u0131.\u201d   Midwest Book Review   \u00d6zg\u00fc\u00e7 Orhan\u2019\u0131n Eski Yunancadan \u00e7evirdi\u011fi ve notland\u0131rd\u0131\u011f\u0131 bu de\u011ferli \u00e7al\u0131\u015fmay\u0131, George Grote\u2019un Sunu\u015f\u2019u ile   takdim ediyoruz. <\/p>\n","protected":false},"excerpt":{"rendered":"<p>\u201cPlaton\u2019un Timaios ve Kritias\u2019\u0131 kal\u0131c\u0131 felsefi ve tarih\u00ee ilgiye sahip eserlerdir.\u201d Waterfield \u201cBu kay\u0131p uygarl\u0131k i\u00e7in m\u00fckemmel bir ba\u015fvuru kayna\u011f\u0131&#8230; Platon\u2019un bu metni muhtemelen bug\u00fcn elimizdeki<span class=\"excerpt-hellip\"> [\u2026]<\/span><\/p>\n","protected":false},"featured_media":0,"template":"","meta":{"_monsterinsights_skip_tracking":false,"_monsterinsights_sitenote_active":false,"_monsterinsights_sitenote_note":"","_monsterinsights_sitenote_category":0},"product_brand":[],"product_cat":[16038,12388],"product_tag":[],"class_list":{"0":"post-743726","1":"product","2":"type-product","3":"status-publish","5":"product_cat-arastirma-inceleme-referans-felsefe","6":"product_cat-felsefe","7":"pa_cilt-ciltsiz","8":"pa_tur-kitap","9":"pa_yayinevi-fol-kitap","10":"pa_yazar-platon","12":"first","13":"instock","14":"sale","15":"shipping-taxable","16":"purchasable","17":"product-type-simple"},"_links":{"self":[{"href":"https:\/\/roveyayinevi.com.tr\/index.php\/wp-json\/wp\/v2\/product\/743726","targetHints":{"allow":["GET"]}}],"collection":[{"href":"https:\/\/roveyayinevi.com.tr\/index.php\/wp-json\/wp\/v2\/product"}],"about":[{"href":"https:\/\/roveyayinevi.com.tr\/index.php\/wp-json\/wp\/v2\/types\/product"}],"wp:attachment":[{"href":"https:\/\/roveyayinevi.com.tr\/index.php\/wp-json\/wp\/v2\/media?parent=743726"}],"wp:term":[{"taxonomy":"product_brand","embeddable":true,"href":"https:\/\/roveyayinevi.com.tr\/index.php\/wp-json\/wp\/v2\/product_brand?post=743726"},{"taxonomy":"product_cat","embeddable":true,"href":"https:\/\/roveyayinevi.com.tr\/index.php\/wp-json\/wp\/v2\/product_cat?post=743726"},{"taxonomy":"product_tag","embeddable":true,"href":"https:\/\/roveyayinevi.com.tr\/index.php\/wp-json\/wp\/v2\/product_tag?post=743726"}],"curies":[{"name":"wp","href":"https:\/\/api.w.org\/{rel}","templated":true}]}}