{"id":743724,"date":"2025-08-28T01:41:10","date_gmt":"2025-08-27T22:41:10","guid":{"rendered":"https:\/\/roveyayinevi.com.tr\/index.php\/urun\/karsi-devrim-1923ten-2023e\/"},"modified":"2026-04-16T02:54:55","modified_gmt":"2026-04-15T23:54:55","slug":"karsi-devrim-1923ten-2023e","status":"publish","type":"product","link":"https:\/\/roveyayinevi.com.tr\/index.php\/urun\/karsi-devrim-1923ten-2023e\/","title":{"rendered":"Kar\u015f\u0131 Devrim -1923\u2019ten 2023\u2019e"},"content":{"rendered":"<p>Cumhuriyet\u2019in ilk y\u00fczy\u0131l\u0131 bitiyor, ikinci y\u00fczy\u0131la giriyoruz\u2026 Peki, y\u00fczy\u0131l\u0131n sonunda Atat\u00fcrk\u2019\u00fcn koydu\u011fu \u201cmuas\u0131r medeniyet seviyesine ula\u015fma\u201d hedefine ula\u015fabildik mi? Yoksa tersine geriye mi d\u00f6nd\u00fck? \u0130\u015fte Fikret Bil\u00e2 bu sorunun yan\u0131t\u0131 i\u00e7in y\u00fcz y\u0131ll\u0131k bir bilan\u00e7o \u00e7\u0131kard\u0131: 1923\u2019ten 2023\u2019e, y\u00fcz y\u0131ll\u0131k bir muhasebe yapt\u0131. 1923\u2019te ilan edilen Cumhuriyet\u2019in ve T\u00fcrk Devrimi\u2019nin hangi s\u00fcre\u00e7lerden ge\u00e7ti\u011fini inceledi. Kar\u015f\u0131devrimin nas\u0131l ba\u015flad\u0131\u011f\u0131n\u0131, Atat\u00fcrk devrimi ile cumhuriyet kurumlar\u0131n\u0131 nas\u0131l a\u015fama a\u015fama tasfiye etti\u011fini irdeledi. Ku\u015fkusuz t\u00fcm bu hesapla\u015fmalar\u0131, ikinci y\u00fczy\u0131la girerken \u201cyeniden Cumhuriyet in\u015fas\u0131\u201d hedefi gere\u011fi yapt\u0131: Dersler \u00e7\u0131karmak, yeniden s\u0131\u00e7ramak ve \u201cmuas\u0131r medeniyet seviyesine ula\u015fmak\u201d i\u00e7in\u2026 Elinizdeki kitap bu nedenle \u00f6ncelikle bir siyasal hesapla\u015fma kitab\u0131d\u0131r ama ayn\u0131 zamanda k\u0131sa ve \u00f6zl\u00fc bir T\u00fcrkiye Cumhuriyeti tarihidir.<\/p>\n","protected":false},"excerpt":{"rendered":"<p>Cumhuriyet\u2019in ilk y\u00fczy\u0131l\u0131 bitiyor, ikinci y\u00fczy\u0131la giriyoruz\u2026 Peki, y\u00fczy\u0131l\u0131n sonunda Atat\u00fcrk\u2019\u00fcn koydu\u011fu \u201cmuas\u0131r medeniyet seviyesine ula\u015fma\u201d hedefine ula\u015fabildik mi? Yoksa tersine geriye mi d\u00f6nd\u00fck? \u0130\u015fte Fikret<span class=\"excerpt-hellip\"> [\u2026]<\/span><\/p>\n","protected":false},"featured_media":0,"template":"","meta":{"_monsterinsights_skip_tracking":false,"_monsterinsights_sitenote_active":false,"_monsterinsights_sitenote_note":"","_monsterinsights_sitenote_category":0},"product_brand":[],"product_cat":[12370,12304],"product_tag":[],"class_list":{"0":"post-743724","1":"product","2":"type-product","3":"status-publish","5":"product_cat-arastirma-inceleme","6":"product_cat-tarih","7":"pa_cilt-ciltsiz","8":"pa_tur-kitap","9":"pa_yayinevi-kirmizi-kedi-yayinevi","10":"pa_yazar-fikret-bila","12":"first","13":"instock","14":"sale","15":"shipping-taxable","16":"purchasable","17":"product-type-simple"},"_links":{"self":[{"href":"https:\/\/roveyayinevi.com.tr\/index.php\/wp-json\/wp\/v2\/product\/743724","targetHints":{"allow":["GET"]}}],"collection":[{"href":"https:\/\/roveyayinevi.com.tr\/index.php\/wp-json\/wp\/v2\/product"}],"about":[{"href":"https:\/\/roveyayinevi.com.tr\/index.php\/wp-json\/wp\/v2\/types\/product"}],"wp:attachment":[{"href":"https:\/\/roveyayinevi.com.tr\/index.php\/wp-json\/wp\/v2\/media?parent=743724"}],"wp:term":[{"taxonomy":"product_brand","embeddable":true,"href":"https:\/\/roveyayinevi.com.tr\/index.php\/wp-json\/wp\/v2\/product_brand?post=743724"},{"taxonomy":"product_cat","embeddable":true,"href":"https:\/\/roveyayinevi.com.tr\/index.php\/wp-json\/wp\/v2\/product_cat?post=743724"},{"taxonomy":"product_tag","embeddable":true,"href":"https:\/\/roveyayinevi.com.tr\/index.php\/wp-json\/wp\/v2\/product_tag?post=743724"}],"curies":[{"name":"wp","href":"https:\/\/api.w.org\/{rel}","templated":true}]}}