{"id":743723,"date":"2025-08-28T01:41:08","date_gmt":"2025-08-27T22:41:08","guid":{"rendered":"https:\/\/roveyayinevi.com.tr\/index.php\/urun\/okuryazar-miyim\/"},"modified":"2026-04-16T02:54:55","modified_gmt":"2026-04-15T23:54:55","slug":"okuryazar-miyim","status":"publish","type":"product","link":"https:\/\/roveyayinevi.com.tr\/index.php\/urun\/okuryazar-miyim\/","title":{"rendered":"Okuryazar M\u0131y\u0131m"},"content":{"rendered":"<p>Okuryazar m\u0131y\u0131m kitab\u0131, bilim ve teknolojinin tarihin gidi\u015fat\u0131na yapt\u0131\u011f\u0131 etkiden yola \u00e7\u0131karak yeniden tan\u0131mlanan okuryazarl\u0131k kavram\u0131na a\u00e7\u0131kl\u0131k getirmek ve fark\u0131ndal\u0131k olu\u015fturmak i\u00e7in yaz\u0131ld\u0131. Kitap, bilim ve teknolojinin insan hayat\u0131na ve dolay\u0131s\u0131yla e\u011fitime getirdi\u011fi de\u011fi\u015fim ve geli\u015fmelerin sonucu olarak ortaya \u00e7\u0131kan okuryazarl\u0131klara de\u011finmektedir. Bilgiye ula\u015fman\u0131n kolayla\u015ft\u0131\u011f\u0131 ancak ula\u015f\u0131lan bilginin do\u011frulu\u011funun, g\u00fcvenirli\u011finin ve g\u00fcncelli\u011finin anla\u015f\u0131lmas\u0131n\u0131n g\u00fc\u00e7le\u015fti\u011fi g\u00fcn\u00fcm\u00fcz d\u00fcnyas\u0131nda, Okuryazar m\u0131y\u0131m kitab\u0131 okurlar\u0131n fark\u0131ndal\u0131k sahibi olmas\u0131na katk\u0131 sa\u011flayacakt\u0131r. <\/p>\n","protected":false},"excerpt":{"rendered":"<p>Okuryazar m\u0131y\u0131m kitab\u0131, bilim ve teknolojinin tarihin gidi\u015fat\u0131na yapt\u0131\u011f\u0131 etkiden yola \u00e7\u0131karak yeniden tan\u0131mlanan okuryazarl\u0131k kavram\u0131na a\u00e7\u0131kl\u0131k getirmek ve fark\u0131ndal\u0131k olu\u015fturmak i\u00e7in yaz\u0131ld\u0131. Kitap, bilim ve<span class=\"excerpt-hellip\"> [\u2026]<\/span><\/p>\n","protected":false},"featured_media":0,"template":"","meta":{"_monsterinsights_skip_tracking":false,"_monsterinsights_sitenote_active":false,"_monsterinsights_sitenote_note":"","_monsterinsights_sitenote_category":0},"product_brand":[],"product_cat":[20225,12291],"product_tag":[],"class_list":{"0":"post-743723","1":"product","2":"type-product","3":"status-publish","5":"product_cat-dil-bilim","6":"product_cat-edebiyat","7":"pa_cilt-ciltsiz","8":"pa_tur-kitap","9":"pa_yayinevi-ani-yayincilik","10":"pa_yazar-kolektif","12":"first","13":"instock","14":"sale","15":"shipping-taxable","16":"purchasable","17":"product-type-simple"},"_links":{"self":[{"href":"https:\/\/roveyayinevi.com.tr\/index.php\/wp-json\/wp\/v2\/product\/743723","targetHints":{"allow":["GET"]}}],"collection":[{"href":"https:\/\/roveyayinevi.com.tr\/index.php\/wp-json\/wp\/v2\/product"}],"about":[{"href":"https:\/\/roveyayinevi.com.tr\/index.php\/wp-json\/wp\/v2\/types\/product"}],"wp:attachment":[{"href":"https:\/\/roveyayinevi.com.tr\/index.php\/wp-json\/wp\/v2\/media?parent=743723"}],"wp:term":[{"taxonomy":"product_brand","embeddable":true,"href":"https:\/\/roveyayinevi.com.tr\/index.php\/wp-json\/wp\/v2\/product_brand?post=743723"},{"taxonomy":"product_cat","embeddable":true,"href":"https:\/\/roveyayinevi.com.tr\/index.php\/wp-json\/wp\/v2\/product_cat?post=743723"},{"taxonomy":"product_tag","embeddable":true,"href":"https:\/\/roveyayinevi.com.tr\/index.php\/wp-json\/wp\/v2\/product_tag?post=743723"}],"curies":[{"name":"wp","href":"https:\/\/api.w.org\/{rel}","templated":true}]}}