{"id":743721,"date":"2025-08-28T01:41:06","date_gmt":"2025-08-27T22:41:06","guid":{"rendered":"https:\/\/roveyayinevi.com.tr\/index.php\/urun\/hind-islam-sanati-uzerine-yeni-arastirmalar\/"},"modified":"2026-04-16T02:54:55","modified_gmt":"2026-04-15T23:54:55","slug":"hind-islam-sanati-uzerine-yeni-arastirmalar","status":"publish","type":"product","link":"https:\/\/roveyayinevi.com.tr\/index.php\/urun\/hind-islam-sanati-uzerine-yeni-arastirmalar\/","title":{"rendered":"Hind &#8211; \u0130slam Sanat\u0131 \u00dczerine Yeni Ara\u015ft\u0131rmalar"},"content":{"rendered":"<p>Kutbeddin Aybeg\u2019in 1192\u2019de Delhi\u2019yi almas\u0131ndan sonra G\u00fcney Asya\u2019da \u0130sl\u00e2m sanat\u0131 Karahanl\u0131, Gazneli ve Sel\u00e7uklu sanat geleneklerinin bir yans\u0131mas\u0131 olarak kendini g\u00f6stermeye ba\u015flam\u0131\u015f, Bab\u00fcrl\u00fc \u0130mparatorlu\u011fu tecr\u00fcbesi ile de zengin bir sanat anlay\u0131\u015f\u0131n\u0131n en muhte\u015fem \u00f6rneklerini vermi\u015ftir. Bu d\u00f6nemde alt k\u0131tan\u0131n tamam\u0131 Cuma camileri gibi muazzam mabedler, \u0130sl\u00e2m d\u00fcnyas\u0131n\u0131n hi\u00e7bir yerinde benzeri olmayan heybetli t\u00fcrbeler, dev\u00e2sa surlar\u0131yla kaleler, g\u00f6z kama\u015ft\u0131ran saraylar ile havuzlu k\u00f6\u015fk ve \u00e7arba\u011flar gibi sadece din\u00ee mimar\u00eenin de\u011fil sivil ve asker\u00ee mimar\u00eenin de s\u0131ra d\u0131\u015f\u0131 \u00f6rnekleriyle bezenmi\u015ftir. Son h\u00fck\u00fcmd\u00e2r II. Bahadur \u015eah\u2019\u0131n derdest edilerek Bab\u00fcrl\u00fclerin 1858\u2019deki y\u0131k\u0131l\u0131\u015flar\u0131ndan sonra \u0130ngiliz d\u00f6neminde ve g\u00fcn\u00fcm\u00fcz Hindistan\u2019\u0131nda da etkilerini devam ettiren bu s\u00fcre\u00e7, yerel unsurlarca da benimsenmi\u015f ola\u011fan\u00fcst\u00fc zenginlikteki k\u00fclt\u00fcr, sanat ve mimarl\u0131k geleneklerini do\u011furmu\u015ftur.   Bu \u00e7al\u0131\u015fman\u0131n amac\u0131, Hind-\u0130sl\u00e2m sanat\u0131n\u0131n b\u00fct\u00fcn\u00fcn\u00fc ve bu alanda yap\u0131lan \u00e7al\u0131\u015fmalar\u0131 ortaya koymak de\u011fil, ancak onun tarihsel seyrine \u0131\u015f\u0131k tutacak genel hat\u0131rlatmalar yaparak alt k\u0131tadaki \u0130sl\u00e2m  k\u00fclt\u00fcr\u00fc ve sanat\u0131n\u0131n daha \u00f6nce etrafl\u0131 bir ara\u015ft\u0131rmaya konu olmam\u0131\u015f eser ve yans\u0131malar\u0131na ili\u015fkin arazi \u00e7al\u0131\u015fmalar\u0131, saha g\u00f6zlemleri ve literat\u00fcr ara\u015ft\u0131rmalar\u0131na dayal\u0131 bilgi ve bulgular\u0131, sanat tarihi disiplini perspektifinden ula\u015f\u0131lan sonu\u00e7 ve de\u011ferlendirmeleri, r\u00f6l\u00f6ve ve foro\u011fraflarla destekleyerek ara\u015ft\u0131r\u0131c\u0131lar\u0131n dikkatine sunmak; T\u00fcrk ve \u0130sl\u00e2m sanat\u0131na dair G\u00fcney Asya\u2019daki muhtev\u00e2n\u0131n anla\u015f\u0131lmas\u0131na katk\u0131da bulunmakt\u0131r. <\/p>\n","protected":false},"excerpt":{"rendered":"<p>Kutbeddin Aybeg\u2019in 1192\u2019de Delhi\u2019yi almas\u0131ndan sonra G\u00fcney Asya\u2019da \u0130sl\u00e2m sanat\u0131 Karahanl\u0131, Gazneli ve Sel\u00e7uklu sanat geleneklerinin bir yans\u0131mas\u0131 olarak kendini g\u00f6stermeye ba\u015flam\u0131\u015f, Bab\u00fcrl\u00fc \u0130mparatorlu\u011fu tecr\u00fcbesi ile<span class=\"excerpt-hellip\"> [\u2026]<\/span><\/p>\n","protected":false},"featured_media":0,"template":"","meta":{"_monsterinsights_skip_tracking":false,"_monsterinsights_sitenote_active":false,"_monsterinsights_sitenote_note":"","_monsterinsights_sitenote_category":0},"product_brand":[],"product_cat":[12312,12304],"product_tag":[],"class_list":{"0":"post-743721","1":"product","2":"type-product","3":"status-publish","5":"product_cat-diger","6":"product_cat-tarih","7":"pa_cilt-ciltsiz","8":"pa_tur-kitap","9":"pa_yayinevi-ideal-kultur-akademik","10":"pa_yazar-seyfullah-palali","12":"first","13":"instock","14":"sale","15":"shipping-taxable","16":"purchasable","17":"product-type-simple"},"_links":{"self":[{"href":"https:\/\/roveyayinevi.com.tr\/index.php\/wp-json\/wp\/v2\/product\/743721","targetHints":{"allow":["GET"]}}],"collection":[{"href":"https:\/\/roveyayinevi.com.tr\/index.php\/wp-json\/wp\/v2\/product"}],"about":[{"href":"https:\/\/roveyayinevi.com.tr\/index.php\/wp-json\/wp\/v2\/types\/product"}],"wp:attachment":[{"href":"https:\/\/roveyayinevi.com.tr\/index.php\/wp-json\/wp\/v2\/media?parent=743721"}],"wp:term":[{"taxonomy":"product_brand","embeddable":true,"href":"https:\/\/roveyayinevi.com.tr\/index.php\/wp-json\/wp\/v2\/product_brand?post=743721"},{"taxonomy":"product_cat","embeddable":true,"href":"https:\/\/roveyayinevi.com.tr\/index.php\/wp-json\/wp\/v2\/product_cat?post=743721"},{"taxonomy":"product_tag","embeddable":true,"href":"https:\/\/roveyayinevi.com.tr\/index.php\/wp-json\/wp\/v2\/product_tag?post=743721"}],"curies":[{"name":"wp","href":"https:\/\/api.w.org\/{rel}","templated":true}]}}