{"id":743718,"date":"2025-08-28T01:41:02","date_gmt":"2025-08-27T22:41:02","guid":{"rendered":"https:\/\/roveyayinevi.com.tr\/index.php\/urun\/saskin-robot-norby\/"},"modified":"2026-04-16T02:54:55","modified_gmt":"2026-04-15T23:54:55","slug":"saskin-robot-norby","status":"publish","type":"product","link":"https:\/\/roveyayinevi.com.tr\/index.php\/urun\/saskin-robot-norby\/","title":{"rendered":"\u015ea\u015fk\u0131n Robot Norby"},"content":{"rendered":"<p>Norby ile tan\u0131\u015f\u0131n! Kendisi \u00e7ok yard\u0131msever ama biraz \u015fa\u015fk\u0131n bir robot!Mars Swahili dilini \u00f6\u011frenmek i\u00e7in \u00f6zel derse ihtiya\u00e7 duyan Uzay Akademisi \u00f6\u011frencisi Jeff Well, kendine bir \u201c\u00f6\u011fretici robot\u201d ararken yolu ikinci el d\u00fckk\u00e2n\u0131nda Norby ile kesi\u015fiyor.Norby, s\u0131radan robot becerilerinin yan\u0131 s\u0131ra yer\u00e7ekimine kar\u015f\u0131 koyabilme ve hiperuzay gibi ola\u011fan\u00fcst\u00fc bir dizi g\u00fcce sahip. Fakat bu yeteneklerini nas\u0131l kullanaca\u011f\u0131ndan bazen emin olam\u0131yor&#8230; Jeff ve Norby&#8217;nin birlikte, evrenin imparatoru olmaya haz\u0131rlanan gizemli Ing\u2019in u\u011fursuz plan\u0131n\u0131 engellemenin bir yolunu bulmalar\u0131 gerekiyor!Norby G\u00fcnl\u00fckleri Serisi\u2019nin ilk kitab\u0131 olarak Janet Asimov ile Ben Robot ve daha pek \u00e7ok kitab\u0131n yazar\u0131 olan Isaac Asimov taraf\u0131ndan yaz\u0131lan \u015ea\u015fk\u0131n Robot Norby, gen\u00e7 okurlar\u0131 bilim kurgu ile tan\u0131\u015ft\u0131rmak i\u00e7in harika bir se\u00e7enek!<\/p>\n","protected":false},"excerpt":{"rendered":"<p>Norby ile tan\u0131\u015f\u0131n! Kendisi \u00e7ok yard\u0131msever ama biraz \u015fa\u015fk\u0131n bir robot!Mars Swahili dilini \u00f6\u011frenmek i\u00e7in \u00f6zel derse ihtiya\u00e7 duyan Uzay Akademisi \u00f6\u011frencisi Jeff Well, kendine bir<span class=\"excerpt-hellip\"> [\u2026]<\/span><\/p>\n","protected":false},"featured_media":0,"template":"","meta":{"_monsterinsights_skip_tracking":false,"_monsterinsights_sitenote_active":false,"_monsterinsights_sitenote_note":"","_monsterinsights_sitenote_category":0},"product_brand":[],"product_cat":[12689,12274],"product_tag":[],"class_list":{"0":"post-743718","1":"product","2":"type-product","3":"status-publish","5":"product_cat-cizgi-roman-cocuk-ve-genclik-kitaplari","6":"product_cat-cocuk-ve-genclik-kitaplari","7":"pa_cilt-ciltsiz","8":"pa_tur-kitap","9":"pa_yayinevi-ithaki-yayinlari","10":"pa_yazar-janet-asimov-isaac-asimov","12":"first","13":"instock","14":"sale","15":"shipping-taxable","16":"purchasable","17":"product-type-simple"},"_links":{"self":[{"href":"https:\/\/roveyayinevi.com.tr\/index.php\/wp-json\/wp\/v2\/product\/743718","targetHints":{"allow":["GET"]}}],"collection":[{"href":"https:\/\/roveyayinevi.com.tr\/index.php\/wp-json\/wp\/v2\/product"}],"about":[{"href":"https:\/\/roveyayinevi.com.tr\/index.php\/wp-json\/wp\/v2\/types\/product"}],"wp:attachment":[{"href":"https:\/\/roveyayinevi.com.tr\/index.php\/wp-json\/wp\/v2\/media?parent=743718"}],"wp:term":[{"taxonomy":"product_brand","embeddable":true,"href":"https:\/\/roveyayinevi.com.tr\/index.php\/wp-json\/wp\/v2\/product_brand?post=743718"},{"taxonomy":"product_cat","embeddable":true,"href":"https:\/\/roveyayinevi.com.tr\/index.php\/wp-json\/wp\/v2\/product_cat?post=743718"},{"taxonomy":"product_tag","embeddable":true,"href":"https:\/\/roveyayinevi.com.tr\/index.php\/wp-json\/wp\/v2\/product_tag?post=743718"}],"curies":[{"name":"wp","href":"https:\/\/api.w.org\/{rel}","templated":true}]}}