{"id":743716,"date":"2025-08-28T01:41:00","date_gmt":"2025-08-27T22:41:00","guid":{"rendered":"https:\/\/roveyayinevi.com.tr\/index.php\/urun\/degisimi-yonetmek\/"},"modified":"2026-04-16T02:54:55","modified_gmt":"2026-04-15T23:54:55","slug":"degisimi-yonetmek","status":"publish","type":"product","link":"https:\/\/roveyayinevi.com.tr\/index.php\/urun\/degisimi-yonetmek\/","title":{"rendered":"De\u011fi\u015fimi Y\u00f6netmek"},"content":{"rendered":"<p>De\u011fi\u015fimin g\u00fcc\u00fc her yerde: yeni teknolojik geli\u015fmeler, de\u011fi\u015fen yasal d\u00fczenlemeler, yeni patronlar ve i\u015f ortaklar\u0131\u2026   \u2022 De\u011fi\u015fime haz\u0131r ve uygun musunuz?    \u2022 Daha iyisi i\u00e7in, de\u011fi\u015fimle nas\u0131l ba\u015fa \u00e7\u0131kaca\u011f\u0131n\u0131z\u0131 biliyor musunuz?   Bir\u00e7ok i\u015fletmenin hayatta kalmas\u0131 ve gelecekteki ba\u015far\u0131s\u0131, genellikle y\u00f6neticilerinin h\u0131zl\u0131 hareket etme, de\u011fi\u015fimin h\u0131z\u0131na ayak uydurma, tuzaklardan ka\u00e7\u0131nma ve yeni ko\u015fullar\u0131n sundu\u011fu f\u0131rsatlar\u0131 yakalama yetene\u011fine ba\u011fl\u0131d\u0131r. K\u0131lavuz niteli\u011findeki bu kitap, de\u011fi\u015fim labirentinde size yard\u0131mc\u0131 olacak ve kontrol\u00fc yeniden kazanman\u0131za, d\u00f6n\u00fc\u015f\u00fcm\u00fc kucaklaman\u0131za ve kendiniz i\u00e7in daha iyi bir de\u011fi\u015fim s\u00fcreci y\u00fcr\u00fctmenize olanak sa\u011flayacak.    De\u011fi\u015fimi Y\u00f6netmek, de\u011fi\u015fime haz\u0131rlanmaya, ba\u015far\u0131l\u0131 de\u011fi\u015fimi te\u015fvik etmeye ve de\u011fi\u015fimin s\u00fcrd\u00fcr\u00fclmesine dair i\u00e7erdi\u011fi tavsiyeler ve uygulanabilir y\u00f6ntemlerle, y\u00f6netici pozisyonundaki herkes i\u00e7in vazge\u00e7ilmez bir kaynak.   <\/p>\n","protected":false},"excerpt":{"rendered":"<p>De\u011fi\u015fimin g\u00fcc\u00fc her yerde: yeni teknolojik geli\u015fmeler, de\u011fi\u015fen yasal d\u00fczenlemeler, yeni patronlar ve i\u015f ortaklar\u0131\u2026 \u2022 De\u011fi\u015fime haz\u0131r ve uygun musunuz? \u2022 Daha iyisi i\u00e7in, de\u011fi\u015fimle<span class=\"excerpt-hellip\"> [\u2026]<\/span><\/p>\n","protected":false},"featured_media":0,"template":"","meta":{"_monsterinsights_skip_tracking":false,"_monsterinsights_sitenote_active":false,"_monsterinsights_sitenote_note":"","_monsterinsights_sitenote_category":0},"product_brand":[],"product_cat":[13043,19008],"product_tag":[],"class_list":{"0":"post-743716","1":"product","2":"type-product","3":"status-publish","5":"product_cat-ekonomi","6":"product_cat-yonetim","7":"pa_cilt-ciltsiz","8":"pa_tur-kitap","9":"pa_yayinevi-nova-kitap","10":"pa_yazar-patrick-forsyth","12":"first","13":"instock","14":"sale","15":"shipping-taxable","16":"purchasable","17":"product-type-simple"},"_links":{"self":[{"href":"https:\/\/roveyayinevi.com.tr\/index.php\/wp-json\/wp\/v2\/product\/743716","targetHints":{"allow":["GET"]}}],"collection":[{"href":"https:\/\/roveyayinevi.com.tr\/index.php\/wp-json\/wp\/v2\/product"}],"about":[{"href":"https:\/\/roveyayinevi.com.tr\/index.php\/wp-json\/wp\/v2\/types\/product"}],"wp:attachment":[{"href":"https:\/\/roveyayinevi.com.tr\/index.php\/wp-json\/wp\/v2\/media?parent=743716"}],"wp:term":[{"taxonomy":"product_brand","embeddable":true,"href":"https:\/\/roveyayinevi.com.tr\/index.php\/wp-json\/wp\/v2\/product_brand?post=743716"},{"taxonomy":"product_cat","embeddable":true,"href":"https:\/\/roveyayinevi.com.tr\/index.php\/wp-json\/wp\/v2\/product_cat?post=743716"},{"taxonomy":"product_tag","embeddable":true,"href":"https:\/\/roveyayinevi.com.tr\/index.php\/wp-json\/wp\/v2\/product_tag?post=743716"}],"curies":[{"name":"wp","href":"https:\/\/api.w.org\/{rel}","templated":true}]}}