{"id":743715,"date":"2025-08-28T01:40:58","date_gmt":"2025-08-27T22:40:58","guid":{"rendered":"https:\/\/roveyayinevi.com.tr\/index.php\/urun\/efsane\/"},"modified":"2026-04-16T02:54:55","modified_gmt":"2026-04-15T23:54:55","slug":"efsane","status":"publish","type":"product","link":"https:\/\/roveyayinevi.com.tr\/index.php\/urun\/efsane\/","title":{"rendered":"Efsane"},"content":{"rendered":"<p>TEHL\u0130KEL\u0130 ANLA\u015eMALAR BEKLENMED\u0130K \u0130TT\u0130FAKLAR G\u00d6M\u00dcL\u00dc KALMASI GEREKEN SIRLAR   Marigold\u2019un Saint\u2019ten kurtulmas\u0131yla m\u00fcrettebat yeni bir ba\u015flang\u0131ca yelken a\u00e7mak \u00fczereydi. Ancak Fable, babas\u0131n\u0131n en b\u00fcy\u00fck d\u00fc\u015fman\u0131 Zola taraf\u0131ndan ka\u00e7\u0131r\u0131l\u0131nca bu \u00f6zg\u00fcrl\u00fckleri k\u0131sa s\u00fcrecekti. Fable kendi gemisine d\u00f6nmek istiyorsa, Zola\u2019n\u0131n denizlerin en g\u00fc\u00e7l\u00fc m\u00fccevher t\u00fcccar\u0131 Holland\u2019la bir anla\u015fma yapmas\u0131na yard\u0131mc\u0131 olmak zorundayd\u0131.   West ona ula\u015fmak i\u00e7in ellerini kirletmekten \u00e7ekinmezken, Fable kimsenin kazanamayaca\u011f\u0131 bir oyunun derinliklerine \u00e7ekiliyordu. \u0130hanet ve aldatmacalar\u0131n h\u00fck\u00fcm s\u00fcrd\u00fc\u011f\u00fc bu d\u00fcnyan\u0131n ger\u00e7ek y\u00fcz\u00fcn\u00fc g\u00f6rd\u00fc\u011f\u00fcnde, annesinin s\u0131rlar\u0131n\u0131n asl\u0131nda ne kadar \u00f6l\u00fcmc\u00fcl oldu\u011funu \u00f6\u011frenecekti.   \u00d6zg\u00fcrl\u00fck \u00e7ok g\u00fc\u00e7l\u00fc bir yan\u0131lsamayd\u0131 ancak sevdiklerini kurtar\u0131p evine d\u00f6nmek istiyorsa, denizin \u00e7a\u011fr\u0131s\u0131na kulak vermesi ve her \u015feyi riske atmas\u0131 gerekecekti.     \u201cS\u0131n\u0131r tan\u0131mayan bir hayal g\u00fcc\u00fcyle kurulmu\u015f bir denizcilik d\u00fcnyas\u0131\u2026 Fable\u2019\u0131n hayranlar\u0131 bu hik\u00e2yenin kapan\u0131\u015f\u0131na bay\u0131lacaklar.\u201d  \u2014Kirkus   \u201cMarigold\u2019un g\u00fcvertesine Fable\u2019la birlikte atlayanlar\u0131 sonunda tatmin edecek, heyecanl\u0131 ve h\u0131z kesmeyen bir yolculuk. Bu seri hakk\u0131nda sevilecek \u00e7ok \u015fey var. Dur durak bilmeyen temposu her sayfada nefesinizi kesecek.\u201d \u2014Culturess   \u201c\u0130lk kitab\u0131n hayranlar\u0131, ac\u0131mas\u0131z su\u00e7lular ve zorlu maceralarla dolu bu denize \u00f6zg\u00fc d\u00fcnyadan ayr\u0131lmak istemeyecekler. Erdemleri ve t\u00fcm kusurlar\u0131yla birbirlerine sad\u0131k Fable ve West ile m\u00fcrettebat\u0131 \u00e7ok \u00f6zlemi\u015fiz.\u201d \u2014BCCB   \u201cB\u00fcy\u00fcleyici bir gen\u00e7 yeti\u015fkin fantastik serisine nefes kesen bir kapan\u0131\u015f.\u201d \u2014Young Adults Books Central <\/p>\n","protected":false},"excerpt":{"rendered":"<p>TEHL\u0130KEL\u0130 ANLA\u015eMALAR BEKLENMED\u0130K \u0130TT\u0130FAKLAR G\u00d6M\u00dcL\u00dc KALMASI GEREKEN SIRLAR Marigold\u2019un Saint\u2019ten kurtulmas\u0131yla m\u00fcrettebat yeni bir ba\u015flang\u0131ca yelken a\u00e7mak \u00fczereydi. Ancak Fable, babas\u0131n\u0131n en b\u00fcy\u00fck d\u00fc\u015fman\u0131 Zola taraf\u0131ndan<span class=\"excerpt-hellip\"> [\u2026]<\/span><\/p>\n","protected":false},"featured_media":0,"template":"","meta":{"_monsterinsights_skip_tracking":false,"_monsterinsights_sitenote_active":false,"_monsterinsights_sitenote_note":"","_monsterinsights_sitenote_category":0},"product_brand":[],"product_cat":[12291,14777],"product_tag":[],"class_list":{"0":"post-743715","1":"product","2":"type-product","3":"status-publish","5":"product_cat-edebiyat","6":"product_cat-fantastik","7":"pa_cilt-ciltsiz","8":"pa_tur-kitap","9":"pa_yayinevi-yabanci-yayinevi","10":"pa_yazar-adrienne-young","12":"first","13":"instock","14":"sale","15":"shipping-taxable","16":"purchasable","17":"product-type-simple"},"_links":{"self":[{"href":"https:\/\/roveyayinevi.com.tr\/index.php\/wp-json\/wp\/v2\/product\/743715","targetHints":{"allow":["GET"]}}],"collection":[{"href":"https:\/\/roveyayinevi.com.tr\/index.php\/wp-json\/wp\/v2\/product"}],"about":[{"href":"https:\/\/roveyayinevi.com.tr\/index.php\/wp-json\/wp\/v2\/types\/product"}],"wp:attachment":[{"href":"https:\/\/roveyayinevi.com.tr\/index.php\/wp-json\/wp\/v2\/media?parent=743715"}],"wp:term":[{"taxonomy":"product_brand","embeddable":true,"href":"https:\/\/roveyayinevi.com.tr\/index.php\/wp-json\/wp\/v2\/product_brand?post=743715"},{"taxonomy":"product_cat","embeddable":true,"href":"https:\/\/roveyayinevi.com.tr\/index.php\/wp-json\/wp\/v2\/product_cat?post=743715"},{"taxonomy":"product_tag","embeddable":true,"href":"https:\/\/roveyayinevi.com.tr\/index.php\/wp-json\/wp\/v2\/product_tag?post=743715"}],"curies":[{"name":"wp","href":"https:\/\/api.w.org\/{rel}","templated":true}]}}