{"id":743714,"date":"2025-08-28T01:40:57","date_gmt":"2025-08-27T22:40:57","guid":{"rendered":"https:\/\/roveyayinevi.com.tr\/index.php\/urun\/silmarillion\/"},"modified":"2026-04-16T02:54:55","modified_gmt":"2026-04-15T23:54:55","slug":"silmarillion","status":"publish","type":"product","link":"https:\/\/roveyayinevi.com.tr\/index.php\/urun\/silmarillion\/","title":{"rendered":"Silmarillion"},"content":{"rendered":"<p>Tolkien\u2019in en \u00f6nemli \u00e7al\u0131\u015fmas\u0131 olarak kabul edilen Silmarillion, onun yaratt\u0131\u011f\u0131 d\u00fcnyan\u0131n \u00f6z\u00fcd\u00fcr. K\u00f6kleri Hobbit\u2019ten \u00f6nceye uzan\u0131r ve Y\u00fcz\u00fcklerin Efendisi\u2019nde \u015fekillenmeye ba\u015flayan bir d\u00fcnyan\u0131n yarat\u0131l\u0131\u015f \u00f6yk\u00fcs\u00fcn\u00fc bar\u0131nd\u0131rarak, t\u00fcm Tolkien eserlerinin \u00fczerine yerle\u015febilece\u011fi bir yap\u0131 olu\u015fturur. Usta yazar\u0131n ya\u015fam\u0131 boyunca \u00fczerinde \u00e7al\u0131\u015fmay\u0131 b\u0131rakamad\u0131\u011f\u0131 ve giderek b\u00fcy\u00fcy\u00fcp geli\u015fen bu eser ancak \u00f6l\u00fcm\u00fcnden d\u00f6rt y\u0131l sonra o\u011flu taraf\u0131ndan yay\u0131mlanabildi. Silmarillion, Elflerin tanr\u0131lara isyan ederek Valinor\u2019dan Orta D\u00fcnya\u2019ya g\u00f6\u00e7 etmelerini; orada \u0130nsanlar ve C\u00fccelerle birle\u015ferek tanr\u0131lar\u0131n en k\u00f6t\u00fcs\u00fcne, Morgoth\u2019a kar\u015f\u0131 verdikleri umutsuz sava\u015f\u0131 anlat\u0131r.   \u201cEru vard\u0131, Tek Olan; Il\u00favatar derlerdi ad\u0131na Arda\u2019da. Ve o \u00f6nce Ainur\u2019u yapt\u0131, Kutsal Olanlar\u2019\u0131, bunlar zihninin evlatlar\u0131 idiler ve sair hi\u00e7bir \u015fey yarat\u0131lmadan evvel onunla birlikteydiler.\u201d <\/p>\n","protected":false},"excerpt":{"rendered":"<p>Tolkien\u2019in en \u00f6nemli \u00e7al\u0131\u015fmas\u0131 olarak kabul edilen Silmarillion, onun yaratt\u0131\u011f\u0131 d\u00fcnyan\u0131n \u00f6z\u00fcd\u00fcr. K\u00f6kleri Hobbit\u2019ten \u00f6nceye uzan\u0131r ve Y\u00fcz\u00fcklerin Efendisi\u2019nde \u015fekillenmeye ba\u015flayan bir d\u00fcnyan\u0131n yarat\u0131l\u0131\u015f \u00f6yk\u00fcs\u00fcn\u00fc bar\u0131nd\u0131rarak,<span class=\"excerpt-hellip\"> [\u2026]<\/span><\/p>\n","protected":false},"featured_media":0,"template":"","meta":{"_monsterinsights_skip_tracking":false,"_monsterinsights_sitenote_active":false,"_monsterinsights_sitenote_note":"","_monsterinsights_sitenote_category":0},"product_brand":[],"product_cat":[12291,14777],"product_tag":[],"class_list":{"0":"post-743714","1":"product","2":"type-product","3":"status-publish","5":"product_cat-edebiyat","6":"product_cat-fantastik","7":"pa_cilt-ciltsiz","8":"pa_tur-kitap","9":"pa_yayinevi-ithaki-yayinlari","10":"pa_yazar-j-r-r-tolkien","12":"first","13":"instock","14":"sale","15":"shipping-taxable","16":"purchasable","17":"product-type-simple"},"_links":{"self":[{"href":"https:\/\/roveyayinevi.com.tr\/index.php\/wp-json\/wp\/v2\/product\/743714","targetHints":{"allow":["GET"]}}],"collection":[{"href":"https:\/\/roveyayinevi.com.tr\/index.php\/wp-json\/wp\/v2\/product"}],"about":[{"href":"https:\/\/roveyayinevi.com.tr\/index.php\/wp-json\/wp\/v2\/types\/product"}],"wp:attachment":[{"href":"https:\/\/roveyayinevi.com.tr\/index.php\/wp-json\/wp\/v2\/media?parent=743714"}],"wp:term":[{"taxonomy":"product_brand","embeddable":true,"href":"https:\/\/roveyayinevi.com.tr\/index.php\/wp-json\/wp\/v2\/product_brand?post=743714"},{"taxonomy":"product_cat","embeddable":true,"href":"https:\/\/roveyayinevi.com.tr\/index.php\/wp-json\/wp\/v2\/product_cat?post=743714"},{"taxonomy":"product_tag","embeddable":true,"href":"https:\/\/roveyayinevi.com.tr\/index.php\/wp-json\/wp\/v2\/product_tag?post=743714"}],"curies":[{"name":"wp","href":"https:\/\/api.w.org\/{rel}","templated":true}]}}