{"id":743713,"date":"2025-08-28T01:40:55","date_gmt":"2025-08-27T22:40:55","guid":{"rendered":"https:\/\/roveyayinevi.com.tr\/index.php\/urun\/hasangiller\/"},"modified":"2026-04-16T02:54:54","modified_gmt":"2026-04-15T23:54:54","slug":"hasangiller","status":"publish","type":"product","link":"https:\/\/roveyayinevi.com.tr\/index.php\/urun\/hasangiller\/","title":{"rendered":"Hasangiller"},"content":{"rendered":"<p>\u201cSadece g\u00f6\u011fs\u00fcn\u00fc g\u00f6r\u00fcyordum. Kocaman yakas\u0131 \u00e7\u00f6z\u00fck, k\u0131ll\u0131 g\u00f6\u011fs\u00fcn\u00fc. B\u0131\u00e7a\u011f\u0131 olanca g\u00fcc\u00fcmle havaya kald\u0131rd\u0131m, indirdim. Sert bir yere \u00e7arpt\u0131 ilkin. Elim sendelendi, bast\u0131rd\u0131m. Ete girerken, kemiklerdeki \u00e7\u0131t\u0131rt\u0131s\u0131 koluma, kolumdan b\u00fct\u00fcn v\u00fccuduma de\u011fdi. Geri \u00e7ekmek istedim, gelmedi. H\u0131zla d\u00f6nd\u00fcrd\u00fcm. K\u00f6m\u00fcr gibi koyu, simsiyah bir kan, f\u0131skiyelenip d\u0131\u015far\u0131 at\u0131ld\u0131. Y\u00fcz\u00fcme g\u00f6z\u00fcme doldu. B\u0131\u00e7a\u011f\u0131 oldu\u011fu yerde, g\u00f6\u011fs\u00fcnde b\u0131rakt\u0131m. Y\u0131k\u0131ld\u0131, k\u0131vranmaya, ba\u011f\u0131r\u0131p \u00e7a\u011f\u0131rmaya ba\u015flad\u0131. Ye\u015fil ye\u015fil de kusuyordu. Mama, koynundaki polis d\u00fcd\u00fc\u011f\u00fcn\u00fc, korkudan kas\u0131lm\u0131\u015f, \u00e7\u0131kard\u0131; deli gibi \u00f6tt\u00fcrd\u00fc, \u00f6tt\u00fcrd\u00fc, \u00f6tt\u00fcrd\u00fc.\u201d   Hasangiller, ad\u0131ndan da anla\u015f\u0131laca\u011f\u0131 \u00fczere Hasan ve etraf\u0131ndaki insanlar\u0131; yani ailesini, arkada\u015flar\u0131n\u0131 anlat\u0131yor.   Peki, kim bu Hasan?   Hasan bir yeni yetme, bir \u201cdelikanl\u0131\u201d. Bir yan\u0131yla aylak bir gen\u00e7 adam. Arkada\u015flar\u0131yla serserilik etmeyi, t\u00fcm g\u00fcn bo\u015f bo\u015f dola\u015fmay\u0131 seviyor. Bir yan\u0131ylaysa yuva kurmak, bir i\u015fin ucundan tutmak isteyen, el yordam\u0131yla kendisini var etmenin yollar\u0131n\u0131 arayan bir kahraman o.   G\u00fcn\u00fcn birinde, randevuevinde \u00e7al\u0131\u015fan \u201cdostu\u201d G\u00fcnay y\u00fcz\u00fcnden elini kana buluyor. Alelade hayat\u0131, gelece\u011fe dair planlar\u0131 alt\u00fcst oluyor. Hapse girip \u00e7\u0131kt\u0131ktan sonra, hayat ald\u0131r\u0131\u015fs\u0131z ve hercai ak\u0131p giderken Hasan da kendisine soruyor: Peki, kim bu Hasan? Ne yapmak istiyor?   Hasangiller, hayatta ve a\u015fkta yolunu arayan, buldum sand\u0131k\u00e7a kaybeden ancak inatla bir kez daha arayacak g\u00fcc\u00fc kendinde bulan bir genci t\u00fcm ger\u00e7ekli\u011fiyle ortaya koyuyor. <\/p>\n","protected":false},"excerpt":{"rendered":"<p>\u201cSadece g\u00f6\u011fs\u00fcn\u00fc g\u00f6r\u00fcyordum. Kocaman yakas\u0131 \u00e7\u00f6z\u00fck, k\u0131ll\u0131 g\u00f6\u011fs\u00fcn\u00fc. B\u0131\u00e7a\u011f\u0131 olanca g\u00fcc\u00fcmle havaya kald\u0131rd\u0131m, indirdim. Sert bir yere \u00e7arpt\u0131 ilkin. Elim sendelendi, bast\u0131rd\u0131m. Ete girerken, kemiklerdeki \u00e7\u0131t\u0131rt\u0131s\u0131<span class=\"excerpt-hellip\"> [\u2026]<\/span><\/p>\n","protected":false},"featured_media":0,"template":"","meta":{"_monsterinsights_skip_tracking":false,"_monsterinsights_sitenote_active":false,"_monsterinsights_sitenote_note":"","_monsterinsights_sitenote_category":0},"product_brand":[],"product_cat":[12291,12711],"product_tag":[],"class_list":{"0":"post-743713","1":"product","2":"type-product","3":"status-publish","5":"product_cat-edebiyat","6":"product_cat-roman-oyku","7":"pa_cilt-ciltsiz","8":"pa_tur-kitap","9":"pa_yayinevi-ithaki-yayinlari","10":"pa_yazar-tarik-dursun-k","12":"first","13":"instock","14":"sale","15":"shipping-taxable","16":"purchasable","17":"product-type-simple"},"_links":{"self":[{"href":"https:\/\/roveyayinevi.com.tr\/index.php\/wp-json\/wp\/v2\/product\/743713","targetHints":{"allow":["GET"]}}],"collection":[{"href":"https:\/\/roveyayinevi.com.tr\/index.php\/wp-json\/wp\/v2\/product"}],"about":[{"href":"https:\/\/roveyayinevi.com.tr\/index.php\/wp-json\/wp\/v2\/types\/product"}],"wp:attachment":[{"href":"https:\/\/roveyayinevi.com.tr\/index.php\/wp-json\/wp\/v2\/media?parent=743713"}],"wp:term":[{"taxonomy":"product_brand","embeddable":true,"href":"https:\/\/roveyayinevi.com.tr\/index.php\/wp-json\/wp\/v2\/product_brand?post=743713"},{"taxonomy":"product_cat","embeddable":true,"href":"https:\/\/roveyayinevi.com.tr\/index.php\/wp-json\/wp\/v2\/product_cat?post=743713"},{"taxonomy":"product_tag","embeddable":true,"href":"https:\/\/roveyayinevi.com.tr\/index.php\/wp-json\/wp\/v2\/product_tag?post=743713"}],"curies":[{"name":"wp","href":"https:\/\/api.w.org\/{rel}","templated":true}]}}