{"id":743711,"date":"2025-08-28T01:40:52","date_gmt":"2025-08-27T22:40:52","guid":{"rendered":"https:\/\/roveyayinevi.com.tr\/index.php\/urun\/kursun-ata-ata-biter\/"},"modified":"2026-04-08T03:03:27","modified_gmt":"2026-04-08T00:03:27","slug":"kursun-ata-ata-biter","status":"publish","type":"product","link":"https:\/\/roveyayinevi.com.tr\/index.php\/urun\/kursun-ata-ata-biter\/","title":{"rendered":"Kur\u015fun Ata Ata Biter"},"content":{"rendered":"<p>\u201cBu kasaban\u0131n, bu \u00e7evre k\u00f6ylerin t\u00fcm adam\u0131 bu i\u015ften ekmek yer. Ka\u00e7ak\u00e7\u0131l\u0131k yapmas\u0131n da n\u2019aps\u0131n? Ekilecek topra\u011f\u0131 m\u0131 var? Hepsini alm\u0131\u015f h\u00fck\u00fcmet, s\u0131n\u0131r demi\u015f, d\u00f6\u015femi\u015f may\u0131n\u0131. Tarlalar may\u0131n alt\u0131nda&#8230; Zeytinlikler may\u0131n deryas\u0131nda y\u00fcz\u00fcyor. Babam ki, bu i\u015fte en ehildi, kokusundan anlard\u0131 may\u0131n\u0131, r\u00fczg\u00e2r\u0131 dinler, candarmay\u0131 bilirdi. N\u2019oldu? Kar\u015f\u0131 gelemedi yazg\u0131s\u0131na. Bir gece, sabaha kar\u015f\u0131 adam\u0131n yar\u0131s\u0131n\u0131 getirdiler eve. Bitmi\u015fti. Ba\u015f\u0131na topla\u015ft\u0131k, i\u015faretle day\u0131m\u0131 istetti, bizi \u00e7\u0131kartt\u0131rd\u0131 odadan. Day\u0131mdan kendisini vurmas\u0131n\u0131 istemi\u015f. B\u00f6yle ya\u015famaktansa, demi\u015f; vur, kurtulay\u0131m \u0130smail, demi\u015f ona. \u0130smail day\u0131m dedi\u011fini yapt\u0131, vurdu babam\u0131.\u201dS\u0131n\u0131rda ya\u015fanan hayatlar\u0131n hik\u00e2yesi: Kur\u015fun Ata Ata Biter.Tar\u0131k Dursun K., kendisine 1984 y\u0131l\u0131nda Orhan Kemal Roman Arma\u011fan\u0131\u2019n\u0131 kazand\u0131ran roman\u0131nda, babadan o\u011fula devreden ka\u00e7ak\u00e7\u0131l\u0131k i\u015fleriyle u\u011fra\u015fan \u00dczer, Cevahir ve Tahir\u2019in m\u00fccadelesine odaklan\u0131yor. Onlara e\u015flik eden ve en az onlar kadar iyi \u00e7izilmi\u015f Gazel ve Hediye\u2019nin \u00fczerinden de kad\u0131n\u0131n bir s\u0131n\u0131r kasabas\u0131ndaki yeri hakk\u0131nda canl\u0131 g\u00f6r\u00fcnt\u00fcler ortaya koyuyor. Tellerin, may\u0131nlar\u0131n, d\u00fc\u015fmanlar\u0131n \u00e7evreledi\u011fi bu co\u011frafyada direnmek ve ayakta kalmak, ancak insanlar\u0131n birbirine duydu\u011fu g\u00fcvenle m\u00fcmk\u00fcn.Mek\u00e2n tasvirleri, gerilimin \u00f6n planda oldu\u011fu at \u00fcst\u00fcndeki sahneleri ve diyalo\u011fu \u00f6nde tutan anlat\u0131m\u0131yla Kur\u015fun Ata Ata Biter\u2019de, yazar\u0131n edebiyatla oldu\u011fu kadar sinemayla da derin bir ba\u011f kurdu\u011fu a\u00e7\u0131k\u00e7a g\u00f6r\u00fcl\u00fcyor.<\/p>\n","protected":false},"excerpt":{"rendered":"<p>\u201cBu kasaban\u0131n, bu \u00e7evre k\u00f6ylerin t\u00fcm adam\u0131 bu i\u015ften ekmek yer. Ka\u00e7ak\u00e7\u0131l\u0131k yapmas\u0131n da n\u2019aps\u0131n? Ekilecek topra\u011f\u0131 m\u0131 var? Hepsini alm\u0131\u015f h\u00fck\u00fcmet, s\u0131n\u0131r demi\u015f, d\u00f6\u015femi\u015f may\u0131n\u0131.<span class=\"excerpt-hellip\"> [\u2026]<\/span><\/p>\n","protected":false},"featured_media":0,"template":"","meta":{"_monsterinsights_skip_tracking":false,"_monsterinsights_sitenote_active":false,"_monsterinsights_sitenote_note":"","_monsterinsights_sitenote_category":0},"product_brand":[],"product_cat":[12291,12711],"product_tag":[],"class_list":{"0":"post-743711","1":"product","2":"type-product","3":"status-publish","5":"product_cat-edebiyat","6":"product_cat-roman-oyku","7":"pa_cilt-ciltsiz","8":"pa_tur-kitap","9":"pa_yayinevi-ithaki-yayinlari","10":"pa_yazar-tarik-dursun-k","12":"first","13":"instock","14":"sale","15":"shipping-taxable","16":"purchasable","17":"product-type-simple"},"_links":{"self":[{"href":"https:\/\/roveyayinevi.com.tr\/index.php\/wp-json\/wp\/v2\/product\/743711","targetHints":{"allow":["GET"]}}],"collection":[{"href":"https:\/\/roveyayinevi.com.tr\/index.php\/wp-json\/wp\/v2\/product"}],"about":[{"href":"https:\/\/roveyayinevi.com.tr\/index.php\/wp-json\/wp\/v2\/types\/product"}],"wp:attachment":[{"href":"https:\/\/roveyayinevi.com.tr\/index.php\/wp-json\/wp\/v2\/media?parent=743711"}],"wp:term":[{"taxonomy":"product_brand","embeddable":true,"href":"https:\/\/roveyayinevi.com.tr\/index.php\/wp-json\/wp\/v2\/product_brand?post=743711"},{"taxonomy":"product_cat","embeddable":true,"href":"https:\/\/roveyayinevi.com.tr\/index.php\/wp-json\/wp\/v2\/product_cat?post=743711"},{"taxonomy":"product_tag","embeddable":true,"href":"https:\/\/roveyayinevi.com.tr\/index.php\/wp-json\/wp\/v2\/product_tag?post=743711"}],"curies":[{"name":"wp","href":"https:\/\/api.w.org\/{rel}","templated":true}]}}