{"id":743710,"date":"2025-08-28T01:40:51","date_gmt":"2025-08-27T22:40:51","guid":{"rendered":"https:\/\/roveyayinevi.com.tr\/index.php\/urun\/simgesel-mitoloji\/"},"modified":"2026-04-16T02:54:54","modified_gmt":"2026-04-15T23:54:54","slug":"simgesel-mitoloji","status":"publish","type":"product","link":"https:\/\/roveyayinevi.com.tr\/index.php\/urun\/simgesel-mitoloji\/","title":{"rendered":"Simgesel Mitoloji"},"content":{"rendered":"<p>Ke\u00e7i derisine sar\u0131lan Jacob ve bir ke\u00e7i taraf\u0131ndan beslenen Jupiter, o\u011flak tak\u0131my\u0131ld\u0131zlar\u0131ndaki g\u00fcne\u015fti. Mendes ke\u00e7isi veya ko\u00e7u, Osiris bir ko\u00e7 olarak tekrar v\u00fccuda geldi\u011finde, Osiris&#8217;in ruhu olmu\u015ftu. Dendera&#8217;da, \u0130brahim&#8217;in \u0130shak i\u00e7in kurban etti\u011fi koyun gibi Jason ile ka\u00e7an Harlot&#8217;un koyunu par\u00e7alara ay\u0131r\u0131p tekrar bir araya getirerek yeniden can verdi\u011fi gibi bir bahar vaktinde, Osiris&#8217;in gen\u00e7le\u015fti\u011fi veya tekrar do\u011fdu\u011fu s\u00f6yleniyor. Onun bir i\u015faret oldu\u011fu s\u00f6yleniyor bize ama ne i\u015fareti? Hercules&#8217;i bir aslan veya g\u00fcne\u015fi bo\u011fa olarak temsil eden din de\u011fildi fakat eski zamanlarda, kuvveti ifade edecek bir kelime yoktu. Bu y\u00fczden aslan\u0131n resimsel bir g\u00f6r\u00fcnt\u00fcs\u00fcyle ifade ediliyordu. Buna ek olarak, kurnazl\u0131\u011f\u0131 ifade edecek kelimeleri olmad\u0131\u011f\u0131 i\u00e7in tilki de kurnazl\u0131kla temsil ediliyordu. Buna ek olarak, kurnazl\u0131\u011f\u0131 ifade edecek kelimeleeri olmad\u0131\u011f\u0131 i\u00e7in tilki de kurnazl\u0131kla temsil ediliyordu. \u00c7ok k\u00fc\u00e7\u00fck bir ses halinde, Tanr\u0131m\u0131z,b\u00fct\u00fcn bi\u00e7imlere girecek \u015fekilde tasarlanm\u0131\u015f. Hezekiah zaferine kadar yap\u0131lan b\u00fct\u00fcn ibadetlerde, Musa&#8217;n\u0131n bo\u015f bir alanda meydana getirdi\u011fi Nehushtan y\u0131lan tak\u0131my\u0131ld\u0131z\u0131na ibadet edilmi\u015ftir (II. Kings, Bl 18 :4). Ana fig\u00fcr\u00fc bo\u011fayd\u0131, sunumlu\u011fundaki bo\u011fa kan\u0131yla besleniyor, bo\u011falar\u0131n boynuzlar\u0131 bir simge olarak kullan\u0131l\u0131yor ve kilisemizdeki yar\u0131m daire \u015feklindeki sunumlukta yer alan, minberi \u00e7evreleyen iki \u00e7atal da sunumlu\u011fun boynuzlar\u0131 olarak adland\u0131r\u0131l\u0131yordu. Simgeler \u00fcreten Hermes&#8217;in, ayn\u0131 zamanda, i\u015faretleri ve karakterleri icat eden ak\u0131l tanr\u0131s\u0131 Thoth oldu\u011fu s\u00f6yleniyor. Bu simgecilik, fikirlerin bir araya gelmi\u015f halidir, bir \u015feyin di\u011ferine olan ili\u015fkisini veya kar\u015f\u0131l\u0131\u011f\u0131n\u0131 bulmakt\u0131r.<\/p>\n","protected":false},"excerpt":{"rendered":"<p>Ke\u00e7i derisine sar\u0131lan Jacob ve bir ke\u00e7i taraf\u0131ndan beslenen Jupiter, o\u011flak tak\u0131my\u0131ld\u0131zlar\u0131ndaki g\u00fcne\u015fti. Mendes ke\u00e7isi veya ko\u00e7u, Osiris bir ko\u00e7 olarak tekrar v\u00fccuda geldi\u011finde, Osiris&#8217;in ruhu<span class=\"excerpt-hellip\"> [\u2026]<\/span><\/p>\n","protected":false},"featured_media":0,"template":"","meta":{"_monsterinsights_skip_tracking":false,"_monsterinsights_sitenote_active":false,"_monsterinsights_sitenote_note":"","_monsterinsights_sitenote_category":0},"product_brand":[],"product_cat":[12718,12858],"product_tag":[],"class_list":{"0":"post-743710","1":"product","2":"type-product","3":"status-publish","5":"product_cat-din","6":"product_cat-mitolojiler","7":"pa_cilt-ciltsiz","8":"pa_tur-kitap","9":"pa_yayinevi-fa-yayinlari","10":"pa_yazar-john-martin-woolsey","12":"first","13":"instock","14":"sale","15":"shipping-taxable","16":"purchasable","17":"product-type-simple"},"_links":{"self":[{"href":"https:\/\/roveyayinevi.com.tr\/index.php\/wp-json\/wp\/v2\/product\/743710","targetHints":{"allow":["GET"]}}],"collection":[{"href":"https:\/\/roveyayinevi.com.tr\/index.php\/wp-json\/wp\/v2\/product"}],"about":[{"href":"https:\/\/roveyayinevi.com.tr\/index.php\/wp-json\/wp\/v2\/types\/product"}],"wp:attachment":[{"href":"https:\/\/roveyayinevi.com.tr\/index.php\/wp-json\/wp\/v2\/media?parent=743710"}],"wp:term":[{"taxonomy":"product_brand","embeddable":true,"href":"https:\/\/roveyayinevi.com.tr\/index.php\/wp-json\/wp\/v2\/product_brand?post=743710"},{"taxonomy":"product_cat","embeddable":true,"href":"https:\/\/roveyayinevi.com.tr\/index.php\/wp-json\/wp\/v2\/product_cat?post=743710"},{"taxonomy":"product_tag","embeddable":true,"href":"https:\/\/roveyayinevi.com.tr\/index.php\/wp-json\/wp\/v2\/product_tag?post=743710"}],"curies":[{"name":"wp","href":"https:\/\/api.w.org\/{rel}","templated":true}]}}