{"id":743706,"date":"2025-08-28T01:40:46","date_gmt":"2025-08-27T22:40:46","guid":{"rendered":"https:\/\/roveyayinevi.com.tr\/index.php\/urun\/mubadele-cocuklari\/"},"modified":"2026-04-16T02:54:54","modified_gmt":"2026-04-15T23:54:54","slug":"mubadele-cocuklari","status":"publish","type":"product","link":"https:\/\/roveyayinevi.com.tr\/index.php\/urun\/mubadele-cocuklari\/","title":{"rendered":"M\u00fcbadele \u00c7ocuklar\u0131"},"content":{"rendered":"<p>Eyl\u00fcl 1922\u2019de \u0130zmir\u2019i terk eden Yunan ordusuyla birlikte mavnalara, sandallara binen Bat\u0131 Anadolulu Rumlar adalara, \u0130stanbullu ve Trakyal\u0131 Rumlar da Yunanistan\u2019a ka\u00e7\u0131yordu.               1922 sonbahar\u0131n\u0131n sonunda bir milyonu a\u015fk\u0131n Anadolulu Rum Yunanistan\u2019a s\u0131\u011f\u0131nm\u0131\u015ft\u0131. T\u00fcrkiye ve Yunanistan\u2019\u0131n 30 Ocak 1923\u2019te Lozan\u2019da n\u00fcfus m\u00fcbadelesine karar vermeleri, do\u011fduklar\u0131 topraklara d\u00f6nme umuduyla ya\u015fayan bu insanlar i\u00e7in yeni bir hayat\u0131n ba\u015flang\u0131c\u0131yd\u0131.               M\u00fcbadele \u00c7ocuklar\u0131 bu insanlar\u0131n hazin \u00f6yk\u00fclerini anlat\u0131yor. Ren\u00e9e Hirschon\u2019un, Pire Liman\u0131 yak\u0131n\u0131ndaki Kokinya\u2019n\u0131n yoksul bir semti olan Yeranya\u2019da Albaylar Cuntas\u0131\u2019n\u0131n en karanl\u0131k d\u00f6nemlerinde yapt\u0131\u011f\u0131 saha ara\u015ft\u0131rmas\u0131n\u0131n \u00fcr\u00fcn\u00fc olan bu kitap, a\u015fklar\u0131, evlilikleri, bar\u0131naklar\u0131, kom\u015fuluk ili\u015fkileri ve dinsel ya\u015famlar\u0131yla suyun \u00f6te yan\u0131ndan insan manzaralar\u0131 sunuyor.<\/p>\n","protected":false},"excerpt":{"rendered":"<p>Eyl\u00fcl 1922\u2019de \u0130zmir\u2019i terk eden Yunan ordusuyla birlikte mavnalara, sandallara binen Bat\u0131 Anadolulu Rumlar adalara, \u0130stanbullu ve Trakyal\u0131 Rumlar da Yunanistan\u2019a ka\u00e7\u0131yordu. 1922 sonbahar\u0131n\u0131n sonunda bir<span class=\"excerpt-hellip\"> [\u2026]<\/span><\/p>\n","protected":false},"featured_media":0,"template":"","meta":{"_monsterinsights_skip_tracking":false,"_monsterinsights_sitenote_active":false,"_monsterinsights_sitenote_note":"","_monsterinsights_sitenote_category":0},"product_brand":[],"product_cat":[12291,12745],"product_tag":[],"class_list":{"0":"post-743706","1":"product","2":"type-product","3":"status-publish","5":"product_cat-edebiyat","6":"product_cat-tarihi-roman","7":"pa_cilt-ciltsiz","8":"pa_tur-kitap","9":"pa_yayinevi-islik-yayinlari","10":"pa_yazar-renee-hirschon","12":"first","13":"instock","14":"sale","15":"shipping-taxable","16":"purchasable","17":"product-type-simple"},"_links":{"self":[{"href":"https:\/\/roveyayinevi.com.tr\/index.php\/wp-json\/wp\/v2\/product\/743706","targetHints":{"allow":["GET"]}}],"collection":[{"href":"https:\/\/roveyayinevi.com.tr\/index.php\/wp-json\/wp\/v2\/product"}],"about":[{"href":"https:\/\/roveyayinevi.com.tr\/index.php\/wp-json\/wp\/v2\/types\/product"}],"wp:attachment":[{"href":"https:\/\/roveyayinevi.com.tr\/index.php\/wp-json\/wp\/v2\/media?parent=743706"}],"wp:term":[{"taxonomy":"product_brand","embeddable":true,"href":"https:\/\/roveyayinevi.com.tr\/index.php\/wp-json\/wp\/v2\/product_brand?post=743706"},{"taxonomy":"product_cat","embeddable":true,"href":"https:\/\/roveyayinevi.com.tr\/index.php\/wp-json\/wp\/v2\/product_cat?post=743706"},{"taxonomy":"product_tag","embeddable":true,"href":"https:\/\/roveyayinevi.com.tr\/index.php\/wp-json\/wp\/v2\/product_tag?post=743706"}],"curies":[{"name":"wp","href":"https:\/\/api.w.org\/{rel}","templated":true}]}}