{"id":743703,"date":"2025-08-28T01:40:41","date_gmt":"2025-08-27T22:40:41","guid":{"rendered":"https:\/\/roveyayinevi.com.tr\/index.php\/urun\/herkesin-bir-oykusu-var\/"},"modified":"2026-04-16T02:54:54","modified_gmt":"2026-04-15T23:54:54","slug":"herkesin-bir-oykusu-var","status":"publish","type":"product","link":"https:\/\/roveyayinevi.com.tr\/index.php\/urun\/herkesin-bir-oykusu-var\/","title":{"rendered":"Herkesin Bir \u00d6yk\u00fcs\u00fc Var"},"content":{"rendered":"<p>\u201cHerkesin Bir \u00d6yk\u00fcs\u00fc Var\u201d adl\u0131 bu kitap, \u00fclkemizin 14 \u00f6nemli \u00f6yk\u00fc yazar\u0131n\u0131n bir araya gelerek haz\u0131rlad\u0131\u011f\u0131 bir \u00e7al\u0131\u015fmad\u0131r. Kitab\u0131n Edit\u00f6rl\u00fc\u011f\u00fc, Myrina Yay\u0131nlar\u0131 Genel Yay\u0131n Y\u00f6netmeni Cenker Atila ve Myrina Yay\u0131nlar\u0131 Edit\u00f6rlerinden Kerem Kacar taraf\u0131ndan yap\u0131lm\u0131\u015ft\u0131r.<\/p>\n","protected":false},"excerpt":{"rendered":"<p>\u201cHerkesin Bir \u00d6yk\u00fcs\u00fc Var\u201d adl\u0131 bu kitap, \u00fclkemizin 14 \u00f6nemli \u00f6yk\u00fc yazar\u0131n\u0131n bir araya gelerek haz\u0131rlad\u0131\u011f\u0131 bir \u00e7al\u0131\u015fmad\u0131r. Kitab\u0131n Edit\u00f6rl\u00fc\u011f\u00fc, Myrina Yay\u0131nlar\u0131 Genel Yay\u0131n Y\u00f6netmeni Cenker<span class=\"excerpt-hellip\"> [\u2026]<\/span><\/p>\n","protected":false},"featured_media":0,"template":"","meta":{"_monsterinsights_skip_tracking":false,"_monsterinsights_sitenote_active":false,"_monsterinsights_sitenote_note":"","_monsterinsights_sitenote_category":0},"product_brand":[],"product_cat":[12291,12711],"product_tag":[],"class_list":{"0":"post-743703","1":"product","2":"type-product","3":"status-publish","5":"product_cat-edebiyat","6":"product_cat-roman-oyku","7":"pa_cilt-ciltsiz","8":"pa_tur-kitap","9":"pa_yayinevi-myrina-yayinlari","10":"pa_yazar-cenker-atila-kerem-kacar","12":"first","13":"instock","14":"sale","15":"shipping-taxable","16":"purchasable","17":"product-type-simple"},"_links":{"self":[{"href":"https:\/\/roveyayinevi.com.tr\/index.php\/wp-json\/wp\/v2\/product\/743703","targetHints":{"allow":["GET"]}}],"collection":[{"href":"https:\/\/roveyayinevi.com.tr\/index.php\/wp-json\/wp\/v2\/product"}],"about":[{"href":"https:\/\/roveyayinevi.com.tr\/index.php\/wp-json\/wp\/v2\/types\/product"}],"wp:attachment":[{"href":"https:\/\/roveyayinevi.com.tr\/index.php\/wp-json\/wp\/v2\/media?parent=743703"}],"wp:term":[{"taxonomy":"product_brand","embeddable":true,"href":"https:\/\/roveyayinevi.com.tr\/index.php\/wp-json\/wp\/v2\/product_brand?post=743703"},{"taxonomy":"product_cat","embeddable":true,"href":"https:\/\/roveyayinevi.com.tr\/index.php\/wp-json\/wp\/v2\/product_cat?post=743703"},{"taxonomy":"product_tag","embeddable":true,"href":"https:\/\/roveyayinevi.com.tr\/index.php\/wp-json\/wp\/v2\/product_tag?post=743703"}],"curies":[{"name":"wp","href":"https:\/\/api.w.org\/{rel}","templated":true}]}}