{"id":743702,"date":"2025-08-28T01:40:40","date_gmt":"2025-08-27T22:40:40","guid":{"rendered":"https:\/\/roveyayinevi.com.tr\/index.php\/urun\/hazreti-insan\/"},"modified":"2026-04-16T02:54:54","modified_gmt":"2026-04-15T23:54:54","slug":"hazreti-insan","status":"publish","type":"product","link":"https:\/\/roveyayinevi.com.tr\/index.php\/urun\/hazreti-insan\/","title":{"rendered":"Hazreti \u0130nsan"},"content":{"rendered":"<p>Kendini tan\u0131!.. O zaman ba\u015fkalar\u0131n\u0131 ve evreni de tan\u0131yacaks\u0131n. Sokrates   Sen kendini k\u00fc\u00e7\u00fck bir cisim zannedersin ama en b\u00fcy\u00fck \u00e2lem sende gizlidir. Hz. Ali   \u0130nsan, \u00e2lemin ruhudur. Muhyiddin \u0130bn\u00fc\u2019l Arab\u00ee   Sen, seni bilirsen y\u00fcz\u00fcn H\u00fcda\u2019d\u0131r Sen, seni bilmez isen Hak senden c\u00fcdad\u0131r\u2026 Hac\u0131 Bekta\u015f Veli   Hey Yunus Emre \u00f6l\u00fcnce var y\u00fcr\u00fc do\u011fru yolunca D\u00fcnyas\u0131n\u0131 terk edenler yar\u0131n hazrette \u00f6lmeye\u2026 Yunus Emre Bayram \u00f6z\u00fcn\u00fc bildi \/ Bileni anda buldu Bulan ol kendi oldu \/ Sen seni bil sen seni\u2026 Hac\u0131 Bayram\u0131 Veli   \u0130nsan insan dedikleri \/ \u0130nsan nedir \u015fimdi bildim Muhyiddin Abdal   Can kona\u011f\u0131n\u0131 aramadaysan; Cans\u0131n. Bir lokma ekmek ar\u0131yorsan; Ekmeksin. Bir damla su ar\u0131yorsan; Susun. Zulm\u00fcn pe\u015findeysen; Zalimsin. A\u015fk\u0131 ar\u0131yorsan; A\u015fks\u0131n. G\u00f6nl\u00fcn neye kap\u0131lm\u0131\u015fsa O\u2019sun sen. \u015eu n\u00fckteyi biliyorsan, i\u015fi biliyorsun demektir: Neyi ar\u0131yorsan O\u2019sun sen. Mevl\u00e2n\u00e2   Savm u s\u00e2l\u00e2t u hac ile sanma biter z\u00e2hid i\u015fin \u0130ns\u00e2n\u2010\u0131 K\u00e2mil olmaya l\u00e2z\u0131m olan irf\u00e2n imi\u015f\u2026 Niy\u00e2z\u00ee-i M\u0131sr\u00ee <\/p>\n","protected":false},"excerpt":{"rendered":"<p>Kendini tan\u0131!.. O zaman ba\u015fkalar\u0131n\u0131 ve evreni de tan\u0131yacaks\u0131n. Sokrates Sen kendini k\u00fc\u00e7\u00fck bir cisim zannedersin ama en b\u00fcy\u00fck \u00e2lem sende gizlidir. Hz. Ali \u0130nsan, \u00e2lemin<span class=\"excerpt-hellip\"> [\u2026]<\/span><\/p>\n","protected":false},"featured_media":0,"template":"","meta":{"_monsterinsights_skip_tracking":false,"_monsterinsights_sitenote_active":false,"_monsterinsights_sitenote_note":"","_monsterinsights_sitenote_category":0},"product_brand":[],"product_cat":[12718,12719],"product_tag":[],"class_list":{"0":"post-743702","1":"product","2":"type-product","3":"status-publish","5":"product_cat-din","6":"product_cat-islam","7":"pa_cilt-ciltsiz","8":"pa_tur-kitap","9":"pa_yayinevi-la-kitap-yayinlari","10":"pa_yazar-ismail-metin","12":"first","13":"instock","14":"sale","15":"shipping-taxable","16":"purchasable","17":"product-type-simple"},"_links":{"self":[{"href":"https:\/\/roveyayinevi.com.tr\/index.php\/wp-json\/wp\/v2\/product\/743702","targetHints":{"allow":["GET"]}}],"collection":[{"href":"https:\/\/roveyayinevi.com.tr\/index.php\/wp-json\/wp\/v2\/product"}],"about":[{"href":"https:\/\/roveyayinevi.com.tr\/index.php\/wp-json\/wp\/v2\/types\/product"}],"wp:attachment":[{"href":"https:\/\/roveyayinevi.com.tr\/index.php\/wp-json\/wp\/v2\/media?parent=743702"}],"wp:term":[{"taxonomy":"product_brand","embeddable":true,"href":"https:\/\/roveyayinevi.com.tr\/index.php\/wp-json\/wp\/v2\/product_brand?post=743702"},{"taxonomy":"product_cat","embeddable":true,"href":"https:\/\/roveyayinevi.com.tr\/index.php\/wp-json\/wp\/v2\/product_cat?post=743702"},{"taxonomy":"product_tag","embeddable":true,"href":"https:\/\/roveyayinevi.com.tr\/index.php\/wp-json\/wp\/v2\/product_tag?post=743702"}],"curies":[{"name":"wp","href":"https:\/\/api.w.org\/{rel}","templated":true}]}}