{"id":743701,"date":"2025-08-28T01:40:39","date_gmt":"2025-08-27T22:40:39","guid":{"rendered":"https:\/\/roveyayinevi.com.tr\/index.php\/urun\/aile-dizimi-2\/"},"modified":"2026-04-16T02:54:54","modified_gmt":"2026-04-15T23:54:54","slug":"aile-dizimi-2","status":"publish","type":"product","link":"https:\/\/roveyayinevi.com.tr\/index.php\/urun\/aile-dizimi-2\/","title":{"rendered":"Aile Dizimi"},"content":{"rendered":"<p>Tarihsel hakikatler gibi, k\u00fclt\u00fcrel hakikatler de ac\u0131larda pi\u015ferek g\u00fcn\u00fcm\u00fcze ula\u015fm\u0131\u015f. Bu ac\u0131lar\u0131 bug\u00fcn fark etmeden ya\u015famaya \u00e7al\u0131\u015f\u0131yoruz ama bir yerlerden o ac\u0131lar kendini fark ettiriyor. Bizim g\u00f6revimiz kendi insanl\u0131\u011f\u0131m\u0131za ula\u015fmak ise, bunlarla y\u00fczle\u015fmek ve hesapla\u015fmak, itibarlar\u0131n\u0131 iade etmek zorunday\u0131z. Zaman su gibidir; su gibi, deniz gibi dalgalan\u0131r. Dalga k\u0131y\u0131ya vurduktan sonra ileriye gidemez, dipten geriye do\u011fru, yani ge\u00e7mi\u015fe do\u011fru, geldi\u011fi yere do\u011fru gider. \u0130nsan hayat\u0131 da aynen dalga gibidir. \u0130leride var\u0131lacak yer yoktur, ya kayalara \u00e7arpar un ufak olur ya da kumsalda s\u00f6n\u00fcmlenir. Oysa geriye, ba\u015flang\u0131ca, k\u00f6klere do\u011fru gidince, b\u00fcy\u00fck bir gelecek vard\u0131r. Bunun anlam\u0131, gelecek ge\u00e7mi\u015ftedir. Aile dizimiyle ge\u00e7mi\u015fi d\u00fczenleyebilirsek, gelece\u011fi d\u00fczenlemi\u015f oluruz. <\/p>\n","protected":false},"excerpt":{"rendered":"<p>Tarihsel hakikatler gibi, k\u00fclt\u00fcrel hakikatler de ac\u0131larda pi\u015ferek g\u00fcn\u00fcm\u00fcze ula\u015fm\u0131\u015f. Bu ac\u0131lar\u0131 bug\u00fcn fark etmeden ya\u015famaya \u00e7al\u0131\u015f\u0131yoruz ama bir yerlerden o ac\u0131lar kendini fark ettiriyor. Bizim<span class=\"excerpt-hellip\"> [\u2026]<\/span><\/p>\n","protected":false},"featured_media":0,"template":"","meta":{"_monsterinsights_skip_tracking":false,"_monsterinsights_sitenote_active":false,"_monsterinsights_sitenote_note":"","_monsterinsights_sitenote_category":0},"product_brand":[],"product_cat":[12364,12376],"product_tag":[],"class_list":{"0":"post-743701","1":"product","2":"type-product","3":"status-publish","5":"product_cat-genel-konular","6":"product_cat-kisisel-gelisim","7":"pa_cilt-ciltsiz","8":"pa_tur-kitap","9":"pa_yayinevi-la-kitap-yayinlari","10":"pa_yazar-haydar-ersoz","12":"first","13":"instock","14":"sale","15":"shipping-taxable","16":"purchasable","17":"product-type-simple"},"_links":{"self":[{"href":"https:\/\/roveyayinevi.com.tr\/index.php\/wp-json\/wp\/v2\/product\/743701","targetHints":{"allow":["GET"]}}],"collection":[{"href":"https:\/\/roveyayinevi.com.tr\/index.php\/wp-json\/wp\/v2\/product"}],"about":[{"href":"https:\/\/roveyayinevi.com.tr\/index.php\/wp-json\/wp\/v2\/types\/product"}],"wp:attachment":[{"href":"https:\/\/roveyayinevi.com.tr\/index.php\/wp-json\/wp\/v2\/media?parent=743701"}],"wp:term":[{"taxonomy":"product_brand","embeddable":true,"href":"https:\/\/roveyayinevi.com.tr\/index.php\/wp-json\/wp\/v2\/product_brand?post=743701"},{"taxonomy":"product_cat","embeddable":true,"href":"https:\/\/roveyayinevi.com.tr\/index.php\/wp-json\/wp\/v2\/product_cat?post=743701"},{"taxonomy":"product_tag","embeddable":true,"href":"https:\/\/roveyayinevi.com.tr\/index.php\/wp-json\/wp\/v2\/product_tag?post=743701"}],"curies":[{"name":"wp","href":"https:\/\/api.w.org\/{rel}","templated":true}]}}