{"id":743699,"date":"2025-08-28T01:40:36","date_gmt":"2025-08-27T22:40:36","guid":{"rendered":"https:\/\/roveyayinevi.com.tr\/index.php\/urun\/hayal-gucu\/"},"modified":"2026-04-08T03:03:27","modified_gmt":"2026-04-08T00:03:27","slug":"hayal-gucu","status":"publish","type":"product","link":"https:\/\/roveyayinevi.com.tr\/index.php\/urun\/hayal-gucu\/","title":{"rendered":"Hayal G\u00fcc\u00fc"},"content":{"rendered":"<p>Hayal g\u00fcc\u00fc hakk\u0131nda d\u00fc\u015f\u00fcnmemiz gerekti\u011fi gibi d\u00fc\u015f\u00fcnmeyiz. Genellikle bu kelime \u00e7ocuklarla, sanat\u00e7\u0131larla ve hayalperestlerle ili\u015fkilendirildi\u011finden yeti\u015fkinlerin hayat\u0131ndan uzakta gibi g\u00f6r\u00fcn\u00fcr. Ancak hayal g\u00fcc\u00fc, neredeyse yapt\u0131\u011f\u0131m\u0131z her \u015feyin ve ald\u0131\u011f\u0131m\u0131z her karar\u0131n arkas\u0131ndad\u0131r. \u0130nsan beyni, hayal etmekte ola\u011fan\u00fcst\u00fc bir yetene\u011fe sahiptir. Karma\u015f\u0131k gelecek ihtimalleri, fantastik d\u00fcnyalar\u0131 hayal edebilir; hayal g\u00fcc\u00fcm\u00fcz\u00fc kendimizi rahatlatmakta ya da endi\u015felendirmekte kullanabiliriz. B\u00f6yle bir g\u00fc\u00e7 elimizdeyken bunu, i\u015fleri kendimiz i\u00e7in en iyi hale getirmekte ve d\u00fcnyaya katk\u0131 sa\u011flamakta kullanma zorunlulu\u011fumuz vard\u0131r.\u0130nsan beyninin hileleri ve hayal etme yetene\u011fi y\u00fczy\u0131llard\u0131r insanl\u0131\u011f\u0131 hayrete d\u00fc\u015f\u00fcrm\u00fc\u015ft\u00fcr ancak \u015fimdiye dek bu konu hakk\u0131nda hi\u00e7bir pop\u00fcler bilim kitab\u0131 yaz\u0131lmam\u0131\u015ft\u0131r. Hal\u00fcsinasyondan ve hayali arkada\u015flardan, hayal g\u00fcc\u00fcn\u00fcn sizi nas\u0131l mutlu ve \u00fcretken yapaca\u011f\u0131na dair bir\u00e7ok konuyu irdeleyen Hayal G\u00fcc\u00fc, zihninizin potansiyelini ke\u015ffetmenize yard\u0131m edecek. <\/p>\n","protected":false},"excerpt":{"rendered":"<p>Hayal g\u00fcc\u00fc hakk\u0131nda d\u00fc\u015f\u00fcnmemiz gerekti\u011fi gibi d\u00fc\u015f\u00fcnmeyiz. Genellikle bu kelime \u00e7ocuklarla, sanat\u00e7\u0131larla ve hayalperestlerle ili\u015fkilendirildi\u011finden yeti\u015fkinlerin hayat\u0131ndan uzakta gibi g\u00f6r\u00fcn\u00fcr. Ancak hayal g\u00fcc\u00fc, neredeyse yapt\u0131\u011f\u0131m\u0131z her<span class=\"excerpt-hellip\"> [\u2026]<\/span><\/p>\n","protected":false},"featured_media":0,"template":"","meta":{"_monsterinsights_skip_tracking":false,"_monsterinsights_sitenote_active":false,"_monsterinsights_sitenote_note":"","_monsterinsights_sitenote_category":0},"product_brand":[],"product_cat":[12364,12376],"product_tag":[],"class_list":{"0":"post-743699","1":"product","2":"type-product","3":"status-publish","5":"product_cat-genel-konular","6":"product_cat-kisisel-gelisim","7":"pa_cilt-ciltsiz","8":"pa_tur-kitap","9":"pa_yayinevi-yakamoz-yayinevi","10":"pa_yazar-jim-davies","12":"first","13":"instock","14":"sale","15":"shipping-taxable","16":"purchasable","17":"product-type-simple"},"_links":{"self":[{"href":"https:\/\/roveyayinevi.com.tr\/index.php\/wp-json\/wp\/v2\/product\/743699","targetHints":{"allow":["GET"]}}],"collection":[{"href":"https:\/\/roveyayinevi.com.tr\/index.php\/wp-json\/wp\/v2\/product"}],"about":[{"href":"https:\/\/roveyayinevi.com.tr\/index.php\/wp-json\/wp\/v2\/types\/product"}],"wp:attachment":[{"href":"https:\/\/roveyayinevi.com.tr\/index.php\/wp-json\/wp\/v2\/media?parent=743699"}],"wp:term":[{"taxonomy":"product_brand","embeddable":true,"href":"https:\/\/roveyayinevi.com.tr\/index.php\/wp-json\/wp\/v2\/product_brand?post=743699"},{"taxonomy":"product_cat","embeddable":true,"href":"https:\/\/roveyayinevi.com.tr\/index.php\/wp-json\/wp\/v2\/product_cat?post=743699"},{"taxonomy":"product_tag","embeddable":true,"href":"https:\/\/roveyayinevi.com.tr\/index.php\/wp-json\/wp\/v2\/product_tag?post=743699"}],"curies":[{"name":"wp","href":"https:\/\/api.w.org\/{rel}","templated":true}]}}