{"id":743698,"date":"2025-08-28T01:40:35","date_gmt":"2025-08-27T22:40:35","guid":{"rendered":"https:\/\/roveyayinevi.com.tr\/index.php\/urun\/hicbir-sey-soyleme\/"},"modified":"2026-04-16T02:54:54","modified_gmt":"2026-04-15T23:54:54","slug":"hicbir-sey-soyleme","status":"publish","type":"product","link":"https:\/\/roveyayinevi.com.tr\/index.php\/urun\/hicbir-sey-soyleme\/","title":{"rendered":"Hi\u00e7bir \u015eey S\u00f6yleme"},"content":{"rendered":"<p>Aral\u0131k 1972\u2019de, 38 ya\u015f\u0131ndaki 10 \u00e7ocuk annesi Jean McConville, maskeli davetsiz misafirler taraf\u0131ndan bacaklar\u0131na sar\u0131lm\u0131\u015f olan \u00e7ocuklar\u0131yla birlikte s\u00fcr\u00fcklenerek Belfast\u2019teki evinden \u00e7\u0131kar\u0131ld\u0131. Kad\u0131n\u0131 bir daha kimse g\u00f6rmedi. Onun ka\u00e7\u0131r\u0131lmas\u0131, Kuzey \u0130rlanda Sorunu olarak bilinen \u00e7at\u0131\u015fma s\u00fcrecinin en k\u00f6t\u00fc \u015f\u00f6hretli olaylar\u0131ndan biriydi. \u00c7evredeki herkes bu durumdan IRA\u2019n\u0131n sorumlu oldu\u011funu biliyordu. Ama korku ve paranoyan\u0131n h\u00fck\u00fcm s\u00fcrd\u00fc\u011f\u00fc o d\u00f6nem i\u00e7in kimsenin bundan bahsetmesi s\u00f6zkonusu de\u011fildi. 2003 y\u0131l\u0131nda, anla\u015fmayla birlikte Kuzey \u0130rlanda\u2019ya belli belirsiz bar\u0131\u015f\u0131n gelmesinden 5 y\u0131l sonra, bir kumsalda insan kemikleri bulundu. McConville\u2019in \u00e7ocuklar\u0131, bulunan k\u0131yafetlerde mavi \u00e7engelli i\u011fnenin tak\u0131l\u0131 oldu\u011funu \u00f6\u011frendiklerinde, onun anneleri oldu\u011fundan emin oldular. \u00c7ocuklardan biri ya da di\u011feri s\u00fcrekli bir d\u00fc\u011fmesini kaybetti\u011fi ya da ba\u015fka bir tamire ihtiyac\u0131 oldu\u011fu i\u00e7in giysilerine ili\u015ftirdi\u011fi mavi bir \u00e7engelli i\u011fne&#8230; Onu tan\u0131mlayan bir aksesuard\u0131. <\/p>\n","protected":false},"excerpt":{"rendered":"<p>Aral\u0131k 1972\u2019de, 38 ya\u015f\u0131ndaki 10 \u00e7ocuk annesi Jean McConville, maskeli davetsiz misafirler taraf\u0131ndan bacaklar\u0131na sar\u0131lm\u0131\u015f olan \u00e7ocuklar\u0131yla birlikte s\u00fcr\u00fcklenerek Belfast\u2019teki evinden \u00e7\u0131kar\u0131ld\u0131. Kad\u0131n\u0131 bir daha kimse<span class=\"excerpt-hellip\"> [\u2026]<\/span><\/p>\n","protected":false},"featured_media":0,"template":"","meta":{"_monsterinsights_skip_tracking":false,"_monsterinsights_sitenote_active":false,"_monsterinsights_sitenote_note":"","_monsterinsights_sitenote_category":0},"product_brand":[],"product_cat":[13072,12291],"product_tag":[],"class_list":{"0":"post-743698","1":"product","2":"type-product","3":"status-publish","5":"product_cat-arastirma-inceleme-referans","6":"product_cat-edebiyat","7":"pa_cilt-ciltsiz","8":"pa_tur-kitap","9":"pa_yayinevi-yakamoz-yayinevi","10":"pa_yazar-patrick-radden-keefe","12":"first","13":"instock","14":"sale","15":"shipping-taxable","16":"purchasable","17":"product-type-simple"},"_links":{"self":[{"href":"https:\/\/roveyayinevi.com.tr\/index.php\/wp-json\/wp\/v2\/product\/743698","targetHints":{"allow":["GET"]}}],"collection":[{"href":"https:\/\/roveyayinevi.com.tr\/index.php\/wp-json\/wp\/v2\/product"}],"about":[{"href":"https:\/\/roveyayinevi.com.tr\/index.php\/wp-json\/wp\/v2\/types\/product"}],"wp:attachment":[{"href":"https:\/\/roveyayinevi.com.tr\/index.php\/wp-json\/wp\/v2\/media?parent=743698"}],"wp:term":[{"taxonomy":"product_brand","embeddable":true,"href":"https:\/\/roveyayinevi.com.tr\/index.php\/wp-json\/wp\/v2\/product_brand?post=743698"},{"taxonomy":"product_cat","embeddable":true,"href":"https:\/\/roveyayinevi.com.tr\/index.php\/wp-json\/wp\/v2\/product_cat?post=743698"},{"taxonomy":"product_tag","embeddable":true,"href":"https:\/\/roveyayinevi.com.tr\/index.php\/wp-json\/wp\/v2\/product_tag?post=743698"}],"curies":[{"name":"wp","href":"https:\/\/api.w.org\/{rel}","templated":true}]}}