{"id":743696,"date":"2025-08-28T01:40:32","date_gmt":"2025-08-27T22:40:32","guid":{"rendered":"https:\/\/roveyayinevi.com.tr\/index.php\/urun\/dinle-beni\/"},"modified":"2026-04-16T02:54:54","modified_gmt":"2026-04-15T23:54:54","slug":"dinle-beni","status":"publish","type":"product","link":"https:\/\/roveyayinevi.com.tr\/index.php\/urun\/dinle-beni\/","title":{"rendered":"Dinle Beni"},"content":{"rendered":"<p>Anneler her \u015feyi bilir\u2026 Ama dinleyen kim?   Dedektif Jane Rizzoli ile adli tabip Maura Isles tuhaf bir cinayetle kar\u015f\u0131 kar\u015f\u0131yad\u0131rlar. \u00c7ok sevilen, kendi halinde bir hem\u015fire olan Sofia Suarez evinde vah\u015fice \u00f6ld\u00fcr\u00fclm\u00fc\u015ft\u00fcr. Sofia\u2019n\u0131n son g\u00fcnlerinde bir ara\u015ft\u0131rmaya giri\u015fti\u011fini \u00f6\u011frenen Jane, birka\u00e7 ay \u00f6nce vurka\u00e7 ma\u011fduru olmu\u015f Amy ile Sofia Suarez aras\u0131nda bir ba\u011flant\u0131 kurunca dava iyice i\u00e7inden \u00e7\u0131k\u0131lmaz bir hal al\u0131r.   Bu arada Jane\u2019in annesi Angela Rizzoli mahallesinde garip \u015feyler d\u00f6nd\u00fc\u011f\u00fcn\u00fc d\u00fc\u015f\u00fcn\u00fcr. Kom\u015funun k\u0131z\u0131 evden ka\u00e7m\u0131\u015ft\u0131r ve soka\u011f\u0131n kar\u015f\u0131s\u0131na ta\u015f\u0131nan \u00e7ift ba\u015fta Angela olmak \u00fczere herkesten uzak duruyordur. Angela k\u0131z\u0131na ku\u015fkular\u0131ndan bahsetse de Jane oral\u0131 olmaz. Jane zorlu ara\u015ft\u0131rmas\u0131na devam ederken, Angela\u2019n\u0131n mahalle bek\u00e7ili\u011fi beklenmedik sonu\u00e7lara yol a\u00e7acakt\u0131r.   Tess Gerritsen ABD\u2019nin San Diego kentinde do\u011fdu. Stanford \u00dcniversitesi\u2019nde antropoloji konusunda lisans yapt\u0131, California \u00dcniversitesi\u2019nden t\u0131p diplomas\u0131 ald\u0131. New York Times\u2019\u0131n \u00e7ok satanlar listesine giren Hasat\u2019la d\u00fcnya \u00e7ap\u0131nda ba\u015far\u0131 kazand\u0131. Yazar\u0131n Kemik Bah\u00e7esi, Mefisto Kul\u00fcb\u00fc, Ruh Koleksiyoncusu, Sessiz K\u0131z, Kay\u0131p K\u0131zlar, \u00c7\u0131rak, G\u00fcnahk\u00e2r, \u0130kiz Bedenler, Bir S\u0131rr\u0131m Var, Rehine, Gece Gelen, Gece Yar\u0131s\u0131ndan Sonra, Karanl\u0131\u011f\u0131n Ayak \u0130zleri, Asla Arkana Bakma ve B\u0131\u00e7ak S\u0131rt\u0131 adl\u0131 romanlar\u0131 ve Ucubeler ile \u0130simsiz Ceset adl\u0131 \u00f6yk\u00fcleri Do\u011fan Kitap taraf\u0131ndan yay\u0131mland\u0131 ve b\u00fcy\u00fck okur kitlelerine ula\u015ft\u0131. <\/p>\n","protected":false},"excerpt":{"rendered":"<p>Anneler her \u015feyi bilir\u2026 Ama dinleyen kim? Dedektif Jane Rizzoli ile adli tabip Maura Isles tuhaf bir cinayetle kar\u015f\u0131 kar\u015f\u0131yad\u0131rlar. \u00c7ok sevilen, kendi halinde bir hem\u015fire<span class=\"excerpt-hellip\"> [\u2026]<\/span><\/p>\n","protected":false},"featured_media":0,"template":"","meta":{"_monsterinsights_skip_tracking":false,"_monsterinsights_sitenote_active":false,"_monsterinsights_sitenote_note":"","_monsterinsights_sitenote_category":0},"product_brand":[],"product_cat":[12291,15445],"product_tag":[],"class_list":{"0":"post-743696","1":"product","2":"type-product","3":"status-publish","5":"product_cat-edebiyat","6":"product_cat-polisiye","7":"pa_cilt-ciltsiz","8":"pa_tur-kitap","9":"pa_yayinevi-dogan-kitap","10":"pa_yazar-tess-gerritsen","12":"first","13":"instock","14":"sale","15":"shipping-taxable","16":"purchasable","17":"product-type-simple"},"_links":{"self":[{"href":"https:\/\/roveyayinevi.com.tr\/index.php\/wp-json\/wp\/v2\/product\/743696","targetHints":{"allow":["GET"]}}],"collection":[{"href":"https:\/\/roveyayinevi.com.tr\/index.php\/wp-json\/wp\/v2\/product"}],"about":[{"href":"https:\/\/roveyayinevi.com.tr\/index.php\/wp-json\/wp\/v2\/types\/product"}],"wp:attachment":[{"href":"https:\/\/roveyayinevi.com.tr\/index.php\/wp-json\/wp\/v2\/media?parent=743696"}],"wp:term":[{"taxonomy":"product_brand","embeddable":true,"href":"https:\/\/roveyayinevi.com.tr\/index.php\/wp-json\/wp\/v2\/product_brand?post=743696"},{"taxonomy":"product_cat","embeddable":true,"href":"https:\/\/roveyayinevi.com.tr\/index.php\/wp-json\/wp\/v2\/product_cat?post=743696"},{"taxonomy":"product_tag","embeddable":true,"href":"https:\/\/roveyayinevi.com.tr\/index.php\/wp-json\/wp\/v2\/product_tag?post=743696"}],"curies":[{"name":"wp","href":"https:\/\/api.w.org\/{rel}","templated":true}]}}