{"id":743695,"date":"2025-08-28T01:40:31","date_gmt":"2025-08-27T22:40:31","guid":{"rendered":"https:\/\/roveyayinevi.com.tr\/index.php\/urun\/hello-kitty-sevimli-dostlar-faliyet-kitabi\/"},"modified":"2025-11-11T08:14:28","modified_gmt":"2025-11-11T05:14:28","slug":"hello-kitty-sevimli-dostlar-faliyet-kitabi","status":"publish","type":"product","link":"https:\/\/roveyayinevi.com.tr\/index.php\/urun\/hello-kitty-sevimli-dostlar-faliyet-kitabi\/","title":{"rendered":"Hello Kitty Sevimli Dostlar Faliyet Kitab\u0131"},"content":{"rendered":"<p>Hello Kitty arkada\u015flar\u0131yla oynamak i\u00e7in sab\u0131rs\u0131zlan\u0131yor! En sevdi\u011fin boya kalemlerini kap ve Hello Kitty\u2019nin sevimli dostlar\u0131n\u0131 capcanl\u0131 renklerle boya. \u00c7\u0131kartmalar\u0131nla kitab\u0131n\u0131 s\u00fcslemeyi unutma! <\/p>\n","protected":false},"excerpt":{"rendered":"<p>Hello Kitty arkada\u015flar\u0131yla oynamak i\u00e7in sab\u0131rs\u0131zlan\u0131yor! En sevdi\u011fin boya kalemlerini kap ve Hello Kitty\u2019nin sevimli dostlar\u0131n\u0131 capcanl\u0131 renklerle boya. \u00c7\u0131kartmalar\u0131nla kitab\u0131n\u0131 s\u00fcslemeyi unutma!<\/p>\n","protected":false},"featured_media":0,"template":"","meta":{"_monsterinsights_skip_tracking":false,"_monsterinsights_sitenote_active":false,"_monsterinsights_sitenote_note":"","_monsterinsights_sitenote_category":0},"product_brand":[],"product_cat":[12644,12274],"product_tag":[],"class_list":{"0":"post-743695","1":"product","2":"type-product","3":"status-publish","5":"product_cat-boyama-kitaplari","6":"product_cat-cocuk-ve-genclik-kitaplari","7":"pa_cilt-ciltsiz","8":"pa_tur-kitap","9":"pa_yayinevi-dogan-cocuk","10":"pa_yazar-kolektif","12":"first","13":"instock","14":"sale","15":"shipping-taxable","16":"purchasable","17":"product-type-simple"},"_links":{"self":[{"href":"https:\/\/roveyayinevi.com.tr\/index.php\/wp-json\/wp\/v2\/product\/743695","targetHints":{"allow":["GET"]}}],"collection":[{"href":"https:\/\/roveyayinevi.com.tr\/index.php\/wp-json\/wp\/v2\/product"}],"about":[{"href":"https:\/\/roveyayinevi.com.tr\/index.php\/wp-json\/wp\/v2\/types\/product"}],"wp:attachment":[{"href":"https:\/\/roveyayinevi.com.tr\/index.php\/wp-json\/wp\/v2\/media?parent=743695"}],"wp:term":[{"taxonomy":"product_brand","embeddable":true,"href":"https:\/\/roveyayinevi.com.tr\/index.php\/wp-json\/wp\/v2\/product_brand?post=743695"},{"taxonomy":"product_cat","embeddable":true,"href":"https:\/\/roveyayinevi.com.tr\/index.php\/wp-json\/wp\/v2\/product_cat?post=743695"},{"taxonomy":"product_tag","embeddable":true,"href":"https:\/\/roveyayinevi.com.tr\/index.php\/wp-json\/wp\/v2\/product_tag?post=743695"}],"curies":[{"name":"wp","href":"https:\/\/api.w.org\/{rel}","templated":true}]}}