{"id":743694,"date":"2025-08-28T01:40:30","date_gmt":"2025-08-27T22:40:30","guid":{"rendered":"https:\/\/roveyayinevi.com.tr\/index.php\/urun\/canavar-ve-bethany-2-canavarin-intikami\/"},"modified":"2026-04-16T02:54:54","modified_gmt":"2026-04-15T23:54:54","slug":"canavar-ve-bethany-2-canavarin-intikami","status":"publish","type":"product","link":"https:\/\/roveyayinevi.com.tr\/index.php\/urun\/canavar-ve-bethany-2-canavarin-intikami\/","title":{"rendered":"Canavar ve Bethany -2 Canavar\u0131n \u0130ntikam\u0131"},"content":{"rendered":"<p>Sayfalar\u0131 \u00e7evirirken dikkatli olun. BU K\u0130TAP S\u0130Z\u0130 ISIRAB\u0130L\u0130R. Bil bakal\u0131m kim geri d\u00f6nd\u00fc\u2026 511 ya\u015f\u0131ndaki Ebenezer Tweezer hayat\u0131ndan \u00e7ok memnundu. Tavan aras\u0131nda besleyip b\u00fcy\u00fctt\u00fc\u011f\u00fc canavar, ona istedi\u011fi her \u015feyi kusuyordu. Ama art\u0131k canavar yok; onun yerine Ebenezer\u2019 e Bethany arkada\u015fl\u0131k ediyor. Bethany canavar\u0131n b\u0131rakt\u0131\u011f\u0131 t\u00fcm izleri yok etmeye ve art\u0131k iyi biri olmaya kararl\u0131. Ancak, yapt\u0131\u011f\u0131 k\u00f6t\u00fc \u015fakalarla \u00fcnl\u00fc oldu\u011fu i\u00e7in kimse ona g\u00fcvenmiyor. Ebenezer ise eski hayat\u0131n\u0131 \u00f6zlemeye ba\u015fl\u0131yor Ebenezer ve Bethany hayatlar\u0131ndaki b\u00fcy\u00fck de\u011fi\u015fimlere al\u0131\u015fmaya \u00e7al\u0131\u015f\u0131rken birinin onlar\u0131 gizlice izledi\u011finin fark\u0131nda bile de\u011fil. Hi\u00e7 beklenmedik birinin\u2026 Akl\u0131ndan hain planlar ge\u00e7en birinin\u2026 Karn\u0131 \u00e7ok a\u00e7 birinin\u2026 <\/p>\n","protected":false},"excerpt":{"rendered":"<p>Sayfalar\u0131 \u00e7evirirken dikkatli olun. BU K\u0130TAP S\u0130Z\u0130 ISIRAB\u0130L\u0130R. Bil bakal\u0131m kim geri d\u00f6nd\u00fc\u2026 511 ya\u015f\u0131ndaki Ebenezer Tweezer hayat\u0131ndan \u00e7ok memnundu. Tavan aras\u0131nda besleyip b\u00fcy\u00fctt\u00fc\u011f\u00fc canavar, ona<span class=\"excerpt-hellip\"> [\u2026]<\/span><\/p>\n","protected":false},"featured_media":0,"template":"","meta":{"_monsterinsights_skip_tracking":false,"_monsterinsights_sitenote_active":false,"_monsterinsights_sitenote_note":"","_monsterinsights_sitenote_category":0},"product_brand":[],"product_cat":[12689,12274],"product_tag":[],"class_list":{"0":"post-743694","1":"product","2":"type-product","3":"status-publish","5":"product_cat-cizgi-roman-cocuk-ve-genclik-kitaplari","6":"product_cat-cocuk-ve-genclik-kitaplari","7":"pa_cilt-ciltsiz","8":"pa_tur-kitap","9":"pa_yayinevi-dogan-cocuk","10":"pa_yazar-jack-meggitt-phillips","12":"first","13":"instock","14":"sale","15":"shipping-taxable","16":"purchasable","17":"product-type-simple"},"_links":{"self":[{"href":"https:\/\/roveyayinevi.com.tr\/index.php\/wp-json\/wp\/v2\/product\/743694","targetHints":{"allow":["GET"]}}],"collection":[{"href":"https:\/\/roveyayinevi.com.tr\/index.php\/wp-json\/wp\/v2\/product"}],"about":[{"href":"https:\/\/roveyayinevi.com.tr\/index.php\/wp-json\/wp\/v2\/types\/product"}],"wp:attachment":[{"href":"https:\/\/roveyayinevi.com.tr\/index.php\/wp-json\/wp\/v2\/media?parent=743694"}],"wp:term":[{"taxonomy":"product_brand","embeddable":true,"href":"https:\/\/roveyayinevi.com.tr\/index.php\/wp-json\/wp\/v2\/product_brand?post=743694"},{"taxonomy":"product_cat","embeddable":true,"href":"https:\/\/roveyayinevi.com.tr\/index.php\/wp-json\/wp\/v2\/product_cat?post=743694"},{"taxonomy":"product_tag","embeddable":true,"href":"https:\/\/roveyayinevi.com.tr\/index.php\/wp-json\/wp\/v2\/product_tag?post=743694"}],"curies":[{"name":"wp","href":"https:\/\/api.w.org\/{rel}","templated":true}]}}