{"id":743693,"date":"2025-08-28T01:40:28","date_gmt":"2025-08-27T22:40:28","guid":{"rendered":"https:\/\/roveyayinevi.com.tr\/index.php\/urun\/golgen-zamanin-penceresinde\/"},"modified":"2026-04-16T02:54:54","modified_gmt":"2026-04-15T23:54:54","slug":"golgen-zamanin-penceresinde","status":"publish","type":"product","link":"https:\/\/roveyayinevi.com.tr\/index.php\/urun\/golgen-zamanin-penceresinde\/","title":{"rendered":"G\u00f6lgen Zaman\u0131n Penceresinde"},"content":{"rendered":"<p>Bu \u00f6yk\u00fc kurmacad\u0131r belki. Belki de kahramanlar\u0131 ger\u00e7ek.   Varolu\u015fuyla beklentileri aras\u0131nda bocalayan bir yazar\u2026 Son kez \u015fans\u0131n\u0131 deneyecek, belki yazaca\u011f\u0131 roman onu hayallerine kavu\u015fturacak\u2026 Ama ne kafas\u0131n\u0131n i\u00e7inde dolanan binbir soruyu bertaraf edebiliyor ne de suyun ak\u0131\u015f\u0131na ters gidebiliyor!   O ayk\u0131r\u0131 kad\u0131nla, \u0130mge\u2019yle ya\u015fad\u0131\u011f\u0131 a\u015fk yakas\u0131n\u0131 b\u0131rakm\u0131yor.  G\u00f6lgen Zaman\u0131n Penceresinde, \u00d6yle Bir Eyl\u00fcl Yok Art\u0131k\u2019tan sonra \u201cS\u00fcrg\u00fcn Hayaller \u00dc\u00e7lemesi\u201dnin ikinci roman\u0131.     \u0130stanbul\u2019a, a\u015fka, d\u00fc\u015f\u00fcnmeye dair sars\u0131c\u0131 bir roman.  <\/p>\n","protected":false},"excerpt":{"rendered":"<p>Bu \u00f6yk\u00fc kurmacad\u0131r belki. Belki de kahramanlar\u0131 ger\u00e7ek. Varolu\u015fuyla beklentileri aras\u0131nda bocalayan bir yazar\u2026 Son kez \u015fans\u0131n\u0131 deneyecek, belki yazaca\u011f\u0131 roman onu hayallerine kavu\u015fturacak\u2026 Ama ne<span class=\"excerpt-hellip\"> [\u2026]<\/span><\/p>\n","protected":false},"featured_media":0,"template":"","meta":{"_monsterinsights_skip_tracking":false,"_monsterinsights_sitenote_active":false,"_monsterinsights_sitenote_note":"","_monsterinsights_sitenote_category":0},"product_brand":[],"product_cat":[12291,12711],"product_tag":[],"class_list":{"0":"post-743693","1":"product","2":"type-product","3":"status-publish","5":"product_cat-edebiyat","6":"product_cat-roman-oyku","7":"pa_cilt-ciltsiz","8":"pa_tur-kitap","9":"pa_yayinevi-dogan-kitap","10":"pa_yazar-enver-aysever","12":"first","13":"instock","14":"sale","15":"shipping-taxable","16":"purchasable","17":"product-type-simple"},"_links":{"self":[{"href":"https:\/\/roveyayinevi.com.tr\/index.php\/wp-json\/wp\/v2\/product\/743693","targetHints":{"allow":["GET"]}}],"collection":[{"href":"https:\/\/roveyayinevi.com.tr\/index.php\/wp-json\/wp\/v2\/product"}],"about":[{"href":"https:\/\/roveyayinevi.com.tr\/index.php\/wp-json\/wp\/v2\/types\/product"}],"wp:attachment":[{"href":"https:\/\/roveyayinevi.com.tr\/index.php\/wp-json\/wp\/v2\/media?parent=743693"}],"wp:term":[{"taxonomy":"product_brand","embeddable":true,"href":"https:\/\/roveyayinevi.com.tr\/index.php\/wp-json\/wp\/v2\/product_brand?post=743693"},{"taxonomy":"product_cat","embeddable":true,"href":"https:\/\/roveyayinevi.com.tr\/index.php\/wp-json\/wp\/v2\/product_cat?post=743693"},{"taxonomy":"product_tag","embeddable":true,"href":"https:\/\/roveyayinevi.com.tr\/index.php\/wp-json\/wp\/v2\/product_tag?post=743693"}],"curies":[{"name":"wp","href":"https:\/\/api.w.org\/{rel}","templated":true}]}}