{"id":743692,"date":"2025-08-28T01:40:27","date_gmt":"2025-08-27T22:40:27","guid":{"rendered":"https:\/\/roveyayinevi.com.tr\/index.php\/urun\/hayal-ruzgarlari\/"},"modified":"2026-04-16T02:54:54","modified_gmt":"2026-04-15T23:54:54","slug":"hayal-ruzgarlari","status":"publish","type":"product","link":"https:\/\/roveyayinevi.com.tr\/index.php\/urun\/hayal-ruzgarlari\/","title":{"rendered":"Hayal R\u00fczgarlar\u0131"},"content":{"rendered":"<p>Ege sular\u0131nda bar\u0131\u015f\u0131 arayan hayal r\u00fczg\u00e2rlar\u0131&#8230;Mehmet Atilla, mutlak bar\u0131\u015f\u0131n k\u0131r\u0131lgan ger\u00e7ekli\u011fine vurgu yapt\u0131\u011f\u0131 Hayal R\u00fczg\u00e2rlar\u0131&#8217;nda, sevginin ve karde\u015fli\u011fin egemen olaca\u011f\u0131 \u00e7ok daha mutlu bir gelecek hayaliyle tek y\u00fcrek olan bir grup T\u00fcrkiyeli ve Yunanistanl\u0131 \u00e7ocu\u011fun hakl\u0131 m\u00fccadelesini s\u00f6zc\u00fcklere d\u00f6k\u00fcyor.&#8221;Bar\u0131\u015f kendili\u011finden olu\u015fmaz, onu \u00fcretmek gerekir,&#8221; g\u00f6r\u00fc\u015f\u00fcnden yola \u00e7\u0131karak d\u00fcnya bar\u0131\u015f\u0131 ve huzuru konusunda bu kez \u00e7ocuklar\u0131n s\u00f6yleyeceklerine kulak vermeye \u00e7a\u011f\u0131ran yazar, \u00fcmitsiz ya\u015fanmayaca\u011f\u0131n\u0131 ve hedefe ula\u015fmak i\u00e7in \u00e7aba sarf edilmesi gerekti\u011fini hat\u0131rlat\u0131yor. Ege sular\u0131nda devam eden \u00e7eyrek y\u00fczy\u0131ll\u0131k bir siyasi gerginli\u011fe bar\u0131\u015f\u00e7\u0131l bir dokunu\u015fta bulunan roman, hayallerin ger\u00e7ekle kesi\u015fti\u011fi g\u00fc\u00e7l\u00fc kurgusuyla sava\u015f\u0131n toplum ve \u00e7ocuklar\u0131n \u00fczerindeki etkileri hakk\u0131nda d\u00fc\u015f\u00fcnd\u00fcr\u00fcyor.Askerler, silahlar, bombalar&#8230;Bu \u00fc\u00e7\u00fc g\u00fcn y\u00fcz\u00fcne \u00e7\u0131kt\u0131ysa e\u011fer, her an bir sava\u015f patlak verebilir!Peki, yeti\u015fkinlerin d\u00fcnyas\u0131 anla\u015fma ya da sava\u015f \u00fcst\u00fcne kuruluyken, neden \u00fc\u00e7\u00fcnc\u00fc bir yol yok?Yoksa var m\u0131? \u00c7ocuklar\u0131n \u00f6zg\u00fcrce savurdu\u011fu hayal r\u00fczg\u00e2rlar\u0131 engel olabilir mi denizden y\u00fckselen sava\u015f \u00e7\u0131\u011f\u0131rtkanl\u0131\u011f\u0131na?Meltem, Poyraz, Bora bizim k\u0131y\u0131lardan; Tifonas, Notos ve Anemos ise kar\u015f\u0131 adalardan yola koyuluyor. Her biri ayr\u0131 bir r\u00fczg\u00e2r. Tek nefes olacaklar\u0131 yerse Kardak Kayal\u0131klar\u0131. Hayalleri ortak: sava\u015f olas\u0131l\u0131\u011f\u0131n\u0131 engelleyip daimi bar\u0131\u015f\u0131 sa\u011flamak. Bu u\u011furda kar\u015f\u0131lar\u0131na \u00e7\u0131kacak engeller olsa da vazge\u00e7meye hi\u00e7 niyetleri yok. \u00dcstelik teknolojinin mucizesi hologramlar, g\u00fc\u00e7lerine g\u00fc\u00e7 katmak i\u00e7in yan\u0131 ba\u015flar\u0131nda&#8230; Ezbere bir sava\u015f kar\u015f\u0131tl\u0131\u011f\u0131 yerine kararl\u0131 bir bar\u0131\u015fseverli\u011fi g\u00fcndemine alan Hayal R\u00fczg\u00e2rlar\u0131, gelece\u011fin d\u00fcnyas\u0131n\u0131 g\u00fcn\u00fcm\u00fcz \u00e7ocuklar\u0131n\u0131n kuraca\u011f\u0131 ger\u00e7e\u011fi \u00fcst\u00fcne dima\u011f\u0131m\u0131zda yer edecek bir dayan\u0131\u015fma \u00f6yk\u00fcs\u00fc.<\/p>\n","protected":false},"excerpt":{"rendered":"<p>Ege sular\u0131nda bar\u0131\u015f\u0131 arayan hayal r\u00fczg\u00e2rlar\u0131&#8230;Mehmet Atilla, mutlak bar\u0131\u015f\u0131n k\u0131r\u0131lgan ger\u00e7ekli\u011fine vurgu yapt\u0131\u011f\u0131 Hayal R\u00fczg\u00e2rlar\u0131&#8217;nda, sevginin ve karde\u015fli\u011fin egemen olaca\u011f\u0131 \u00e7ok daha mutlu bir gelecek hayaliyle<span class=\"excerpt-hellip\"> [\u2026]<\/span><\/p>\n","protected":false},"featured_media":0,"template":"","meta":{"_monsterinsights_skip_tracking":false,"_monsterinsights_sitenote_active":false,"_monsterinsights_sitenote_note":"","_monsterinsights_sitenote_category":0},"product_brand":[],"product_cat":[12689,12274],"product_tag":[],"class_list":{"0":"post-743692","1":"product","2":"type-product","3":"status-publish","5":"product_cat-cizgi-roman-cocuk-ve-genclik-kitaplari","6":"product_cat-cocuk-ve-genclik-kitaplari","7":"pa_cilt-ciltsiz","8":"pa_tur-kitap","9":"pa_yayinevi-tudem-yayinlari","10":"pa_yazar-mehmet-atilla","12":"first","13":"instock","14":"sale","15":"shipping-taxable","16":"purchasable","17":"product-type-simple"},"_links":{"self":[{"href":"https:\/\/roveyayinevi.com.tr\/index.php\/wp-json\/wp\/v2\/product\/743692","targetHints":{"allow":["GET"]}}],"collection":[{"href":"https:\/\/roveyayinevi.com.tr\/index.php\/wp-json\/wp\/v2\/product"}],"about":[{"href":"https:\/\/roveyayinevi.com.tr\/index.php\/wp-json\/wp\/v2\/types\/product"}],"wp:attachment":[{"href":"https:\/\/roveyayinevi.com.tr\/index.php\/wp-json\/wp\/v2\/media?parent=743692"}],"wp:term":[{"taxonomy":"product_brand","embeddable":true,"href":"https:\/\/roveyayinevi.com.tr\/index.php\/wp-json\/wp\/v2\/product_brand?post=743692"},{"taxonomy":"product_cat","embeddable":true,"href":"https:\/\/roveyayinevi.com.tr\/index.php\/wp-json\/wp\/v2\/product_cat?post=743692"},{"taxonomy":"product_tag","embeddable":true,"href":"https:\/\/roveyayinevi.com.tr\/index.php\/wp-json\/wp\/v2\/product_tag?post=743692"}],"curies":[{"name":"wp","href":"https:\/\/api.w.org\/{rel}","templated":true}]}}