{"id":743690,"date":"2025-08-28T01:40:24","date_gmt":"2025-08-27T22:40:24","guid":{"rendered":"https:\/\/roveyayinevi.com.tr\/index.php\/urun\/garam\/"},"modified":"2026-04-16T02:54:54","modified_gmt":"2026-04-15T23:54:54","slug":"garam","status":"publish","type":"product","link":"https:\/\/roveyayinevi.com.tr\/index.php\/urun\/garam\/","title":{"rendered":"Garam"},"content":{"rendered":"<p>Sonra ne oldu? \u0130nsan, ona \u00f6\u011fretilen yalan\u0131 ya\u015famak i\u00e7in yeni yalanlar yazd\u0131. Yalandan bir hayat\u0131n i\u00e7ine kendini \u00f6nemlice koydu. Esnemeyi yads\u0131m\u0131\u015f, Tanr\u0131s\u0131z bir dinin kural\u0131n\u0131 i\u015fler k\u0131ld\u0131k\u00e7a kendini \u00f6nemden sayd\u0131. Sevdi insan yalan\u0131 ve yalanmay\u0131&#8230; Kimileri buna \u00f6m\u00fcr kimileri vecibe dedi. \u0130\u00e7imden hep \u201cUyanmal\u0131y\u0131m\u201d duas\u0131n\u0131 say\u0131klam\u0131\u015f\u0131m. Belli ki h\u00e2l\u00e2 tuhaf bir uykuday\u0131m.<\/p>\n","protected":false},"excerpt":{"rendered":"<p>Sonra ne oldu? \u0130nsan, ona \u00f6\u011fretilen yalan\u0131 ya\u015famak i\u00e7in yeni yalanlar yazd\u0131. Yalandan bir hayat\u0131n i\u00e7ine kendini \u00f6nemlice koydu. Esnemeyi yads\u0131m\u0131\u015f, Tanr\u0131s\u0131z bir dinin kural\u0131n\u0131 i\u015fler<span class=\"excerpt-hellip\"> [\u2026]<\/span><\/p>\n","protected":false},"featured_media":0,"template":"","meta":{"_monsterinsights_skip_tracking":false,"_monsterinsights_sitenote_active":false,"_monsterinsights_sitenote_note":"","_monsterinsights_sitenote_category":0},"product_brand":[],"product_cat":[12291,12509],"product_tag":[],"class_list":{"0":"post-743690","1":"product","2":"type-product","3":"status-publish","5":"product_cat-edebiyat","6":"product_cat-siir","7":"pa_cilt-ciltsiz","8":"pa_tur-kitap","9":"pa_yayinevi-inkilap-kitabevi","10":"pa_yazar-jehan-barbur","12":"first","13":"instock","14":"sale","15":"shipping-taxable","16":"purchasable","17":"product-type-simple"},"_links":{"self":[{"href":"https:\/\/roveyayinevi.com.tr\/index.php\/wp-json\/wp\/v2\/product\/743690","targetHints":{"allow":["GET"]}}],"collection":[{"href":"https:\/\/roveyayinevi.com.tr\/index.php\/wp-json\/wp\/v2\/product"}],"about":[{"href":"https:\/\/roveyayinevi.com.tr\/index.php\/wp-json\/wp\/v2\/types\/product"}],"wp:attachment":[{"href":"https:\/\/roveyayinevi.com.tr\/index.php\/wp-json\/wp\/v2\/media?parent=743690"}],"wp:term":[{"taxonomy":"product_brand","embeddable":true,"href":"https:\/\/roveyayinevi.com.tr\/index.php\/wp-json\/wp\/v2\/product_brand?post=743690"},{"taxonomy":"product_cat","embeddable":true,"href":"https:\/\/roveyayinevi.com.tr\/index.php\/wp-json\/wp\/v2\/product_cat?post=743690"},{"taxonomy":"product_tag","embeddable":true,"href":"https:\/\/roveyayinevi.com.tr\/index.php\/wp-json\/wp\/v2\/product_tag?post=743690"}],"curies":[{"name":"wp","href":"https:\/\/api.w.org\/{rel}","templated":true}]}}