{"id":743689,"date":"2025-08-28T01:40:23","date_gmt":"2025-08-27T22:40:23","guid":{"rendered":"https:\/\/roveyayinevi.com.tr\/index.php\/urun\/iste-bunlar-hep-mitoloji\/"},"modified":"2026-04-16T02:54:54","modified_gmt":"2026-04-15T23:54:54","slug":"iste-bunlar-hep-mitoloji","status":"publish","type":"product","link":"https:\/\/roveyayinevi.com.tr\/index.php\/urun\/iste-bunlar-hep-mitoloji\/","title":{"rendered":"\u0130\u015fte Bunlar Hep Mitoloji"},"content":{"rendered":"<p>\u0130\u015fte Bunlar Hep Mitoloji\u2019ye ho\u015f geldin!Elindeki kitap, mitoloji d\u00fcnyas\u0131na ve b\u00fcy\u00fcleyici hik\u00e2yelere giri\u015f biletin!M\u0131s\u0131r\u2019\u0131n her \u015feye g\u00fcc\u00fc yeten tanr\u0131lar\u0131yla, Eski Yunan\u2019\u0131n kudretli Titanlar\u0131yla ve birbirinden gizemli canavarlar, yarat\u0131klar, vampirlerle tan\u0131\u015f. Gizemli Atlantis adas\u0131n\u0131 ziyaret et. \u00d6nce g\u00f6klere y\u00fcksel sonra \u00fcrk\u00fct\u00fcc\u00fc yeralt\u0131 d\u00fcnyas\u0131na in. Tabii cesaretin varsa! 8 dile \u00e7evrilen ve yay\u0131mland\u0131\u011f\u0131 \u00fclkelerde b\u00fcy\u00fck ilgi g\u00f6ren \u201c\u0130\u015fte Bunlar Hep\u2026&#8221; serisinin d\u00f6rd\u00fcnc\u00fc kitab\u0131 \u0130\u015eTE BUNLAR HEP M\u0130TOLOJ\u0130, \u00e7ocuklar\u0131 (9 ya\u015f \u00fcst\u00fc) kahramanlara yara\u015f\u0131r bir yolculu\u011fa \u00e7\u0131kar\u0131yor. Hem kendilerini ke\u015ffedecekleri hem de d\u00fcnyay\u0131 daha iyi anlayacaklar\u0131 bir yolculuk bu.  (Tan\u0131t\u0131m B\u00fclteninden)\u0130\u015fte Bunlar Hep Mitoloji\u2019ye ho\u015f geldin!Elindeki kitap, mitoloji d\u00fcnyas\u0131na ve b\u00fcy\u00fcleyici hik\u00e2yelere giri\u015f biletin!M\u0131s\u0131r\u2019\u0131n her \u015feye g\u00fcc\u00fc yeten tanr\u0131lar\u0131yla, Eski Yunan\u2019\u0131n kudretli Titanlar\u0131yla ve birbirinden gizemli canavarlar, yarat\u0131klar, vampirlerle tan\u0131\u015f. Gizemli Atlantis adas\u0131n\u0131 ziyaret et. \u00d6nce g\u00f6klere y\u00fcksel sonra \u00fcrk\u00fct\u00fcc\u00fc yeralt\u0131 d\u00fcnyas\u0131na in. Tabii cesaretin varsa! 8 dile \u00e7evrilen ve yay\u0131mland\u0131\u011f\u0131 \u00fclkelerde b\u00fcy\u00fck ilgi g\u00f6ren \u201c\u0130\u015fte Bunlar Hep\u2026&#8221; serisinin d\u00f6rd\u00fcnc\u00fc kitab\u0131 \u0130\u015eTE BUNLAR HEP M\u0130TOLOJ\u0130, \u00e7ocuklar\u0131 (9 ya\u015f \u00fcst\u00fc) kahramanlara yara\u015f\u0131r bir yolculu\u011fa \u00e7\u0131kar\u0131yor. Hem kendilerini ke\u015ffedecekleri hem de d\u00fcnyay\u0131 daha iyi anlayacaklar\u0131 bir yolculuk bu.  (Tan\u0131t\u0131m B\u00fclteninden) \u0130\u015fte Bunlar Hep Mitoloji\u2019ye ho\u015f geldin!Elindeki kitap, mitoloji d\u00fcnyas\u0131na ve b\u00fcy\u00fcleyici hik\u00e2yelere giri\u015f biletin!M\u0131s\u0131r\u2019\u0131n her \u015feye g\u00fcc\u00fc yeten tanr\u0131lar\u0131yla, Eski Yunan\u2019\u0131n kudretli Titanlar\u0131yla ve birbirinden gizemli canavarlar, yarat\u0131klar, vampirlerle tan\u0131\u015f. Gizemli Atlantis adas\u0131n\u0131 ziyaret et. \u00d6nce g\u00f6klere y\u00fcksel sonra \u00fcrk\u00fct\u00fcc\u00fc yeralt\u0131 d\u00fcnyas\u0131na in. Tabii cesaretin varsa! 8 dile \u00e7evrilen ve yay\u0131mland\u0131\u011f\u0131 \u00fclkelerde b\u00fcy\u00fck ilgi g\u00f6ren \u201c\u0130\u015fte Bunlar Hep\u2026&#8221; serisinin d\u00f6rd\u00fcnc\u00fc kitab\u0131 \u0130\u015eTE BUNLAR HEP M\u0130TOLOJ\u0130, \u00e7ocuklar\u0131 (9 ya\u015f \u00fcst\u00fc) kahramanlara yara\u015f\u0131r bir yolculu\u011fa \u00e7\u0131kar\u0131yor. Hem kendilerini ke\u015ffedecekleri hem de d\u00fcnyay\u0131 daha iyi anlayacaklar\u0131 bir yolculuk bu. (Tan\u0131t\u0131m B\u00fclteninden)<\/p>\n","protected":false},"excerpt":{"rendered":"<p>\u0130\u015fte Bunlar Hep Mitoloji\u2019ye ho\u015f geldin!Elindeki kitap, mitoloji d\u00fcnyas\u0131na ve b\u00fcy\u00fcleyici hik\u00e2yelere giri\u015f biletin!M\u0131s\u0131r\u2019\u0131n her \u015feye g\u00fcc\u00fc yeten tanr\u0131lar\u0131yla, Eski Yunan\u2019\u0131n kudretli Titanlar\u0131yla ve birbirinden gizemli<span class=\"excerpt-hellip\"> [\u2026]<\/span><\/p>\n","protected":false},"featured_media":0,"template":"","meta":{"_monsterinsights_skip_tracking":false,"_monsterinsights_sitenote_active":false,"_monsterinsights_sitenote_note":"","_monsterinsights_sitenote_category":0},"product_brand":[],"product_cat":[13829,12274],"product_tag":[],"class_list":{"0":"post-743689","1":"product","2":"type-product","3":"status-publish","5":"product_cat-bilimsel-kitaplar","6":"product_cat-cocuk-ve-genclik-kitaplari","7":"pa_cilt-ciltsiz","8":"pa_tur-kitap","9":"pa_yayinevi-domingo-yayinevi","10":"pa_yazar-malcolm-croft","12":"first","13":"instock","14":"sale","15":"shipping-taxable","16":"purchasable","17":"product-type-simple"},"_links":{"self":[{"href":"https:\/\/roveyayinevi.com.tr\/index.php\/wp-json\/wp\/v2\/product\/743689","targetHints":{"allow":["GET"]}}],"collection":[{"href":"https:\/\/roveyayinevi.com.tr\/index.php\/wp-json\/wp\/v2\/product"}],"about":[{"href":"https:\/\/roveyayinevi.com.tr\/index.php\/wp-json\/wp\/v2\/types\/product"}],"wp:attachment":[{"href":"https:\/\/roveyayinevi.com.tr\/index.php\/wp-json\/wp\/v2\/media?parent=743689"}],"wp:term":[{"taxonomy":"product_brand","embeddable":true,"href":"https:\/\/roveyayinevi.com.tr\/index.php\/wp-json\/wp\/v2\/product_brand?post=743689"},{"taxonomy":"product_cat","embeddable":true,"href":"https:\/\/roveyayinevi.com.tr\/index.php\/wp-json\/wp\/v2\/product_cat?post=743689"},{"taxonomy":"product_tag","embeddable":true,"href":"https:\/\/roveyayinevi.com.tr\/index.php\/wp-json\/wp\/v2\/product_tag?post=743689"}],"curies":[{"name":"wp","href":"https:\/\/api.w.org\/{rel}","templated":true}]}}