{"id":743688,"date":"2025-08-28T01:40:22","date_gmt":"2025-08-27T22:40:22","guid":{"rendered":"https:\/\/roveyayinevi.com.tr\/index.php\/urun\/iste-bunlar-hep-bilim\/"},"modified":"2026-04-16T02:54:54","modified_gmt":"2026-04-15T23:54:54","slug":"iste-bunlar-hep-bilim","status":"publish","type":"product","link":"https:\/\/roveyayinevi.com.tr\/index.php\/urun\/iste-bunlar-hep-bilim\/","title":{"rendered":"\u0130\u015fte Bunlar Hep Bilim"},"content":{"rendered":"<p>\u0130\u015eTE BUNLAR HEP B\u0130L\u0130M, kitap s\u00fcs\u00fc verilmi\u015f \u00e7\u0131lg\u0131n bir bilim panay\u0131r\u0131.   Dans eden kibritler, patates delen pipetler, b\u00fck\u00fclebilen \u0131\u015f\u0131k, s\u0131cak buz ve daha onlarca \u00f6\u011frenmesi kolay, unutmas\u0131 ise neredeyse imk\u00e2ns\u0131z bilim numaras\u0131. Bilimin s\u0131n\u0131flarla k\u0131s\u0131tl\u0131 kalamayacak kadar haval\u0131 bir mevzu oldu\u011funu bilen merakl\u0131 beyinlere, \u0130\u015fte Bunlar Hep Bilim takdimimizdir.   8 dile \u00e7evrilen ve yay\u0131mland\u0131\u011f\u0131 \u00fclkelerde b\u00fcy\u00fck ilgi g\u00f6ren \u201c\u0130\u015eTE BUNLAR HEP\u2026\u201d serisinin ikinci kitab\u0131.<\/p>\n","protected":false},"excerpt":{"rendered":"<p>\u0130\u015eTE BUNLAR HEP B\u0130L\u0130M, kitap s\u00fcs\u00fc verilmi\u015f \u00e7\u0131lg\u0131n bir bilim panay\u0131r\u0131. Dans eden kibritler, patates delen pipetler, b\u00fck\u00fclebilen \u0131\u015f\u0131k, s\u0131cak buz ve daha onlarca \u00f6\u011frenmesi kolay,<span class=\"excerpt-hellip\"> [\u2026]<\/span><\/p>\n","protected":false},"featured_media":0,"template":"","meta":{"_monsterinsights_skip_tracking":false,"_monsterinsights_sitenote_active":false,"_monsterinsights_sitenote_note":"","_monsterinsights_sitenote_category":0},"product_brand":[],"product_cat":[13829,12274],"product_tag":[],"class_list":{"0":"post-743688","1":"product","2":"type-product","3":"status-publish","5":"product_cat-bilimsel-kitaplar","6":"product_cat-cocuk-ve-genclik-kitaplari","7":"pa_cilt-ciltsiz","8":"pa_tur-kitap","9":"pa_yayinevi-domingo-yayinevi","10":"pa_yazar-daniel-tatarsky","12":"first","13":"instock","14":"sale","15":"shipping-taxable","16":"purchasable","17":"product-type-simple"},"_links":{"self":[{"href":"https:\/\/roveyayinevi.com.tr\/index.php\/wp-json\/wp\/v2\/product\/743688","targetHints":{"allow":["GET"]}}],"collection":[{"href":"https:\/\/roveyayinevi.com.tr\/index.php\/wp-json\/wp\/v2\/product"}],"about":[{"href":"https:\/\/roveyayinevi.com.tr\/index.php\/wp-json\/wp\/v2\/types\/product"}],"wp:attachment":[{"href":"https:\/\/roveyayinevi.com.tr\/index.php\/wp-json\/wp\/v2\/media?parent=743688"}],"wp:term":[{"taxonomy":"product_brand","embeddable":true,"href":"https:\/\/roveyayinevi.com.tr\/index.php\/wp-json\/wp\/v2\/product_brand?post=743688"},{"taxonomy":"product_cat","embeddable":true,"href":"https:\/\/roveyayinevi.com.tr\/index.php\/wp-json\/wp\/v2\/product_cat?post=743688"},{"taxonomy":"product_tag","embeddable":true,"href":"https:\/\/roveyayinevi.com.tr\/index.php\/wp-json\/wp\/v2\/product_tag?post=743688"}],"curies":[{"name":"wp","href":"https:\/\/api.w.org\/{rel}","templated":true}]}}