{"id":743687,"date":"2025-08-28T01:40:21","date_gmt":"2025-08-27T22:40:21","guid":{"rendered":"https:\/\/roveyayinevi.com.tr\/index.php\/urun\/dunya-masallari\/"},"modified":"2025-11-21T08:20:43","modified_gmt":"2025-11-21T05:20:43","slug":"dunya-masallari","status":"publish","type":"product","link":"https:\/\/roveyayinevi.com.tr\/index.php\/urun\/dunya-masallari\/","title":{"rendered":"D\u00fcnya Masallar\u0131"},"content":{"rendered":"<p>\u201cBana masal anlat\u0131r m\u0131s\u0131n?\u201d   \u00c7ocuklar\u0131n hayal d\u00fcnyalar\u0131 gibi s\u0131n\u0131rs\u0131z geni\u015flikte olan masallar\u0131n vazge\u00e7ilmez olmas\u0131na \u015fa\u015fmamal\u0131! Kocaman devler, \u00e7antaya s\u0131\u011fan c\u00fcceler, \u00fclkeden \u00fclkeye haber ta\u015f\u0131yan r\u00fczg\u00e2rlar, dilekleri ger\u00e7ekle\u015ftiren nineler, kahramanlara yard\u0131m eden dedeler, parlak ta\u015flar, u\u00e7an evler, konu\u015fan da\u011flar, lezzetli sular\u2026 Hepsi bir m\u00fczik par\u00e7as\u0131n\u0131n notalar\u0131 gibi yan yana dizilip masallar\u0131n unutulmaz uyumunu, \u201cBana masal anlat\u0131r m\u0131s\u0131n?\u201d diyen \u00e7ocuklar\u0131n kalbine ta\u015f\u0131r.   Bu kitap, d\u00fcnyan\u0131n farkl\u0131 k\u00fclt\u00fcrlerinden 66 masal\u0131 sizlerle tan\u0131\u015ft\u0131r\u0131yor. E\u011flenceli, unutulmaz maceralarla dolu, \u00e7ocuklar\u0131n yeniden anlatabilecekleri sadelikte olan masallar, ayn\u0131 zamanda farkl\u0131 k\u00fclt\u00fcrleri tan\u0131ma f\u0131rsat\u0131 da sa\u011fl\u0131yor.   Uykudan \u00f6nce ya da uykudan sonra, masallar\u0131n renkli d\u00fcnyas\u0131na davetlisiniz! <\/p>\n","protected":false},"excerpt":{"rendered":"<p>\u201cBana masal anlat\u0131r m\u0131s\u0131n?\u201d \u00c7ocuklar\u0131n hayal d\u00fcnyalar\u0131 gibi s\u0131n\u0131rs\u0131z geni\u015flikte olan masallar\u0131n vazge\u00e7ilmez olmas\u0131na \u015fa\u015fmamal\u0131! Kocaman devler, \u00e7antaya s\u0131\u011fan c\u00fcceler, \u00fclkeden \u00fclkeye haber ta\u015f\u0131yan r\u00fczg\u00e2rlar, dilekleri<span class=\"excerpt-hellip\"> [\u2026]<\/span><\/p>\n","protected":false},"featured_media":0,"template":"","meta":{"_monsterinsights_skip_tracking":false,"_monsterinsights_sitenote_active":false,"_monsterinsights_sitenote_note":"","_monsterinsights_sitenote_category":0},"product_brand":[],"product_cat":[12274,12523],"product_tag":[],"class_list":{"0":"post-743687","1":"product","2":"type-product","3":"status-publish","5":"product_cat-cocuk-ve-genclik-kitaplari","6":"product_cat-masallar","7":"pa_cilt-ciltsiz","8":"pa_tur-kitap","9":"pa_yayinevi-turkuvaz-kitap","10":"pa_yazar-anonim","12":"first","13":"instock","14":"sale","15":"shipping-taxable","16":"purchasable","17":"product-type-simple"},"_links":{"self":[{"href":"https:\/\/roveyayinevi.com.tr\/index.php\/wp-json\/wp\/v2\/product\/743687","targetHints":{"allow":["GET"]}}],"collection":[{"href":"https:\/\/roveyayinevi.com.tr\/index.php\/wp-json\/wp\/v2\/product"}],"about":[{"href":"https:\/\/roveyayinevi.com.tr\/index.php\/wp-json\/wp\/v2\/types\/product"}],"wp:attachment":[{"href":"https:\/\/roveyayinevi.com.tr\/index.php\/wp-json\/wp\/v2\/media?parent=743687"}],"wp:term":[{"taxonomy":"product_brand","embeddable":true,"href":"https:\/\/roveyayinevi.com.tr\/index.php\/wp-json\/wp\/v2\/product_brand?post=743687"},{"taxonomy":"product_cat","embeddable":true,"href":"https:\/\/roveyayinevi.com.tr\/index.php\/wp-json\/wp\/v2\/product_cat?post=743687"},{"taxonomy":"product_tag","embeddable":true,"href":"https:\/\/roveyayinevi.com.tr\/index.php\/wp-json\/wp\/v2\/product_tag?post=743687"}],"curies":[{"name":"wp","href":"https:\/\/api.w.org\/{rel}","templated":true}]}}